{"id":29670,"date":"2026-02-27T00:07:32","date_gmt":"2026-02-27T00:07:32","guid":{"rendered":"https:\/\/nordicmart.andreevmaster.com\/product\/songmics-kylpyhuonehylly-3-saadettavalla-hyllylla-15-x-60-x-54-cm-kahvinruskea\/"},"modified":"2026-02-27T09:31:46","modified_gmt":"2026-02-27T09:31:46","slug":"songmics-kylpyhuonehylly-3-saadettavalla-hyllylla-15-x-60-x-54-cm-kahvinruskea","status":"publish","type":"product","link":"https:\/\/nordicmart.andreevmaster.com\/fi\/tuote\/songmics-kylpyhuonehylly-3-saadettavalla-hyllylla-15-x-60-x-54-cm-kahvinruskea\/","title":{"rendered":"SONGMICS kylpyhuonehylly 3 s\u00e4\u00e4dett\u00e4v\u00e4ll\u00e4 hyllyll\u00e4 15 x 60 x 54 cm, kahvinruskea"},"content":{"rendered":"<p>SONGMICS kylpyhuonehylly, kylpyhuonehylly, bambuhylly, kasvihylly, 3 s\u00e4\u00e4dett\u00e4v\u00e4\u00e4 hylly\u00e4, sein\u00e4kiinnitys, vapaasti seisova, olohuoneeseen, eteiseen, keitti\u00f6\u00f6n, 15 x 60 x 54 cm, kahvinruskea BCB013K01<br \/>\n&#8211; V\u00e4ri: kahvinruskea<br \/>\n&#8211; Materiaali: bambu<br \/>\n&#8211; Koko: 15 x 60 x 54 cm (S x L x K)<br \/>\n&#8211; Paino: 2,3 kg<br \/>\n&#8211; Maks. staattinen kokonaiskuormitus: 48 kg<\/p>\n","protected":false},"excerpt":{"rendered":"<p>SONGMICS kylpyhuonehylly, kylpyhuonehylly, bambuhylly, kasvihylly, 3 s\u00e4\u00e4dett\u00e4v\u00e4\u00e4 hylly\u00e4, sein\u00e4kiinnitys, vapaasti seisova, olohuoneeseen, eteiseen, keitti\u00f6\u00f6n, 15 x 60 x 54 cm, kahvinruskea BCB013K01<\/p>\n","protected":false},"featured_media":39099,"comment_status":"open","ping_status":"closed","template":"","meta":[],"product_brand":[],"product_cat":[32],"product_tag":[],"class_list":{"0":"post-29670","1":"product","2":"type-product","3":"status-publish","4":"has-post-thumbnail","6":"product_cat-uncategorized-fi","8":"first","9":"instock","10":"shipping-taxable","11":"purchasable","12":"product-type-simple"},"_links":{"self":[{"href":"https:\/\/nordicmart.andreevmaster.com\/fi\/wp-json\/wp\/v2\/product\/29670","targetHints":{"allow":["GET"]}}],"collection":[{"href":"https:\/\/nordicmart.andreevmaster.com\/fi\/wp-json\/wp\/v2\/product"}],"about":[{"href":"https:\/\/nordicmart.andreevmaster.com\/fi\/wp-json\/wp\/v2\/types\/product"}],"replies":[{"embeddable":true,"href":"https:\/\/nordicmart.andreevmaster.com\/fi\/wp-json\/wp\/v2\/comments?post=29670"}],"wp:featuredmedia":[{"embeddable":true,"href":"https:\/\/nordicmart.andreevmaster.com\/fi\/wp-json\/wp\/v2\/media\/39099"}],"wp:attachment":[{"href":"https:\/\/nordicmart.andreevmaster.com\/fi\/wp-json\/wp\/v2\/media?parent=29670"}],"wp:term":[{"taxonomy":"product_brand","embeddable":true,"href":"https:\/\/nordicmart.andreevmaster.com\/fi\/wp-json\/wp\/v2\/product_brand?post=29670"},{"taxonomy":"product_cat","embeddable":true,"href":"https:\/\/nordicmart.andreevmaster.com\/fi\/wp-json\/wp\/v2\/product_cat?post=29670"},{"taxonomy":"product_tag","embeddable":true,"href":"https:\/\/nordicmart.andreevmaster.com\/fi\/wp-json\/wp\/v2\/product_tag?post=29670"}],"curies":[{"name":"wp","href":"https:\/\/api.w.org\/{rel}","templated":true}]}}