{"id":29669,"date":"2026-02-27T00:07:32","date_gmt":"2026-02-27T00:07:32","guid":{"rendered":"https:\/\/nordicmart.andreevmaster.com\/product\/songmics-kylpyhuoneen-kaappi-jossa-on-3-avointa-lokeroa\/"},"modified":"2026-02-27T09:31:46","modified_gmt":"2026-02-27T09:31:46","slug":"songmics-kylpyhuoneen-kaappi-jossa-on-3-avointa-lokeroa","status":"publish","type":"product","link":"https:\/\/nordicmart.andreevmaster.com\/fi\/tuote\/songmics-kylpyhuoneen-kaappi-jossa-on-3-avointa-lokeroa\/","title":{"rendered":"SONGMICS kylpyhuoneen kaappi, jossa on 3 avointa lokeroa"},"content":{"rendered":"<p>Monipuoliset s\u00e4ilytysmahdollisuudet: Hoitoaineet ja kylpysuola mahtuvat t\u00e4ydellisesti avoimiin hyllytasoihin. Puhdistusaineet ja muut esineet on parempi piilottaa kaksoisovien taakse. Aseta lis\u00e4ksi tuoksukynttil\u00e4 ylimm\u00e4lle hyllylle luomaan kylpyhuoneeseesi romanttinen tunnelma. Todellinen monipuolinen tuote: enemm\u00e4n kuin vain kylpyhuoneen kaappi! T\u00e4m\u00e4 huonekalu sopii my\u00f6s keitti\u00f6\u00f6n mikroaaltouunin ja kattiloiden s\u00e4ilytt\u00e4miseen sek\u00e4 olohuoneeseen kirjojen ja valokuvakehysten sijoittamiseen. Tai k\u00e4yt\u00e4 t\u00e4t\u00e4 kaappia eteisess\u00e4 avainten ja lompakoiden s\u00e4ilytt\u00e4miseen k\u00e4den ulottuvilla. Mik\u00e4 on suunnitelmasi? Tuotetiedot: V\u00e4ri: valkoinen Materiaali: bambu, MDF (keskitihe\u00e4 kuitulevy) Koko: 70 x 30 x 120 cm (P x L x K) Paino: 16,3 kg Maks. staattinen kantavuus tasoa kohti: 15 kg Maks. staattinen kantavuus alakaapissa: 20 kg<\/p>\n","protected":false},"excerpt":{"rendered":"<p>SONGMICS kylpyhuoneen kaappi, s\u00e4ilytyskaappi, jossa 3 avointa lokeroa ja 2 ovea, bambusta, 70 x 30 x 120 cm, valkoinen BCB010W01<\/p>\n","protected":false},"featured_media":39098,"comment_status":"open","ping_status":"closed","template":"","meta":[],"product_brand":[],"product_cat":[32],"product_tag":[],"class_list":{"0":"post-29669","1":"product","2":"type-product","3":"status-publish","4":"has-post-thumbnail","6":"product_cat-uncategorized-fi","8":"first","9":"instock","10":"shipping-taxable","11":"purchasable","12":"product-type-simple"},"_links":{"self":[{"href":"https:\/\/nordicmart.andreevmaster.com\/fi\/wp-json\/wp\/v2\/product\/29669","targetHints":{"allow":["GET"]}}],"collection":[{"href":"https:\/\/nordicmart.andreevmaster.com\/fi\/wp-json\/wp\/v2\/product"}],"about":[{"href":"https:\/\/nordicmart.andreevmaster.com\/fi\/wp-json\/wp\/v2\/types\/product"}],"replies":[{"embeddable":true,"href":"https:\/\/nordicmart.andreevmaster.com\/fi\/wp-json\/wp\/v2\/comments?post=29669"}],"wp:featuredmedia":[{"embeddable":true,"href":"https:\/\/nordicmart.andreevmaster.com\/fi\/wp-json\/wp\/v2\/media\/39098"}],"wp:attachment":[{"href":"https:\/\/nordicmart.andreevmaster.com\/fi\/wp-json\/wp\/v2\/media?parent=29669"}],"wp:term":[{"taxonomy":"product_brand","embeddable":true,"href":"https:\/\/nordicmart.andreevmaster.com\/fi\/wp-json\/wp\/v2\/product_brand?post=29669"},{"taxonomy":"product_cat","embeddable":true,"href":"https:\/\/nordicmart.andreevmaster.com\/fi\/wp-json\/wp\/v2\/product_cat?post=29669"},{"taxonomy":"product_tag","embeddable":true,"href":"https:\/\/nordicmart.andreevmaster.com\/fi\/wp-json\/wp\/v2\/product_tag?post=29669"}],"curies":[{"name":"wp","href":"https:\/\/api.w.org\/{rel}","templated":true}]}}