{"id":29666,"date":"2026-02-27T00:07:31","date_gmt":"2026-02-27T00:07:31","guid":{"rendered":"https:\/\/nordicmart.andreevmaster.com\/product\/songmics-suihkuhylly-kokonaiskorkeus-80-323-cm-4-tasoa-kyyhkynharmaa\/"},"modified":"2026-02-27T09:31:46","modified_gmt":"2026-02-27T09:31:46","slug":"songmics-suihkuhylly-kokonaiskorkeus-80-323-cm-4-tasoa-kyyhkynharmaa","status":"publish","type":"product","link":"https:\/\/nordicmart.andreevmaster.com\/fi\/tuote\/songmics-suihkuhylly-kokonaiskorkeus-80-323-cm-4-tasoa-kyyhkynharmaa\/","title":{"rendered":"SONGMICS suihkuhylly, kokonaiskorkeus 80\u2013323 cm, 4 tasoa, kyyhkynharmaa"},"content":{"rendered":"<p>SONGMICS suihkuhylly, kylpyhuonehylly, suihkualusta ilman poraamista, kokonaiskorkeus 80\u2013323 cm, 4 tasoa, hyllyn korkeus s\u00e4\u00e4dett\u00e4viss\u00e4, kylpyhuoneeseen, musta BCB003B01<br \/>\nV\u00e4ri: kyyhkynharmaa<br \/>\nMateriaali: ter\u00e4s, PVC-muovi (polyvinyylikloridi)<br \/>\nKoko: 26,7 x 35 x (80-323) cm (S x L x K)<br \/>\nPaino: 3,2 kg<br \/>\nMaks. staattinen kantavuus hylly\u00e4 kohti: 5 kg Toimitus sis\u00e4lt\u00e4\u00e4<br \/>\n1 x suihkuhylly<br \/>\n4 x S-koukku<br \/>\n1 x ripustettava s\u00e4ilytysastia<br \/>\n1 x koukku partakoneelle<br \/>\n3 x itseliimautuva kiinnitysaine<br \/>\n1 x ohjeet<\/p>\n","protected":false},"excerpt":{"rendered":"<p>SONGMICS suihkuhylly, kylpyhuonehylly, suihkualusta ilman poraamista, kokonaiskorkeus 80\u2013323 cm, 4 tasoa, hyllyn korkeus s\u00e4\u00e4dett\u00e4viss\u00e4, kylpyhuoneeseen, musta BCB003B01<\/p>\n","protected":false},"featured_media":39095,"comment_status":"open","ping_status":"closed","template":"","meta":[],"product_brand":[],"product_cat":[32],"product_tag":[],"class_list":{"0":"post-29666","1":"product","2":"type-product","3":"status-publish","4":"has-post-thumbnail","6":"product_cat-uncategorized-fi","8":"first","9":"instock","10":"shipping-taxable","11":"purchasable","12":"product-type-simple"},"_links":{"self":[{"href":"https:\/\/nordicmart.andreevmaster.com\/fi\/wp-json\/wp\/v2\/product\/29666","targetHints":{"allow":["GET"]}}],"collection":[{"href":"https:\/\/nordicmart.andreevmaster.com\/fi\/wp-json\/wp\/v2\/product"}],"about":[{"href":"https:\/\/nordicmart.andreevmaster.com\/fi\/wp-json\/wp\/v2\/types\/product"}],"replies":[{"embeddable":true,"href":"https:\/\/nordicmart.andreevmaster.com\/fi\/wp-json\/wp\/v2\/comments?post=29666"}],"wp:featuredmedia":[{"embeddable":true,"href":"https:\/\/nordicmart.andreevmaster.com\/fi\/wp-json\/wp\/v2\/media\/39095"}],"wp:attachment":[{"href":"https:\/\/nordicmart.andreevmaster.com\/fi\/wp-json\/wp\/v2\/media?parent=29666"}],"wp:term":[{"taxonomy":"product_brand","embeddable":true,"href":"https:\/\/nordicmart.andreevmaster.com\/fi\/wp-json\/wp\/v2\/product_brand?post=29666"},{"taxonomy":"product_cat","embeddable":true,"href":"https:\/\/nordicmart.andreevmaster.com\/fi\/wp-json\/wp\/v2\/product_cat?post=29666"},{"taxonomy":"product_tag","embeddable":true,"href":"https:\/\/nordicmart.andreevmaster.com\/fi\/wp-json\/wp\/v2\/product_tag?post=29666"}],"curies":[{"name":"wp","href":"https:\/\/api.w.org\/{rel}","templated":true}]}}