{"id":29665,"date":"2026-02-27T00:07:31","date_gmt":"2026-02-27T00:07:31","guid":{"rendered":"https:\/\/nordicmart.andreevmaster.com\/product\/songmics-korkeussaadettava-suihkuhylly-4-tasoa-musta\/"},"modified":"2026-02-27T09:31:46","modified_gmt":"2026-02-27T09:31:46","slug":"songmics-korkeussaadettava-suihkuhylly-4-tasoa-musta","status":"publish","type":"product","link":"https:\/\/nordicmart.andreevmaster.com\/fi\/tuote\/songmics-korkeussaadettava-suihkuhylly-4-tasoa-musta\/","title":{"rendered":"SONGMICS korkeuss\u00e4\u00e4dett\u00e4v\u00e4 suihkuhylly, 4 tasoa, musta"},"content":{"rendered":"<p>SONGMICS suihkuhylly, kylpyhuonehylly, suihkualusta ilman poraamista, kokonaiskorkeus 80\u2013323 cm, 4 tasoa, hyllyn korkeus s\u00e4\u00e4dett\u00e4viss\u00e4, kylpyhuoneeseen, musta BCB003B01<br \/>\nV\u00e4ri: musta<br \/>\nMateriaali: ter\u00e4s, PVC-muovi (polyvinyylikloridi)<br \/>\nKoko: 26,7 x 35 x (80\u2013323) cm (S x L x K)<br \/>\nPaino: 3,2 kg<br \/>\nMaks. staattinen kantavuus hylly\u00e4 kohti: 5 kg<\/p>\n","protected":false},"excerpt":{"rendered":"<p>SONGMICS suihkuhylly, kylpyhuonehylly, suihkualusta ilman poraamista, kokonaiskorkeus 80\u2013323 cm, 4 tasoa, hyllyn korkeus s\u00e4\u00e4dett\u00e4viss\u00e4, kylpyhuoneeseen, musta BCB003B01<\/p>\n","protected":false},"featured_media":39094,"comment_status":"open","ping_status":"closed","template":"","meta":[],"product_brand":[],"product_cat":[32],"product_tag":[],"class_list":{"0":"post-29665","1":"product","2":"type-product","3":"status-publish","4":"has-post-thumbnail","6":"product_cat-uncategorized-fi","8":"first","9":"instock","10":"shipping-taxable","11":"purchasable","12":"product-type-simple"},"_links":{"self":[{"href":"https:\/\/nordicmart.andreevmaster.com\/fi\/wp-json\/wp\/v2\/product\/29665","targetHints":{"allow":["GET"]}}],"collection":[{"href":"https:\/\/nordicmart.andreevmaster.com\/fi\/wp-json\/wp\/v2\/product"}],"about":[{"href":"https:\/\/nordicmart.andreevmaster.com\/fi\/wp-json\/wp\/v2\/types\/product"}],"replies":[{"embeddable":true,"href":"https:\/\/nordicmart.andreevmaster.com\/fi\/wp-json\/wp\/v2\/comments?post=29665"}],"wp:featuredmedia":[{"embeddable":true,"href":"https:\/\/nordicmart.andreevmaster.com\/fi\/wp-json\/wp\/v2\/media\/39094"}],"wp:attachment":[{"href":"https:\/\/nordicmart.andreevmaster.com\/fi\/wp-json\/wp\/v2\/media?parent=29665"}],"wp:term":[{"taxonomy":"product_brand","embeddable":true,"href":"https:\/\/nordicmart.andreevmaster.com\/fi\/wp-json\/wp\/v2\/product_brand?post=29665"},{"taxonomy":"product_cat","embeddable":true,"href":"https:\/\/nordicmart.andreevmaster.com\/fi\/wp-json\/wp\/v2\/product_cat?post=29665"},{"taxonomy":"product_tag","embeddable":true,"href":"https:\/\/nordicmart.andreevmaster.com\/fi\/wp-json\/wp\/v2\/product_tag?post=29665"}],"curies":[{"name":"wp","href":"https:\/\/api.w.org\/{rel}","templated":true}]}}