{"id":29664,"date":"2026-02-27T00:07:31","date_gmt":"2026-02-27T00:07:31","guid":{"rendered":"https:\/\/nordicmart.andreevmaster.com\/product\/songmics-suihkuhylly-korkeussaadettava-95-300-cm-ruostumaton-teras-hopea-musta\/"},"modified":"2026-02-27T09:31:46","modified_gmt":"2026-02-27T09:31:46","slug":"songmics-suihkuhylly-korkeussaadettava-95-300-cm-ruostumaton-teras-hopea-musta","status":"publish","type":"product","link":"https:\/\/nordicmart.andreevmaster.com\/fi\/tuote\/songmics-suihkuhylly-korkeussaadettava-95-300-cm-ruostumaton-teras-hopea-musta\/","title":{"rendered":"SONGMICS Suihkuhylly, korkeuss\u00e4\u00e4dett\u00e4v\u00e4 95\u2013300 cm, ruostumaton ter\u00e4s, hopea-musta"},"content":{"rendered":"<p>SONGMICS suihkuhylly, korkeuss\u00e4\u00e4dett\u00e4v\u00e4, ulosvedett\u00e4v\u00e4, kokonaiskorkeus 95\u2013300 cm, ruostumaton ter\u00e4s, 4 tasoa, 3 koukkua, 1 pyyheteline, hopea ja musta BCB002B01<br \/>\nV\u00e4ri: hopea, musta.<br \/>\nMateriaali: ruostumaton ter\u00e4s 304, PP-muovi, ABS, PVC<br \/>\nMitat: 24 x 34 x (95\u2013300) cm (S x L x K)<br \/>\nPaino: 1,7 kg.<br \/>\nKunkin tason suurin staattinen kantavuus: 2 kg<\/p>\n","protected":false},"excerpt":{"rendered":"<p>SONGMICS suihkuhylly, korkeuss\u00e4\u00e4dett\u00e4v\u00e4, ulosvedett\u00e4v\u00e4, kokonaiskorkeus 95\u2013300 cm, ruostumaton ter\u00e4s, 4 tasoa, 3 koukkua, 1 pyyheteline, hopea ja musta BCB002B01<\/p>\n","protected":false},"featured_media":39093,"comment_status":"open","ping_status":"closed","template":"","meta":[],"product_brand":[],"product_cat":[32],"product_tag":[],"class_list":{"0":"post-29664","1":"product","2":"type-product","3":"status-publish","4":"has-post-thumbnail","6":"product_cat-uncategorized-fi","8":"first","9":"instock","10":"shipping-taxable","11":"purchasable","12":"product-type-simple"},"_links":{"self":[{"href":"https:\/\/nordicmart.andreevmaster.com\/fi\/wp-json\/wp\/v2\/product\/29664","targetHints":{"allow":["GET"]}}],"collection":[{"href":"https:\/\/nordicmart.andreevmaster.com\/fi\/wp-json\/wp\/v2\/product"}],"about":[{"href":"https:\/\/nordicmart.andreevmaster.com\/fi\/wp-json\/wp\/v2\/types\/product"}],"replies":[{"embeddable":true,"href":"https:\/\/nordicmart.andreevmaster.com\/fi\/wp-json\/wp\/v2\/comments?post=29664"}],"wp:featuredmedia":[{"embeddable":true,"href":"https:\/\/nordicmart.andreevmaster.com\/fi\/wp-json\/wp\/v2\/media\/39093"}],"wp:attachment":[{"href":"https:\/\/nordicmart.andreevmaster.com\/fi\/wp-json\/wp\/v2\/media?parent=29664"}],"wp:term":[{"taxonomy":"product_brand","embeddable":true,"href":"https:\/\/nordicmart.andreevmaster.com\/fi\/wp-json\/wp\/v2\/product_brand?post=29664"},{"taxonomy":"product_cat","embeddable":true,"href":"https:\/\/nordicmart.andreevmaster.com\/fi\/wp-json\/wp\/v2\/product_cat?post=29664"},{"taxonomy":"product_tag","embeddable":true,"href":"https:\/\/nordicmart.andreevmaster.com\/fi\/wp-json\/wp\/v2\/product_tag?post=29664"}],"curies":[{"name":"wp","href":"https:\/\/api.w.org\/{rel}","templated":true}]}}