{"id":29663,"date":"2026-02-27T00:07:31","date_gmt":"2026-02-27T00:07:31","guid":{"rendered":"https:\/\/nordicmart.andreevmaster.com\/product\/songmics-suihkuhylly-4-hyllya-korkeussaadettava-musta\/"},"modified":"2026-02-27T09:31:45","modified_gmt":"2026-02-27T09:31:45","slug":"songmics-suihkuhylly-4-hyllya-korkeussaadettava-musta","status":"publish","type":"product","link":"https:\/\/nordicmart.andreevmaster.com\/fi\/tuote\/songmics-suihkuhylly-4-hyllya-korkeussaadettava-musta\/","title":{"rendered":"SONGMICS suihkuhylly, 4 hylly\u00e4, korkeuss\u00e4\u00e4dett\u00e4v\u00e4, musta"},"content":{"rendered":"<p>SONGMICS suihkuhylly, 85\u2013305 cm korkeuss\u00e4\u00e4dett\u00e4v\u00e4, kylpyhuonehylly 4 tarjottimella, suihkukulma, poraamista ei tarvita, valkoinen BCB001A<br \/>\nV\u00e4ri: valkoinen<br \/>\nMateriaali: ter\u00e4s, PP-muovi<br \/>\nKoko: 35 x 25 x (85-305) cm (S x L x K)<br \/>\nPaino: 1,6 kg<br \/>\nMaks. staattinen kantavuus per hylly: 2 kg<br \/>\nMaks. staattinen kokonaiskuormitus: 8 kg<\/p>\n","protected":false},"excerpt":{"rendered":"<p>SONGMICS suihkuhylly, 85\u2013305 cm korkeuss\u00e4\u00e4dett\u00e4v\u00e4, kylpyhuonehylly 4 tarjottimella, suihkukulma, poraamista ei tarvita, valkoinen BCB001A<\/p>\n","protected":false},"featured_media":39092,"comment_status":"open","ping_status":"closed","template":"","meta":[],"product_brand":[],"product_cat":[32],"product_tag":[],"class_list":{"0":"post-29663","1":"product","2":"type-product","3":"status-publish","4":"has-post-thumbnail","6":"product_cat-uncategorized-fi","8":"first","9":"instock","10":"shipping-taxable","11":"purchasable","12":"product-type-simple"},"_links":{"self":[{"href":"https:\/\/nordicmart.andreevmaster.com\/fi\/wp-json\/wp\/v2\/product\/29663","targetHints":{"allow":["GET"]}}],"collection":[{"href":"https:\/\/nordicmart.andreevmaster.com\/fi\/wp-json\/wp\/v2\/product"}],"about":[{"href":"https:\/\/nordicmart.andreevmaster.com\/fi\/wp-json\/wp\/v2\/types\/product"}],"replies":[{"embeddable":true,"href":"https:\/\/nordicmart.andreevmaster.com\/fi\/wp-json\/wp\/v2\/comments?post=29663"}],"wp:featuredmedia":[{"embeddable":true,"href":"https:\/\/nordicmart.andreevmaster.com\/fi\/wp-json\/wp\/v2\/media\/39092"}],"wp:attachment":[{"href":"https:\/\/nordicmart.andreevmaster.com\/fi\/wp-json\/wp\/v2\/media?parent=29663"}],"wp:term":[{"taxonomy":"product_brand","embeddable":true,"href":"https:\/\/nordicmart.andreevmaster.com\/fi\/wp-json\/wp\/v2\/product_brand?post=29663"},{"taxonomy":"product_cat","embeddable":true,"href":"https:\/\/nordicmart.andreevmaster.com\/fi\/wp-json\/wp\/v2\/product_cat?post=29663"},{"taxonomy":"product_tag","embeddable":true,"href":"https:\/\/nordicmart.andreevmaster.com\/fi\/wp-json\/wp\/v2\/product_tag?post=29663"}],"curies":[{"name":"wp","href":"https:\/\/api.w.org\/{rel}","templated":true}]}}