{"id":29662,"date":"2026-02-27T00:07:31","date_gmt":"2026-02-27T00:07:31","guid":{"rendered":"https:\/\/nordicmart.andreevmaster.com\/product\/songmics-suihkuhylly-85-305-cm-valkoinen\/"},"modified":"2026-02-27T09:31:45","modified_gmt":"2026-02-27T09:31:45","slug":"songmics-suihkuhylly-85-305-cm-valkoinen","status":"publish","type":"product","link":"https:\/\/nordicmart.andreevmaster.com\/fi\/tuote\/songmics-suihkuhylly-85-305-cm-valkoinen\/","title":{"rendered":"SONGMICS suihkuhylly 85\u2013305 cm valkoinen"},"content":{"rendered":"<p>Kuvaus: Etsitk\u00f6 tapaa, jolla voit vihdoin vapauttaa kylpyammeen reunan suihkutarvikkeista? Haluatko my\u00f6s v\u00e4ltt\u00e4\u00e4 poraamista? Silloin Songmics-teleskooppinen kylpyhuonehylly on ihanteellinen sinulle! Teleskooppikiinnityksen ansiosta se voidaan kiinnitt\u00e4\u00e4 helposti ja tukevasti lattian ja katon v\u00e4liin. Korkeutta voidaan s\u00e4\u00e4t\u00e4\u00e4 3,05 metriin asti. P\u00e4\u00e4tteet ovat vanhasta versiosta poiketen leve\u00e4mm\u00e4t. Ei pelkoa, ett\u00e4 hylly ja sen sis\u00e4lt\u00f6 kaatuvat p\u00e4\u00e4llesi. Hyllyt ovat my\u00f6s vanhasta versiosta poiketen suurempia, ja yksi hylly on varustettu koukulla, joten my\u00f6s pyyhkeet mahtuvat sinne. Kuvitetun ohjeen avulla kiinnitys sujuu nopeasti. Tangot on jauhemaalattu, joten metalli on pysyv\u00e4sti suojattu. Ter\u00e4sputket ovat siksi ruoste- ja korroosionkest\u00e4vi\u00e4. Voit k\u00e4ytt\u00e4\u00e4 hylly\u00e4 huoletta kosteassa kylpyhuoneessa. Tuotetiedot: &#8211; Materiaali: jauhemaalattu ter\u00e4sputki + PP &#8211; Korkeuss\u00e4\u00e4dett\u00e4v\u00e4: 85\u2013305 cm &#8211; Hyllyn mitat: 25, 25, 35 cm (kolmion sivun pituus) &#8211; Paino: 1,6 kg &#8211; Kantavuus: enint\u00e4\u00e4n 3 kg\/hylly Toimitus sis\u00e4lt\u00e4\u00e4:  &#8211; 1 x teleskooppinen kylpyhuonehylly &#8211; 1 x ohjeet (DE, EN, FR, IT, ES)<\/p>\n","protected":false},"excerpt":{"rendered":"<p>SONGMICS suihkuhylly, 85\u2013305 cm korkeuss\u00e4\u00e4dett\u00e4v\u00e4, kylpyhuonehylly 4 tarjottimella, suihkukulma, poraamista ei tarvita, valkoinen BCB001A<\/p>\n","protected":false},"featured_media":39091,"comment_status":"open","ping_status":"closed","template":"","meta":[],"product_brand":[],"product_cat":[32],"product_tag":[],"class_list":{"0":"post-29662","1":"product","2":"type-product","3":"status-publish","4":"has-post-thumbnail","6":"product_cat-uncategorized-fi","8":"first","9":"instock","10":"shipping-taxable","11":"purchasable","12":"product-type-simple"},"_links":{"self":[{"href":"https:\/\/nordicmart.andreevmaster.com\/fi\/wp-json\/wp\/v2\/product\/29662","targetHints":{"allow":["GET"]}}],"collection":[{"href":"https:\/\/nordicmart.andreevmaster.com\/fi\/wp-json\/wp\/v2\/product"}],"about":[{"href":"https:\/\/nordicmart.andreevmaster.com\/fi\/wp-json\/wp\/v2\/types\/product"}],"replies":[{"embeddable":true,"href":"https:\/\/nordicmart.andreevmaster.com\/fi\/wp-json\/wp\/v2\/comments?post=29662"}],"wp:featuredmedia":[{"embeddable":true,"href":"https:\/\/nordicmart.andreevmaster.com\/fi\/wp-json\/wp\/v2\/media\/39091"}],"wp:attachment":[{"href":"https:\/\/nordicmart.andreevmaster.com\/fi\/wp-json\/wp\/v2\/media?parent=29662"}],"wp:term":[{"taxonomy":"product_brand","embeddable":true,"href":"https:\/\/nordicmart.andreevmaster.com\/fi\/wp-json\/wp\/v2\/product_brand?post=29662"},{"taxonomy":"product_cat","embeddable":true,"href":"https:\/\/nordicmart.andreevmaster.com\/fi\/wp-json\/wp\/v2\/product_cat?post=29662"},{"taxonomy":"product_tag","embeddable":true,"href":"https:\/\/nordicmart.andreevmaster.com\/fi\/wp-json\/wp\/v2\/product_tag?post=29662"}],"curies":[{"name":"wp","href":"https:\/\/api.w.org\/{rel}","templated":true}]}}