{"id":29660,"date":"2026-02-27T00:07:31","date_gmt":"2026-02-27T00:07:31","guid":{"rendered":"https:\/\/nordicmart.andreevmaster.com\/product\/songmics-ulostyontyva-kosmetiikkapeili-5x\/"},"modified":"2026-02-27T09:31:45","modified_gmt":"2026-02-27T09:31:45","slug":"songmics-ulostyontyva-kosmetiikkapeili-5x","status":"publish","type":"product","link":"https:\/\/nordicmart.andreevmaster.com\/fi\/tuote\/songmics-ulostyontyva-kosmetiikkapeili-5x\/","title":{"rendered":"SONGMICS Ulosty\u00f6ntyv\u00e4 kosmetiikkapeili (5x)"},"content":{"rendered":"<p>Songmicsin py\u00f6re\u00e4 peili on valmistettu ruostumattomasta ter\u00e4ksest\u00e4 ja messingist\u00e4. Peilin pinta on p\u00e4\u00e4llystetty paksulla kromikerroksella. Vakaa ja kest\u00e4v\u00e4. Kosmetiikkapeili\u00e4 voi k\u00e4\u00e4nt\u00e4\u00e4 360\u00b0, joten se voidaan asettaa mihin tahansa katselukulmaan. Se voidaan asentaa kylpyhuoneeseen tai makuuhuoneeseen vastaamaan erilaisia tarpeita. Se on kaksipuolinen. Toisella puolella on 5-kertainen suurennus, joka k\u00e4ytt\u00e4\u00e4 optisen zoomauksen periaatetta: kuvat suurennetaan, mutta ne eiv\u00e4t v\u00e4\u00e4risty. Suurennuksen ansiosta peili sopii t\u00e4ydellisesti p\u00e4ivitt\u00e4iseen parranajoosi tai meikkaukseesi. Se on hyv\u00e4 apu ihonhoitoon ja puhdistukseen. Huomautukset: &#8211; Peilin ja silmien v\u00e4lisen et\u00e4isyyden tulisi olla enint\u00e4\u00e4n 15 cm, jotta peilikuva on ter\u00e4v\u00e4. &#8211; Tehokkaaseen puhdistukseen k\u00e4yt\u00e4 vain pehme\u00e4\u00e4, kuivaa liinaa (esim. silm\u00e4lasien puhdistusliinaa). \u00c4l\u00e4 k\u00e4yt\u00e4 hankaavia tai kemiallisia puhdistusaineita. Tuotetiedot: &#8211; Materiaali: ruostumaton ter\u00e4s + messinki + lasi &#8211; V\u00e4ri: hopeanhohtoinen &#8211; Peilin halkaisija: 20 cm (8 tuumaa) &#8211; Paksuus: 2,5 cm &#8211; T\u00e4ysin ojennetun varren pituus: 28 cm Toimitus sis\u00e4lt\u00e4\u00e4: &#8211; 1 x kosmetiikkapeili &#8211; 1 x s\u00e4ilytyspussi &#8211; 1 x k\u00e4ytt\u00f6ohje<\/p>\n","protected":false},"excerpt":{"rendered":"<p>SONGMICS 5-kertainen + normaali kosmetiikkapeili 8 tuuman meikkipeili, taitettava partapeili, sein\u00e4peili BBM513<\/p>\n","protected":false},"featured_media":39089,"comment_status":"open","ping_status":"closed","template":"","meta":[],"product_brand":[],"product_cat":[32],"product_tag":[],"class_list":{"0":"post-29660","1":"product","2":"type-product","3":"status-publish","4":"has-post-thumbnail","6":"product_cat-uncategorized-fi","8":"first","9":"instock","10":"shipping-taxable","11":"purchasable","12":"product-type-simple"},"_links":{"self":[{"href":"https:\/\/nordicmart.andreevmaster.com\/fi\/wp-json\/wp\/v2\/product\/29660","targetHints":{"allow":["GET"]}}],"collection":[{"href":"https:\/\/nordicmart.andreevmaster.com\/fi\/wp-json\/wp\/v2\/product"}],"about":[{"href":"https:\/\/nordicmart.andreevmaster.com\/fi\/wp-json\/wp\/v2\/types\/product"}],"replies":[{"embeddable":true,"href":"https:\/\/nordicmart.andreevmaster.com\/fi\/wp-json\/wp\/v2\/comments?post=29660"}],"wp:featuredmedia":[{"embeddable":true,"href":"https:\/\/nordicmart.andreevmaster.com\/fi\/wp-json\/wp\/v2\/media\/39089"}],"wp:attachment":[{"href":"https:\/\/nordicmart.andreevmaster.com\/fi\/wp-json\/wp\/v2\/media?parent=29660"}],"wp:term":[{"taxonomy":"product_brand","embeddable":true,"href":"https:\/\/nordicmart.andreevmaster.com\/fi\/wp-json\/wp\/v2\/product_brand?post=29660"},{"taxonomy":"product_cat","embeddable":true,"href":"https:\/\/nordicmart.andreevmaster.com\/fi\/wp-json\/wp\/v2\/product_cat?post=29660"},{"taxonomy":"product_tag","embeddable":true,"href":"https:\/\/nordicmart.andreevmaster.com\/fi\/wp-json\/wp\/v2\/product_tag?post=29660"}],"curies":[{"name":"wp","href":"https:\/\/api.w.org\/{rel}","templated":true}]}}