{"id":29659,"date":"2026-02-27T00:07:30","date_gmt":"2026-02-27T00:07:30","guid":{"rendered":"https:\/\/nordicmart.andreevmaster.com\/product\/songmics-kaantyva-kosmetiikkapeili-10x\/"},"modified":"2026-02-27T09:31:45","modified_gmt":"2026-02-27T09:31:45","slug":"songmics-kaantyva-kosmetiikkapeili-10x","status":"publish","type":"product","link":"https:\/\/nordicmart.andreevmaster.com\/fi\/tuote\/songmics-kaantyva-kosmetiikkapeili-10x\/","title":{"rendered":"SONGMICS K\u00e4\u00e4ntyv\u00e4 kosmetiikkapeili (10x)"},"content":{"rendered":"<p>Songmicsin py\u00f6re\u00e4 seisomapeili on valmistettu ruostumattomasta ter\u00e4ksest\u00e4 ja messingist\u00e4. Vakaa ja kest\u00e4v\u00e4.  Se on visuaalisesti silmiinpist\u00e4v\u00e4!  Kosmetiikkapeili on laadukkaasti valmistettu, se on vakaa ja siin\u00e4 on suuri  peilipinta. Se voidaan k\u00e4\u00e4nt\u00e4\u00e4 360\u00b0 ja se pysyy paikallaan.  Sit\u00e4 voi k\u00e4ytt\u00e4\u00e4 molemmin puolin. Toisella puolella on 10-kertainen suurennus, joka k\u00e4ytt\u00e4\u00e4 optisen zoom-periaatetta: kuvat suurennetaan, mutta ne eiv\u00e4t v\u00e4\u00e4risty. Suurennuksen ansiosta peili sopii t\u00e4ydellisesti p\u00e4ivitt\u00e4iseen parranajoosi tai meikkaukseesi.  Peili on ihanteellinen valinta kylpyhuoneesi kaunistamiseen ja tekee el\u00e4m\u00e4st\u00e4si miellytt\u00e4v\u00e4mp\u00e4\u00e4.  Huomautukset:  &#8211; Peilin ja silmien v\u00e4lisen et\u00e4isyyden tulisi olla enint\u00e4\u00e4n 10 cm, jotta peilikuva on ter\u00e4v\u00e4. &#8211; Tehokkaaseen puhdistukseen k\u00e4yt\u00e4 vain pehme\u00e4\u00e4, kuivaa liinaa (esim. silm\u00e4lasiliinaa). \u00c4l\u00e4 k\u00e4yt\u00e4 hankaavia tai kemiallisia puhdistusaineita. Tuotetiedot: &#8211; Materiaali: ruostumaton ter\u00e4s + messinki + lasi &#8211; V\u00e4ri: hopeanhohtoinen &#8211; Peilin halkaisija: 20 cm (8 tuumaa) &#8211; Jalustan halkaisija: 12 cm &#8211; Paksuus: 2,5 cm &#8211; Korkeus: 36 cm Toimitus sis\u00e4lt\u00e4\u00e4: &#8211; 1 x kosmetiikkapeili<\/p>\n","protected":false},"excerpt":{"rendered":"<p>SONGMICS kosmetiikkapeili 10-kertainen + normaali kaksipuolinen p\u00f6yt\u00e4peili BBM006<\/p>\n","protected":false},"featured_media":39088,"comment_status":"open","ping_status":"closed","template":"","meta":[],"product_brand":[],"product_cat":[32],"product_tag":[],"class_list":{"0":"post-29659","1":"product","2":"type-product","3":"status-publish","4":"has-post-thumbnail","6":"product_cat-uncategorized-fi","8":"first","9":"instock","10":"shipping-taxable","11":"purchasable","12":"product-type-simple"},"_links":{"self":[{"href":"https:\/\/nordicmart.andreevmaster.com\/fi\/wp-json\/wp\/v2\/product\/29659","targetHints":{"allow":["GET"]}}],"collection":[{"href":"https:\/\/nordicmart.andreevmaster.com\/fi\/wp-json\/wp\/v2\/product"}],"about":[{"href":"https:\/\/nordicmart.andreevmaster.com\/fi\/wp-json\/wp\/v2\/types\/product"}],"replies":[{"embeddable":true,"href":"https:\/\/nordicmart.andreevmaster.com\/fi\/wp-json\/wp\/v2\/comments?post=29659"}],"wp:featuredmedia":[{"embeddable":true,"href":"https:\/\/nordicmart.andreevmaster.com\/fi\/wp-json\/wp\/v2\/media\/39088"}],"wp:attachment":[{"href":"https:\/\/nordicmart.andreevmaster.com\/fi\/wp-json\/wp\/v2\/media?parent=29659"}],"wp:term":[{"taxonomy":"product_brand","embeddable":true,"href":"https:\/\/nordicmart.andreevmaster.com\/fi\/wp-json\/wp\/v2\/product_brand?post=29659"},{"taxonomy":"product_cat","embeddable":true,"href":"https:\/\/nordicmart.andreevmaster.com\/fi\/wp-json\/wp\/v2\/product_cat?post=29659"},{"taxonomy":"product_tag","embeddable":true,"href":"https:\/\/nordicmart.andreevmaster.com\/fi\/wp-json\/wp\/v2\/product_tag?post=29659"}],"curies":[{"name":"wp","href":"https:\/\/api.w.org\/{rel}","templated":true}]}}