{"id":29657,"date":"2026-02-27T00:07:30","date_gmt":"2026-02-27T00:07:30","guid":{"rendered":"https:\/\/nordicmart.andreevmaster.com\/product\/vasagle-korkea-kylpyhuonekaappi-korkea-kaappi-kapea-kylpyhuonekaappi\/"},"modified":"2026-02-27T09:31:45","modified_gmt":"2026-02-27T09:31:45","slug":"vasagle-korkea-kylpyhuonekaappi-korkea-kaappi-kapea-kylpyhuonekaappi","status":"publish","type":"product","link":"https:\/\/nordicmart.andreevmaster.com\/fi\/tuote\/vasagle-korkea-kylpyhuonekaappi-korkea-kaappi-kapea-kylpyhuonekaappi\/","title":{"rendered":"VASAGLE Korkea kylpyhuonekaappi, korkea kaappi, kapea kylpyhuonekaappi"},"content":{"rendered":"<p>Korkea kylpyhuoneen kaappi, korkea kaappi, kapea kylpyhuoneen kaappi, laatikoilla ja korkeuss\u00e4\u00e4dett\u00e4v\u00e4ll\u00e4 hyllyll\u00e4, pieniin tiloihin, klassinen valkoinen<br \/>\nTuotetiedot:<br \/>\n&#8211; V\u00e4ri: klassinen valkoinen<br \/>\n&#8211; Materiaali: lastulevy<br \/>\n&#8211; Koko: 40 x 18 x 134,4 cm (S x L x K)<br \/>\n&#8211; Paino: 15,5 kg<\/p>\n<p>Toimitus sis\u00e4lt\u00e4\u00e4<br \/>\n&#8211; 1 x kylpyhuonekaappi<br \/>\n&#8211; 1 x lis\u00e4varustepaketti<br \/>\n&#8211; 1 x kaatumissuoja<br \/>\n&#8211; 1 x ohjeet<\/p>\n<p>Huomautukset:<br \/>\n&#8211; Kiinnit\u00e4 t\u00e4m\u00e4 kylpyhuonekaappi sein\u00e4\u00e4n mukana toimitetulla kaatumissuojalla turvallisen k\u00e4yt\u00f6n varmistamiseksi.<br \/>\n&#8211; \u00c4l\u00e4 sijoita kylpyhuonekaappia pitk\u00e4ksi aikaa kosteaan ymp\u00e4rist\u00f6\u00f6n, jotta v\u00e4lt\u00e4t halkeamia ja muodonmuutoksia.<\/p>\n","protected":false},"excerpt":{"rendered":"<p>Korkea kylpyhuoneen kaappi, korkea kaappi, kapea kylpyhuoneen kaappi, laatikoilla ja korkeuss\u00e4\u00e4dett\u00e4v\u00e4ll\u00e4 hyllyll\u00e4, pieniin tiloihin, klassinen valkoinen<\/p>\n","protected":false},"featured_media":39086,"comment_status":"open","ping_status":"closed","template":"","meta":[],"product_brand":[],"product_cat":[32],"product_tag":[],"class_list":{"0":"post-29657","1":"product","2":"type-product","3":"status-publish","4":"has-post-thumbnail","6":"product_cat-uncategorized-fi","8":"first","9":"instock","10":"shipping-taxable","11":"purchasable","12":"product-type-simple"},"_links":{"self":[{"href":"https:\/\/nordicmart.andreevmaster.com\/fi\/wp-json\/wp\/v2\/product\/29657","targetHints":{"allow":["GET"]}}],"collection":[{"href":"https:\/\/nordicmart.andreevmaster.com\/fi\/wp-json\/wp\/v2\/product"}],"about":[{"href":"https:\/\/nordicmart.andreevmaster.com\/fi\/wp-json\/wp\/v2\/types\/product"}],"replies":[{"embeddable":true,"href":"https:\/\/nordicmart.andreevmaster.com\/fi\/wp-json\/wp\/v2\/comments?post=29657"}],"wp:featuredmedia":[{"embeddable":true,"href":"https:\/\/nordicmart.andreevmaster.com\/fi\/wp-json\/wp\/v2\/media\/39086"}],"wp:attachment":[{"href":"https:\/\/nordicmart.andreevmaster.com\/fi\/wp-json\/wp\/v2\/media?parent=29657"}],"wp:term":[{"taxonomy":"product_brand","embeddable":true,"href":"https:\/\/nordicmart.andreevmaster.com\/fi\/wp-json\/wp\/v2\/product_brand?post=29657"},{"taxonomy":"product_cat","embeddable":true,"href":"https:\/\/nordicmart.andreevmaster.com\/fi\/wp-json\/wp\/v2\/product_cat?post=29657"},{"taxonomy":"product_tag","embeddable":true,"href":"https:\/\/nordicmart.andreevmaster.com\/fi\/wp-json\/wp\/v2\/product_tag?post=29657"}],"curies":[{"name":"wp","href":"https:\/\/api.w.org\/{rel}","templated":true}]}}