{"id":29650,"date":"2026-02-27T00:07:29","date_gmt":"2026-02-27T00:07:29","guid":{"rendered":"https:\/\/nordicmart.andreevmaster.com\/product\/vasagle-kylpyhuoneen-kaappi-kylpyhuoneen-kaappi-korkea-kaappi\/"},"modified":"2026-02-27T09:31:43","modified_gmt":"2026-02-27T09:31:43","slug":"vasagle-kylpyhuoneen-kaappi-kylpyhuoneen-kaappi-korkea-kaappi","status":"publish","type":"product","link":"https:\/\/nordicmart.andreevmaster.com\/fi\/tuote\/vasagle-kylpyhuoneen-kaappi-kylpyhuoneen-kaappi-korkea-kaappi\/","title":{"rendered":"VASAGLE kylpyhuoneen kaappi, kylpyhuoneen kaappi, korkea kaappi"},"content":{"rendered":"<p>Tuotetiedot: V\u00e4ri: valkoinen puukuviolla Materiaali: lastulevy, lasi Koko: 40 x 30 x 165 cm (P x L x K) Paino: 23,2 kg Laatikkon maks. staattinen kantavuus: 4,5 kg Hyllytasojen maks. staattinen kantavuus: 9 kgToimitus sis\u00e4lt\u00e4\u00e4:1 x kylpyhuonekaappi1 x lis\u00e4varustepaketti2 x kaatumissuoja1 x ohjeetVASAGLE Huomautukset:Turvallisuussyist\u00e4 lapset eiv\u00e4t saa kiivet\u00e4 tuotteelle tai leikki\u00e4 sill\u00e4.Kiinnit\u00e4 t\u00e4m\u00e4 tuote sein\u00e4\u00e4n mukana toimitetulla kaatumissuojalla turvallisen k\u00e4yt\u00f6n varmistamiseksi.<\/p>\n","protected":false},"excerpt":{"rendered":"<p>VASAGLE kylpyhuonekaappi, kylpyhuonekaappi, korkea kaappi, avoin hylly, lasiovi, kapea, kylpyhuonekalusteet, kylpyhuonekalusteet jaloilla, korkeuss\u00e4\u00e4dett\u00e4v\u00e4t hyllyt, tilaa s\u00e4\u00e4st\u00e4v\u00e4, valkoinen puukuviolla BBK163T44<\/p>\n","protected":false},"featured_media":39080,"comment_status":"open","ping_status":"closed","template":"","meta":[],"product_brand":[],"product_cat":[32],"product_tag":[],"class_list":{"0":"post-29650","1":"product","2":"type-product","3":"status-publish","4":"has-post-thumbnail","6":"product_cat-uncategorized-fi","8":"first","9":"instock","10":"shipping-taxable","11":"purchasable","12":"product-type-simple"},"_links":{"self":[{"href":"https:\/\/nordicmart.andreevmaster.com\/fi\/wp-json\/wp\/v2\/product\/29650","targetHints":{"allow":["GET"]}}],"collection":[{"href":"https:\/\/nordicmart.andreevmaster.com\/fi\/wp-json\/wp\/v2\/product"}],"about":[{"href":"https:\/\/nordicmart.andreevmaster.com\/fi\/wp-json\/wp\/v2\/types\/product"}],"replies":[{"embeddable":true,"href":"https:\/\/nordicmart.andreevmaster.com\/fi\/wp-json\/wp\/v2\/comments?post=29650"}],"wp:featuredmedia":[{"embeddable":true,"href":"https:\/\/nordicmart.andreevmaster.com\/fi\/wp-json\/wp\/v2\/media\/39080"}],"wp:attachment":[{"href":"https:\/\/nordicmart.andreevmaster.com\/fi\/wp-json\/wp\/v2\/media?parent=29650"}],"wp:term":[{"taxonomy":"product_brand","embeddable":true,"href":"https:\/\/nordicmart.andreevmaster.com\/fi\/wp-json\/wp\/v2\/product_brand?post=29650"},{"taxonomy":"product_cat","embeddable":true,"href":"https:\/\/nordicmart.andreevmaster.com\/fi\/wp-json\/wp\/v2\/product_cat?post=29650"},{"taxonomy":"product_tag","embeddable":true,"href":"https:\/\/nordicmart.andreevmaster.com\/fi\/wp-json\/wp\/v2\/product_tag?post=29650"}],"curies":[{"name":"wp","href":"https:\/\/api.w.org\/{rel}","templated":true}]}}