{"id":29648,"date":"2026-02-27T00:07:28","date_gmt":"2026-02-27T00:07:28","guid":{"rendered":"https:\/\/nordicmart.andreevmaster.com\/product\/vasagle-korkea-kylpyhuoneen-kaappi-seisova-kylpyhuoneen-hylly-korkea-kylpyhuoneen-kaappi\/"},"modified":"2026-02-27T09:31:43","modified_gmt":"2026-02-27T09:31:43","slug":"vasagle-korkea-kylpyhuoneen-kaappi-seisova-kylpyhuoneen-hylly-korkea-kylpyhuoneen-kaappi","status":"publish","type":"product","link":"https:\/\/nordicmart.andreevmaster.com\/fi\/tuote\/vasagle-korkea-kylpyhuoneen-kaappi-seisova-kylpyhuoneen-hylly-korkea-kylpyhuoneen-kaappi\/","title":{"rendered":"VASAGLE korkea kylpyhuoneen kaappi, seisova kylpyhuoneen hylly, korkea kylpyhuoneen kaappi"},"content":{"rendered":"<p>VASAGLE kylpyhuonekaappi, korkea kaappi, kylpyhuonekaappi, 3 avointa lokeroa, 2 s\u00e4\u00e4dett\u00e4v\u00e4\u00e4 hylly\u00e4 oven takana, s\u00e4ilytyskaappi, kylpyhuoneeseen, eteiseen, keitti\u00f6\u00f6n, olohuoneeseen, vintage-ruskea BBK160X01<br \/>\nTekniset tiedot:<br \/>\n&#8211; Tuotteen mitat: 40 x 30 x 167 cm (P x L x K)<br \/>\n&#8211; Paino: 19,3 kg<br \/>\n&#8211; Maks. staattinen kantavuus: 15 kg<br \/>\n&#8211; Materiaali: lastulevy<br \/>\n&#8211; V\u00e4ri: pilvinen valkoinen<\/p>\n","protected":false},"excerpt":{"rendered":"<p>VASAGLE kylpyhuonekaappi, korkea kaappi, kylpyhuonekaappi, 3 avointa lokeroa, 2 s\u00e4\u00e4dett\u00e4v\u00e4\u00e4 hylly\u00e4 oven takana, s\u00e4ilytyskaappi, kylpyhuoneeseen, eteiseen, keitti\u00f6\u00f6n, olohuoneeseen, vintage-ruskea BBK160X01<\/p>\n","protected":false},"featured_media":39078,"comment_status":"open","ping_status":"closed","template":"","meta":[],"product_brand":[],"product_cat":[32],"product_tag":[],"class_list":{"0":"post-29648","1":"product","2":"type-product","3":"status-publish","4":"has-post-thumbnail","6":"product_cat-uncategorized-fi","8":"first","9":"instock","10":"shipping-taxable","11":"purchasable","12":"product-type-simple"},"_links":{"self":[{"href":"https:\/\/nordicmart.andreevmaster.com\/fi\/wp-json\/wp\/v2\/product\/29648","targetHints":{"allow":["GET"]}}],"collection":[{"href":"https:\/\/nordicmart.andreevmaster.com\/fi\/wp-json\/wp\/v2\/product"}],"about":[{"href":"https:\/\/nordicmart.andreevmaster.com\/fi\/wp-json\/wp\/v2\/types\/product"}],"replies":[{"embeddable":true,"href":"https:\/\/nordicmart.andreevmaster.com\/fi\/wp-json\/wp\/v2\/comments?post=29648"}],"wp:featuredmedia":[{"embeddable":true,"href":"https:\/\/nordicmart.andreevmaster.com\/fi\/wp-json\/wp\/v2\/media\/39078"}],"wp:attachment":[{"href":"https:\/\/nordicmart.andreevmaster.com\/fi\/wp-json\/wp\/v2\/media?parent=29648"}],"wp:term":[{"taxonomy":"product_brand","embeddable":true,"href":"https:\/\/nordicmart.andreevmaster.com\/fi\/wp-json\/wp\/v2\/product_brand?post=29648"},{"taxonomy":"product_cat","embeddable":true,"href":"https:\/\/nordicmart.andreevmaster.com\/fi\/wp-json\/wp\/v2\/product_cat?post=29648"},{"taxonomy":"product_tag","embeddable":true,"href":"https:\/\/nordicmart.andreevmaster.com\/fi\/wp-json\/wp\/v2\/product_tag?post=29648"}],"curies":[{"name":"wp","href":"https:\/\/api.w.org\/{rel}","templated":true}]}}