{"id":29643,"date":"2026-02-27T00:07:27","date_gmt":"2026-02-27T00:07:27","guid":{"rendered":"https:\/\/nordicmart.andreevmaster.com\/product\/vasagle-kylpyhuonekaappi-3-ovella-kylpyhuonekaappi-peilikaappi\/"},"modified":"2026-02-27T09:31:42","modified_gmt":"2026-02-27T09:31:42","slug":"vasagle-kylpyhuonekaappi-3-ovella-kylpyhuonekaappi-peilikaappi","status":"publish","type":"product","link":"https:\/\/nordicmart.andreevmaster.com\/fi\/tuote\/vasagle-kylpyhuonekaappi-3-ovella-kylpyhuonekaappi-peilikaappi\/","title":{"rendered":"VASAGLE kylpyhuonekaappi 3 ovella, kylpyhuonekaappi, peilikaappi"},"content":{"rendered":"<p>VASAGLE 3-ovinen kylpyhuonekaappi, peilikaappi, kylpyhuonekaappi, avoin hylly, s\u00e4\u00e4dett\u00e4v\u00e4t hyllyt, 16,5 x 70 x 75 cm, pilvinen valkoinen BBK129W01<br \/>\nTekniset tiedot:<br \/>\n&#8211; Tuotteen mitat: 16,5 x 70 x 75 cm (S x L x K)<br \/>\n&#8211; Paino: 15,6 kg<br \/>\n&#8211; Maks. staattinen kantavuus: 15 kg<br \/>\n&#8211; Materiaali: lastulevy, lasi<br \/>\n&#8211; V\u00e4ri: kyyhkynharmaa<\/p>\n","protected":false},"excerpt":{"rendered":"<p>VASAGLE 3-ovinen kylpyhuonekaappi, peilikaappi, kylpyhuonekaappi, avoin hylly, s\u00e4\u00e4dett\u00e4v\u00e4t hyllyt, 16,5 x 70 x 75 cm, pilvinen valkoinen BBK129W01<\/p>\n","protected":false},"featured_media":39073,"comment_status":"open","ping_status":"closed","template":"","meta":[],"product_brand":[],"product_cat":[32],"product_tag":[],"class_list":{"0":"post-29643","1":"product","2":"type-product","3":"status-publish","4":"has-post-thumbnail","6":"product_cat-uncategorized-fi","8":"first","9":"instock","10":"shipping-taxable","11":"purchasable","12":"product-type-simple"},"_links":{"self":[{"href":"https:\/\/nordicmart.andreevmaster.com\/fi\/wp-json\/wp\/v2\/product\/29643","targetHints":{"allow":["GET"]}}],"collection":[{"href":"https:\/\/nordicmart.andreevmaster.com\/fi\/wp-json\/wp\/v2\/product"}],"about":[{"href":"https:\/\/nordicmart.andreevmaster.com\/fi\/wp-json\/wp\/v2\/types\/product"}],"replies":[{"embeddable":true,"href":"https:\/\/nordicmart.andreevmaster.com\/fi\/wp-json\/wp\/v2\/comments?post=29643"}],"wp:featuredmedia":[{"embeddable":true,"href":"https:\/\/nordicmart.andreevmaster.com\/fi\/wp-json\/wp\/v2\/media\/39073"}],"wp:attachment":[{"href":"https:\/\/nordicmart.andreevmaster.com\/fi\/wp-json\/wp\/v2\/media?parent=29643"}],"wp:term":[{"taxonomy":"product_brand","embeddable":true,"href":"https:\/\/nordicmart.andreevmaster.com\/fi\/wp-json\/wp\/v2\/product_brand?post=29643"},{"taxonomy":"product_cat","embeddable":true,"href":"https:\/\/nordicmart.andreevmaster.com\/fi\/wp-json\/wp\/v2\/product_cat?post=29643"},{"taxonomy":"product_tag","embeddable":true,"href":"https:\/\/nordicmart.andreevmaster.com\/fi\/wp-json\/wp\/v2\/product_tag?post=29643"}],"curies":[{"name":"wp","href":"https:\/\/api.w.org\/{rel}","templated":true}]}}