{"id":29641,"date":"2026-02-27T00:07:27","date_gmt":"2026-02-27T00:07:27","guid":{"rendered":"https:\/\/nordicmart.andreevmaster.com\/product\/vasagle-seinakaappi-kylpyhuoneessa\/"},"modified":"2026-02-27T09:31:42","modified_gmt":"2026-02-27T09:31:42","slug":"vasagle-seinakaappi-kylpyhuoneessa","status":"publish","type":"product","link":"https:\/\/nordicmart.andreevmaster.com\/fi\/tuote\/vasagle-seinakaappi-kylpyhuoneessa\/","title":{"rendered":"VASAGLE sein\u00e4kaappi kylpyhuoneessa"},"content":{"rendered":"<p>Tuotetiedot: &#8211; V\u00e4ri: vintage-ruskea-musta &#8211; Materiaali: lastulevy, ter\u00e4s &#8211; Koko: 60 x 16 x 60 cm (P x L x K) &#8211; Paino: 8,4 kg &#8211; Pinnan maks. staattinen kantavuus: 20 kg &#8211; Sis\u00e4hyllyn maks. staattinen kantavuus: 5 kg &#8211; Avoimen lokeron maks. staattinen kantavuus: 5 kg Toimitus sis\u00e4lt\u00e4\u00e4: &#8211; 1 x sein\u00e4kaappi &#8211; 1 x s\u00e4ilytyskori &#8211; 1 x hiustenkuivaajan pidike &#8211; 1 x lis\u00e4varustepaketti &#8211; 1 x ohjeet<\/p>\n","protected":false},"excerpt":{"rendered":"<p>VASAGLE kylpyhuonekaappi, kylpyhuonekaappi, sein\u00e4kaappi, s\u00e4ilytyskaappi, 2 ovea, s\u00e4\u00e4dett\u00e4v\u00e4t hyllyt, hiustenkuivaajan pidike, teollinen muotoilu, vintage-ruskea-musta BBK123B01<\/p>\n","protected":false},"featured_media":39071,"comment_status":"open","ping_status":"closed","template":"","meta":[],"product_brand":[],"product_cat":[32],"product_tag":[],"class_list":{"0":"post-29641","1":"product","2":"type-product","3":"status-publish","4":"has-post-thumbnail","6":"product_cat-uncategorized-fi","8":"first","9":"instock","10":"shipping-taxable","11":"purchasable","12":"product-type-simple"},"_links":{"self":[{"href":"https:\/\/nordicmart.andreevmaster.com\/fi\/wp-json\/wp\/v2\/product\/29641","targetHints":{"allow":["GET"]}}],"collection":[{"href":"https:\/\/nordicmart.andreevmaster.com\/fi\/wp-json\/wp\/v2\/product"}],"about":[{"href":"https:\/\/nordicmart.andreevmaster.com\/fi\/wp-json\/wp\/v2\/types\/product"}],"replies":[{"embeddable":true,"href":"https:\/\/nordicmart.andreevmaster.com\/fi\/wp-json\/wp\/v2\/comments?post=29641"}],"wp:featuredmedia":[{"embeddable":true,"href":"https:\/\/nordicmart.andreevmaster.com\/fi\/wp-json\/wp\/v2\/media\/39071"}],"wp:attachment":[{"href":"https:\/\/nordicmart.andreevmaster.com\/fi\/wp-json\/wp\/v2\/media?parent=29641"}],"wp:term":[{"taxonomy":"product_brand","embeddable":true,"href":"https:\/\/nordicmart.andreevmaster.com\/fi\/wp-json\/wp\/v2\/product_brand?post=29641"},{"taxonomy":"product_cat","embeddable":true,"href":"https:\/\/nordicmart.andreevmaster.com\/fi\/wp-json\/wp\/v2\/product_cat?post=29641"},{"taxonomy":"product_tag","embeddable":true,"href":"https:\/\/nordicmart.andreevmaster.com\/fi\/wp-json\/wp\/v2\/product_tag?post=29641"}],"curies":[{"name":"wp","href":"https:\/\/api.w.org\/{rel}","templated":true}]}}