{"id":29640,"date":"2026-02-27T00:07:27","date_gmt":"2026-02-27T00:07:27","guid":{"rendered":"https:\/\/nordicmart.andreevmaster.com\/product\/vasagle-peilikaappi-kylpyhuonekaappi-3-ovinen-sailytyskaappi\/"},"modified":"2026-02-27T09:31:42","modified_gmt":"2026-02-27T09:31:42","slug":"vasagle-peilikaappi-kylpyhuonekaappi-3-ovinen-sailytyskaappi","status":"publish","type":"product","link":"https:\/\/nordicmart.andreevmaster.com\/fi\/tuote\/vasagle-peilikaappi-kylpyhuonekaappi-3-ovinen-sailytyskaappi\/","title":{"rendered":"VASAGLE peilikaappi, kylpyhuonekaappi, 3-ovinen s\u00e4ilytyskaappi"},"content":{"rendered":"<p>Peilikaappi, kylpyhuonekaappi, 3-ovinen s\u00e4ilytyskaappi, kylpyhuoneeseen, 15 x 90 x 60 cm, s\u00e4\u00e4dett\u00e4vill\u00e4 hyllytasoilla, valkoinen<br \/>\nTuotetiedot:<br \/>\n&#8211; V\u00e4ri: valkoinen<br \/>\n&#8211; Materiaali: lastulevy, lasi<br \/>\n&#8211; Koko: 15 x 90 x 60 cm (S x L x K)<br \/>\n&#8211; Paino: 16 kg<br \/>\n&#8211; Maks. staattinen kokonaiskuormitus: 30 kg<\/p>\n<p>Toimitus sis\u00e4lt\u00e4\u00e4<br \/>\n&#8211; 1 x kylpyhuonekaappi<br \/>\n&#8211; 1 x lis\u00e4varustepaketti<br \/>\n&#8211; 1 x ohjeet<\/p>\n<p>Huomautukset:<br \/>\n&#8211; Tuotteen suurin staattinen kantavuus on 30 kg. \u00c4l\u00e4 ylit\u00e4 t\u00e4t\u00e4 enimm\u00e4ispainoa.<br \/>\n&#8211; Pyyhi nesteet pinnalta v\u00e4litt\u00f6m\u00e4sti kuivalla liinalla.<\/p>\n","protected":false},"excerpt":{"rendered":"<p>Peilikaappi, kylpyhuonekaappi, 3-ovinen s\u00e4ilytyskaappi, kylpyhuoneeseen, 15 x 90 x 60 cm, s\u00e4\u00e4dett\u00e4vill\u00e4 hyllytasoilla, valkoinen<\/p>\n","protected":false},"featured_media":39070,"comment_status":"open","ping_status":"closed","template":"","meta":[],"product_brand":[],"product_cat":[32],"product_tag":[],"class_list":{"0":"post-29640","1":"product","2":"type-product","3":"status-publish","4":"has-post-thumbnail","6":"product_cat-uncategorized-fi","8":"first","9":"instock","10":"shipping-taxable","11":"purchasable","12":"product-type-simple"},"_links":{"self":[{"href":"https:\/\/nordicmart.andreevmaster.com\/fi\/wp-json\/wp\/v2\/product\/29640","targetHints":{"allow":["GET"]}}],"collection":[{"href":"https:\/\/nordicmart.andreevmaster.com\/fi\/wp-json\/wp\/v2\/product"}],"about":[{"href":"https:\/\/nordicmart.andreevmaster.com\/fi\/wp-json\/wp\/v2\/types\/product"}],"replies":[{"embeddable":true,"href":"https:\/\/nordicmart.andreevmaster.com\/fi\/wp-json\/wp\/v2\/comments?post=29640"}],"wp:featuredmedia":[{"embeddable":true,"href":"https:\/\/nordicmart.andreevmaster.com\/fi\/wp-json\/wp\/v2\/media\/39070"}],"wp:attachment":[{"href":"https:\/\/nordicmart.andreevmaster.com\/fi\/wp-json\/wp\/v2\/media?parent=29640"}],"wp:term":[{"taxonomy":"product_brand","embeddable":true,"href":"https:\/\/nordicmart.andreevmaster.com\/fi\/wp-json\/wp\/v2\/product_brand?post=29640"},{"taxonomy":"product_cat","embeddable":true,"href":"https:\/\/nordicmart.andreevmaster.com\/fi\/wp-json\/wp\/v2\/product_cat?post=29640"},{"taxonomy":"product_tag","embeddable":true,"href":"https:\/\/nordicmart.andreevmaster.com\/fi\/wp-json\/wp\/v2\/product_tag?post=29640"}],"curies":[{"name":"wp","href":"https:\/\/api.w.org\/{rel}","templated":true}]}}