{"id":29638,"date":"2026-02-27T00:07:26","date_gmt":"2026-02-27T00:07:26","guid":{"rendered":"https:\/\/nordicmart.andreevmaster.com\/product\/vasagle-kylpyhuoneen-seinakaappi-7-lokeroa-30-x-40-x-160-cm\/"},"modified":"2026-02-27T09:31:42","modified_gmt":"2026-02-27T09:31:42","slug":"vasagle-kylpyhuoneen-seinakaappi-7-lokeroa-30-x-40-x-160-cm","status":"publish","type":"product","link":"https:\/\/nordicmart.andreevmaster.com\/fi\/tuote\/vasagle-kylpyhuoneen-seinakaappi-7-lokeroa-30-x-40-x-160-cm\/","title":{"rendered":"VASAGLE kylpyhuoneen sein\u00e4kaappi, 7 lokeroa 30 x 40 x 160 cm"},"content":{"rendered":"<p>VASAGLE kylpyhuonekaappi, korkea kylpyhuonekaappi ripustettava, ovet s\u00e4\u00e4dett\u00e4v\u00e4ll\u00e4 avautumissuunnalla, 7 lokeroa, 3 s\u00e4\u00e4dett\u00e4v\u00e4\u00e4 hylly\u00e4, 30 x 40 x 160 cm, pilvinen valkoinen-luonnonbeige BBK762N01<br \/>\nV\u00e4ri: pilvinen valkoinen-luonnonbeige<br \/>\nMateriaali: lastulevy<br \/>\nKoko: 30 x 40 x 160 cm (S x L x K)<br \/>\nPaino: 23,7 kg<br \/>\nMaks. staattinen kantavuus hylly\u00e4 kohti: 15 kg<br \/>\nMaks. staattinen kantavuus yhteens\u00e4: 105 kg<\/p>\n","protected":false},"excerpt":{"rendered":"<p>VASAGLE kylpyhuonekaappi, korkea kylpyhuonekaappi ripustettava, ovet s\u00e4\u00e4dett\u00e4v\u00e4ll\u00e4 avautumissuunnalla, 7 lokeroa, 3 s\u00e4\u00e4dett\u00e4v\u00e4\u00e4 hylly\u00e4, 30 x 40 x 160 cm, pilvinen valkoinen-luonnonbeige BBK762N01<\/p>\n","protected":false},"featured_media":39068,"comment_status":"open","ping_status":"closed","template":"","meta":[],"product_brand":[],"product_cat":[32],"product_tag":[],"class_list":{"0":"post-29638","1":"product","2":"type-product","3":"status-publish","4":"has-post-thumbnail","6":"product_cat-uncategorized-fi","8":"first","9":"instock","10":"shipping-taxable","11":"purchasable","12":"product-type-simple"},"_links":{"self":[{"href":"https:\/\/nordicmart.andreevmaster.com\/fi\/wp-json\/wp\/v2\/product\/29638","targetHints":{"allow":["GET"]}}],"collection":[{"href":"https:\/\/nordicmart.andreevmaster.com\/fi\/wp-json\/wp\/v2\/product"}],"about":[{"href":"https:\/\/nordicmart.andreevmaster.com\/fi\/wp-json\/wp\/v2\/types\/product"}],"replies":[{"embeddable":true,"href":"https:\/\/nordicmart.andreevmaster.com\/fi\/wp-json\/wp\/v2\/comments?post=29638"}],"wp:featuredmedia":[{"embeddable":true,"href":"https:\/\/nordicmart.andreevmaster.com\/fi\/wp-json\/wp\/v2\/media\/39068"}],"wp:attachment":[{"href":"https:\/\/nordicmart.andreevmaster.com\/fi\/wp-json\/wp\/v2\/media?parent=29638"}],"wp:term":[{"taxonomy":"product_brand","embeddable":true,"href":"https:\/\/nordicmart.andreevmaster.com\/fi\/wp-json\/wp\/v2\/product_brand?post=29638"},{"taxonomy":"product_cat","embeddable":true,"href":"https:\/\/nordicmart.andreevmaster.com\/fi\/wp-json\/wp\/v2\/product_cat?post=29638"},{"taxonomy":"product_tag","embeddable":true,"href":"https:\/\/nordicmart.andreevmaster.com\/fi\/wp-json\/wp\/v2\/product_tag?post=29638"}],"curies":[{"name":"wp","href":"https:\/\/api.w.org\/{rel}","templated":true}]}}