{"id":29637,"date":"2026-02-27T00:07:26","date_gmt":"2026-02-27T00:07:26","guid":{"rendered":"https:\/\/nordicmart.andreevmaster.com\/product\/vasagle-kylpyhuoneen-kaappi-jossa-on-laatikot-ja-saadettavat-hyllyt-maalaistyyli\/"},"modified":"2026-02-27T09:31:42","modified_gmt":"2026-02-27T09:31:42","slug":"vasagle-kylpyhuoneen-kaappi-jossa-on-laatikot-ja-saadettavat-hyllyt-maalaistyyli","status":"publish","type":"product","link":"https:\/\/nordicmart.andreevmaster.com\/fi\/tuote\/vasagle-kylpyhuoneen-kaappi-jossa-on-laatikot-ja-saadettavat-hyllyt-maalaistyyli\/","title":{"rendered":"VASAGLE kylpyhuoneen kaappi, jossa on laatikot ja s\u00e4\u00e4dett\u00e4v\u00e4t hyllyt, maalaistyyli"},"content":{"rendered":"<p>VASAGLE LIRY -kokoelma \u2013 s\u00e4ilytyskaappi, maalaistyyliin sisustettu kylpyhuonekaappi, 4 laatikkoa, ovi, vapaasti seisova kaappi, s\u00e4\u00e4dett\u00e4v\u00e4t hyllyt, vintagevalkoinen BBK753W01<br \/>\nV\u00e4ri: vintagevalkoinen<br \/>\nMateriaali: lastulevy, MDF (keskitihe\u00e4 kuitulevy)<br \/>\nKoko: 30 x 60 x 80 cm (S x L x K)<br \/>\nPaino: 16,3 kg<br \/>\nP\u00f6yt\u00e4levyn maks. staattinen kantavuus: 50 kg<br \/>\nJokaisen laatikon maks. staattinen kantavuus: 5 kg<br \/>\nS\u00e4\u00e4dett\u00e4v\u00e4n hyllyn maks. staattinen kantavuus: 15 kg<\/p>\n","protected":false},"excerpt":{"rendered":"<p>VASAGLE LIRY -kokoelma \u2013 s\u00e4ilytyskaappi, maalaistyyliin sisustettu kylpyhuonekaappi, 4 laatikkoa, ovi, vapaasti seisova kaappi, s\u00e4\u00e4dett\u00e4v\u00e4t hyllyt, vintagevalkoinen BBK753W01<\/p>\n","protected":false},"featured_media":39067,"comment_status":"open","ping_status":"closed","template":"","meta":[],"product_brand":[],"product_cat":[32],"product_tag":[],"class_list":{"0":"post-29637","1":"product","2":"type-product","3":"status-publish","4":"has-post-thumbnail","6":"product_cat-uncategorized-fi","8":"first","9":"instock","10":"shipping-taxable","11":"purchasable","12":"product-type-simple"},"_links":{"self":[{"href":"https:\/\/nordicmart.andreevmaster.com\/fi\/wp-json\/wp\/v2\/product\/29637","targetHints":{"allow":["GET"]}}],"collection":[{"href":"https:\/\/nordicmart.andreevmaster.com\/fi\/wp-json\/wp\/v2\/product"}],"about":[{"href":"https:\/\/nordicmart.andreevmaster.com\/fi\/wp-json\/wp\/v2\/types\/product"}],"replies":[{"embeddable":true,"href":"https:\/\/nordicmart.andreevmaster.com\/fi\/wp-json\/wp\/v2\/comments?post=29637"}],"wp:featuredmedia":[{"embeddable":true,"href":"https:\/\/nordicmart.andreevmaster.com\/fi\/wp-json\/wp\/v2\/media\/39067"}],"wp:attachment":[{"href":"https:\/\/nordicmart.andreevmaster.com\/fi\/wp-json\/wp\/v2\/media?parent=29637"}],"wp:term":[{"taxonomy":"product_brand","embeddable":true,"href":"https:\/\/nordicmart.andreevmaster.com\/fi\/wp-json\/wp\/v2\/product_brand?post=29637"},{"taxonomy":"product_cat","embeddable":true,"href":"https:\/\/nordicmart.andreevmaster.com\/fi\/wp-json\/wp\/v2\/product_cat?post=29637"},{"taxonomy":"product_tag","embeddable":true,"href":"https:\/\/nordicmart.andreevmaster.com\/fi\/wp-json\/wp\/v2\/product_tag?post=29637"}],"curies":[{"name":"wp","href":"https:\/\/api.w.org\/{rel}","templated":true}]}}