{"id":29635,"date":"2026-02-27T00:07:26","date_gmt":"2026-02-27T00:07:26","guid":{"rendered":"https:\/\/nordicmart.andreevmaster.com\/product\/vasagle-kylpyhuonekaappi-korkea-ja-kapea-klassinen-valkoinen\/"},"modified":"2026-02-27T09:31:42","modified_gmt":"2026-02-27T09:31:42","slug":"vasagle-kylpyhuonekaappi-korkea-ja-kapea-klassinen-valkoinen","status":"publish","type":"product","link":"https:\/\/nordicmart.andreevmaster.com\/fi\/tuote\/vasagle-kylpyhuonekaappi-korkea-ja-kapea-klassinen-valkoinen\/","title":{"rendered":"VASAGLE Kylpyhuonekaappi, korkea ja kapea, klassinen valkoinen"},"content":{"rendered":"<p>VASAGLE korkea kylpyhuonekaappi, korkea kaappi, kapea kylpyhuonekaappi, vapaasti seisova, laatikoilla ja korkeuss\u00e4\u00e4dett\u00e4v\u00e4ll\u00e4 hyllyll\u00e4, pieniin tiloihin, moderni<br \/>\nV\u00e4ri: klassinen valkoinen<br \/>\nMateriaali: lastulevy<br \/>\nKoko: 40 x 18 x 134,4 cm (S x L x K)<br \/>\nPaino: 15,5 kg<\/p>\n","protected":false},"excerpt":{"rendered":"<p>VASAGLE korkea kylpyhuonekaappi, korkea kaappi, kapea kylpyhuonekaappi, vapaasti seisova, laatikoilla ja korkeuss\u00e4\u00e4dett\u00e4v\u00e4ll\u00e4 hyllyll\u00e4, pieniin tiloihin, moderni<\/p>\n","protected":false},"featured_media":39065,"comment_status":"open","ping_status":"closed","template":"","meta":[],"product_brand":[],"product_cat":[32],"product_tag":[],"class_list":{"0":"post-29635","1":"product","2":"type-product","3":"status-publish","4":"has-post-thumbnail","6":"product_cat-uncategorized-fi","8":"first","9":"instock","10":"shipping-taxable","11":"purchasable","12":"product-type-simple"},"_links":{"self":[{"href":"https:\/\/nordicmart.andreevmaster.com\/fi\/wp-json\/wp\/v2\/product\/29635","targetHints":{"allow":["GET"]}}],"collection":[{"href":"https:\/\/nordicmart.andreevmaster.com\/fi\/wp-json\/wp\/v2\/product"}],"about":[{"href":"https:\/\/nordicmart.andreevmaster.com\/fi\/wp-json\/wp\/v2\/types\/product"}],"replies":[{"embeddable":true,"href":"https:\/\/nordicmart.andreevmaster.com\/fi\/wp-json\/wp\/v2\/comments?post=29635"}],"wp:featuredmedia":[{"embeddable":true,"href":"https:\/\/nordicmart.andreevmaster.com\/fi\/wp-json\/wp\/v2\/media\/39065"}],"wp:attachment":[{"href":"https:\/\/nordicmart.andreevmaster.com\/fi\/wp-json\/wp\/v2\/media?parent=29635"}],"wp:term":[{"taxonomy":"product_brand","embeddable":true,"href":"https:\/\/nordicmart.andreevmaster.com\/fi\/wp-json\/wp\/v2\/product_brand?post=29635"},{"taxonomy":"product_cat","embeddable":true,"href":"https:\/\/nordicmart.andreevmaster.com\/fi\/wp-json\/wp\/v2\/product_cat?post=29635"},{"taxonomy":"product_tag","embeddable":true,"href":"https:\/\/nordicmart.andreevmaster.com\/fi\/wp-json\/wp\/v2\/product_tag?post=29635"}],"curies":[{"name":"wp","href":"https:\/\/api.w.org\/{rel}","templated":true}]}}