{"id":29634,"date":"2026-02-27T00:07:26","date_gmt":"2026-02-27T00:07:26","guid":{"rendered":"https:\/\/nordicmart.andreevmaster.com\/product\/vasagle-pieni-kylpyhuonekaappi-moderne-kerben\/"},"modified":"2026-02-27T09:31:41","modified_gmt":"2026-02-27T09:31:41","slug":"vasagle-pieni-kylpyhuonekaappi-moderne-kerben","status":"publish","type":"product","link":"https:\/\/nordicmart.andreevmaster.com\/fi\/tuote\/vasagle-pieni-kylpyhuonekaappi-moderne-kerben\/","title":{"rendered":"VASAGLE Pieni kylpyhuonekaappi \u201eModerne Kerben\u201d"},"content":{"rendered":"<p>VASAGLE:n suunnittelijat ovat luoneet tyylikk\u00e4it\u00e4 kylpyhuonekalusteita, joiden avulla voit tuoda kylpyhuoneeseesi raikkaan ja rauhallisen ilmeen. Unohda kaikki huolet, lataa akkusi ja aloita tai p\u00e4\u00e4t\u00e4 p\u00e4iv\u00e4si positiivisella mielell\u00e4. Laadukkaat materiaalit T\u00e4m\u00e4n kylpyhuonekaapin avulla voit paitsi tuoda esiin eleganssia ja tyyli\u00e4. Huonekalu on my\u00f6s kest\u00e4v\u00e4, sill\u00e4 sen runko on valmistettu valkoisista, melamiinipinnoitetuista lastulevyist\u00e4. Kaapin ovi ja laatikko on valmistettu PVC-pinnoitetusta MDF-levyst\u00e4, mik\u00e4 antaa kylpyhuonekalusteelle vaikuttavan kiillon.Yksityiskohtiin asti Kylpyhuonekaapin sis\u00e4ll\u00e4 oleva hylly on korkeuss\u00e4\u00e4dett\u00e4v\u00e4, joten voit s\u00e4ilytt\u00e4\u00e4 siin\u00e4 erikokoisia hygieniatuotteita. Pehme\u00e4sti sulkeutuvat saranat est\u00e4v\u00e4t kaapin oven paiskautumisen kiinni. Lis\u00e4ksi s\u00e4\u00e4dett\u00e4v\u00e4t jalat ja kaatumissuoja takaavat korkean turvallisuustason.Moderni kylpyhuone ansaitsee t\u00e4m\u00e4n kylpyhuonekaapin! Tutustu my\u00f6s muihin VASAGLE-kylpyhuonekalusteisiin, jotta voit luoda yhten\u00e4isen tyylin kylpyhuoneeseesi. Tuotetiedot: &#8211; V\u00e4ri: kiilt\u00e4v\u00e4 valkoinen (ovi), mattavalkoinen (runko) &#8211; Materiaali: melamiinipinnoitettu lastulevy, PVC-pinnoitettu MDF, metallikahvat &#8211; Koko: 30 x 30 x 80 cm (P x L x K) &#8211; Paino: 13,1 kg &#8211; Maks. kantavuus: 60 kg Toimitus sis\u00e4lt\u00e4\u00e4: &#8211; 1 x kylpyhuonekaappi &#8211; 1 x s\u00e4ilytysastia tarvikkeilla &#8211; 1 x ohjeet (DE, EN, FR, ES, IT) VASAGLE-ohjeet: &#8211; \u00c4l\u00e4 altista tuotetta suoralle auringonvalolle.- Tuote ei saa joutua kosketuksiin suurten vesim\u00e4\u00e4rien kanssa. &#8211; K\u00e4yt\u00e4 kaatumissuojaa. &#8211; \u00c4l\u00e4 anna lasten kiivet\u00e4 tuotteen p\u00e4\u00e4lle. &#8211; Poista suojakalvo tuotteen etupuolelta asennuksen j\u00e4lkeen.<\/p>\n","protected":false},"excerpt":{"rendered":"<p>VASAGLE kylpyhuonekaappi, kylpyhuonekaappi, sivukaappi korkeuss\u00e4\u00e4dett\u00e4v\u00e4ll\u00e4 hyllyll\u00e4, lipasto, eteiskaappi, pehme\u00e4sti sulkeutuvat saranat, kylpyhuone, eteinen, 30 x 30 x 80 cm, valkoinen BBK51WT<\/p>\n","protected":false},"featured_media":39064,"comment_status":"open","ping_status":"closed","template":"","meta":[],"product_brand":[],"product_cat":[32],"product_tag":[],"class_list":{"0":"post-29634","1":"product","2":"type-product","3":"status-publish","4":"has-post-thumbnail","6":"product_cat-uncategorized-fi","8":"first","9":"instock","10":"shipping-taxable","11":"purchasable","12":"product-type-simple"},"_links":{"self":[{"href":"https:\/\/nordicmart.andreevmaster.com\/fi\/wp-json\/wp\/v2\/product\/29634","targetHints":{"allow":["GET"]}}],"collection":[{"href":"https:\/\/nordicmart.andreevmaster.com\/fi\/wp-json\/wp\/v2\/product"}],"about":[{"href":"https:\/\/nordicmart.andreevmaster.com\/fi\/wp-json\/wp\/v2\/types\/product"}],"replies":[{"embeddable":true,"href":"https:\/\/nordicmart.andreevmaster.com\/fi\/wp-json\/wp\/v2\/comments?post=29634"}],"wp:featuredmedia":[{"embeddable":true,"href":"https:\/\/nordicmart.andreevmaster.com\/fi\/wp-json\/wp\/v2\/media\/39064"}],"wp:attachment":[{"href":"https:\/\/nordicmart.andreevmaster.com\/fi\/wp-json\/wp\/v2\/media?parent=29634"}],"wp:term":[{"taxonomy":"product_brand","embeddable":true,"href":"https:\/\/nordicmart.andreevmaster.com\/fi\/wp-json\/wp\/v2\/product_brand?post=29634"},{"taxonomy":"product_cat","embeddable":true,"href":"https:\/\/nordicmart.andreevmaster.com\/fi\/wp-json\/wp\/v2\/product_cat?post=29634"},{"taxonomy":"product_tag","embeddable":true,"href":"https:\/\/nordicmart.andreevmaster.com\/fi\/wp-json\/wp\/v2\/product_tag?post=29634"}],"curies":[{"name":"wp","href":"https:\/\/api.w.org\/{rel}","templated":true}]}}