{"id":29623,"date":"2026-02-27T00:07:24","date_gmt":"2026-02-27T00:07:24","guid":{"rendered":"https:\/\/nordicmart.andreevmaster.com\/product\/vasagle-sailytyskaappi-lamelliovilla\/"},"modified":"2026-02-27T09:31:40","modified_gmt":"2026-02-27T09:31:40","slug":"vasagle-sailytyskaappi-lamelliovilla","status":"publish","type":"product","link":"https:\/\/nordicmart.andreevmaster.com\/fi\/tuote\/vasagle-sailytyskaappi-lamelliovilla\/","title":{"rendered":"VASAGLE s\u00e4ilytyskaappi lamelliovilla"},"content":{"rendered":"<p>N\u00e4in voit suurentaa tilaa Tilava pinta, avoin lokero, hyllytaso ovien takana \u2013 t\u00e4m\u00e4 kaappi tarjoaa runsaasti tilaa tavaroiden s\u00e4ilytt\u00e4miseen, mutta vie vain v\u00e4h\u00e4n tilaa kompaktin kokonsa ansiosta (60 x 30 x 80 cm). Sijoita se pieneen huoneeseen ja yll\u00e4tys, kuinka paljon s\u00e4ilytystilaa se tarjoaa. Mihin huoneeseen se sopii? Mihin t\u00e4m\u00e4 kaappi sopii? Kylpyhuoneeseen pyyhkeille? Keitti\u00f6\u00f6n keitti\u00f6tarvikkeille? Makuuhuoneeseen vaatteille? Tai olohuoneeseen kirjoille? Mahdollisuudet ovat rajattomat! Tuotetiedot: &#8211; V\u00e4ri: vintage-ruskea &#8211; Materiaali: lastulevy &#8211; Koko: 60 x 30 x 80 cm (P x L x K) &#8211; Paino: 15,5 kg &#8211; Maks. staattinen kokonaiskuormitus: 20 kg Toimitussis\u00e4lt\u00f6:- 1 x kylpyhuonekaappi &#8211; 1 x kaatumissuoja &#8211; 1 x lis\u00e4varustepaketti &#8211; 1 x ohjeet (DE, FR, EN, ES, IT) VASAGLE-ohjeet: &#8211; Turvallisuussyist\u00e4 lapset eiv\u00e4t saa kiivet\u00e4 tuotteelle tai leikki\u00e4 sill\u00e4. &#8211; Tuotteen suurin staattinen kantavuus on 20 kg. \u00c4l\u00e4 ylit\u00e4 t\u00e4t\u00e4 enimm\u00e4ispainoa. &#8211; Kiinnit\u00e4 t\u00e4m\u00e4 tuote sein\u00e4\u00e4n mukana toimitetulla kaatumissuojalla turvallisen k\u00e4yt\u00f6n varmistamiseksi. &#8211; \u00c4l\u00e4 altista tuotetta suurelle m\u00e4\u00e4r\u00e4lle vett\u00e4. Pyyhi pinta kuivalla liinalla kosteuden poistamiseksi. Tuotekuvaus<\/p>\n","protected":false},"excerpt":{"rendered":"<p>VASAGLE kylpyhuoneen kaappi, kylpyhuoneen kaappi, 60 x 30 x 80 cm, s\u00e4ilytyskaappi, lamelliovet, avoin lokero, s\u00e4\u00e4dett\u00e4v\u00e4 hyllytaso, vintage-ruskea BBK44BX<\/p>\n","protected":false},"featured_media":39054,"comment_status":"open","ping_status":"closed","template":"","meta":[],"product_brand":[],"product_cat":[32],"product_tag":[],"class_list":{"0":"post-29623","1":"product","2":"type-product","3":"status-publish","4":"has-post-thumbnail","6":"product_cat-uncategorized-fi","8":"first","9":"instock","10":"shipping-taxable","11":"purchasable","12":"product-type-simple"},"_links":{"self":[{"href":"https:\/\/nordicmart.andreevmaster.com\/fi\/wp-json\/wp\/v2\/product\/29623","targetHints":{"allow":["GET"]}}],"collection":[{"href":"https:\/\/nordicmart.andreevmaster.com\/fi\/wp-json\/wp\/v2\/product"}],"about":[{"href":"https:\/\/nordicmart.andreevmaster.com\/fi\/wp-json\/wp\/v2\/types\/product"}],"replies":[{"embeddable":true,"href":"https:\/\/nordicmart.andreevmaster.com\/fi\/wp-json\/wp\/v2\/comments?post=29623"}],"wp:featuredmedia":[{"embeddable":true,"href":"https:\/\/nordicmart.andreevmaster.com\/fi\/wp-json\/wp\/v2\/media\/39054"}],"wp:attachment":[{"href":"https:\/\/nordicmart.andreevmaster.com\/fi\/wp-json\/wp\/v2\/media?parent=29623"}],"wp:term":[{"taxonomy":"product_brand","embeddable":true,"href":"https:\/\/nordicmart.andreevmaster.com\/fi\/wp-json\/wp\/v2\/product_brand?post=29623"},{"taxonomy":"product_cat","embeddable":true,"href":"https:\/\/nordicmart.andreevmaster.com\/fi\/wp-json\/wp\/v2\/product_cat?post=29623"},{"taxonomy":"product_tag","embeddable":true,"href":"https:\/\/nordicmart.andreevmaster.com\/fi\/wp-json\/wp\/v2\/product_tag?post=29623"}],"curies":[{"name":"wp","href":"https:\/\/api.w.org\/{rel}","templated":true}]}}