{"id":29621,"date":"2026-02-27T00:07:23","date_gmt":"2026-02-27T00:07:23","guid":{"rendered":"https:\/\/nordicmart.andreevmaster.com\/product\/vasagle-kylpyhuonekaappi-moderne-kerben\/"},"modified":"2026-02-27T09:31:40","modified_gmt":"2026-02-27T09:31:40","slug":"vasagle-kylpyhuonekaappi-moderne-kerben","status":"publish","type":"product","link":"https:\/\/nordicmart.andreevmaster.com\/fi\/tuote\/vasagle-kylpyhuonekaappi-moderne-kerben\/","title":{"rendered":"VASAGLE kylpyhuonekaappi \u201eModerne Kerben\u201d"},"content":{"rendered":"<p>VASAGLE:n suunnittelijoiden rakkaudella yksityiskohtiin suunniteltu kaksioinen kaappi her\u00e4tt\u00e4\u00e4 eloon valoisan, raikkaan ja korkealaatuisen kylpyhuoneen, jossa voit tuntea olosi t\u00e4ysin mukavaksi. Aivan kuten haluat. Kuuma vesi virtaa kylpyammeeseen, rentoudut, ajatuksesi rauhoittuvat. Mutta kun nouset ammeesta ja haluat ottaa pyyhkeen kaapistasi, se heiluu voimakkaasti, sen ovet pamahtaa ep\u00e4miellytt\u00e4v\u00e4n kovaa ja rentoutunut mieliala on jo kadonnut. Saranoiden vaimentimilla, tasausjaloilla ja kaatumisenestokiskoilla varustettu kylpyhuoneen kaappi s\u00e4ilytt\u00e4\u00e4 sis\u00e4isen rauhasi. Sopii jokaiseen huoneeseen Vaikka t\u00e4m\u00e4 kaappi on suunniteltu ensisijaisesti kylpyhuoneeseen, se sopii melamiinipinnoitetuilla lastulevyill\u00e4 ja kiilt\u00e4v\u00e4ll\u00e4, PVC-pinnoitetulla MDF-ovella my\u00f6s t\u00e4ydellisesti keitti\u00f6\u00f6n, eteiseen tai olohuoneeseen.Anna kylpyhuoneellesi sen ansaitsema merkitys VASAGLE-kylpyhuonekalusteilla! Tutustu my\u00f6s t\u00e4m\u00e4n sivup\u00f6yd\u00e4n &#8221;sisaruksiin&#8221; ja luo t\u00e4ydellisesti yhteensopiva kylpyhuone. Tuotetiedot:- V\u00e4ri: kiilt\u00e4v\u00e4 valkoinen (ovet), mattavalkoinen (runko) &#8211; Materiaali: PVC-pinnoitettu MDF (ovet), melamiinipinnoitettu E1-luokan lastulevy (runko), metallikahvat &#8211; Koko: 60 x 30 x 80 cm (P x L x K) &#8211; Paino: 20,4 kg &#8211; Maks. staattinen kantavuus: 60 kg Toimitus sis\u00e4lt\u00e4\u00e4: &#8211; 1 x kylpyhuonekaappi kaksoisovilla &#8211; 1 x s\u00e4ilytysastia tarvikkeille &#8211; 1 x ohjeet (DE, EN, FR, ES, IT) VASAGLE-ohjeet:- \u00c4l\u00e4 altista tuotetta suurelle m\u00e4\u00e4r\u00e4lle vett\u00e4. &#8211; Varmista tuote kaatumissuojalla. &#8211; Lapset eiv\u00e4t saa kiivet\u00e4 tuotteen p\u00e4\u00e4lle tai leikki\u00e4 sill\u00e4. &#8211; Poista suojakalvo tuotteen etupuolelta asennuksen j\u00e4lkeen.<\/p>\n","protected":false},"excerpt":{"rendered":"<p>VASAGLE kylpyhuonekaappi, kaksioinen kylpyhuonekaappi, sivukaappi s\u00e4\u00e4dett\u00e4vill\u00e4 hyllyill\u00e4, kylpyhuoneeseen, keitti\u00f6\u00f6n tai eteiseen, saranoilla ja tasausjaloilla, 60 x 30 x 80 cm, valkoinen BBK41WT<\/p>\n","protected":false},"featured_media":39052,"comment_status":"open","ping_status":"closed","template":"","meta":[],"product_brand":[],"product_cat":[32],"product_tag":[],"class_list":{"0":"post-29621","1":"product","2":"type-product","3":"status-publish","4":"has-post-thumbnail","6":"product_cat-uncategorized-fi","8":"first","9":"instock","10":"shipping-taxable","11":"purchasable","12":"product-type-simple"},"_links":{"self":[{"href":"https:\/\/nordicmart.andreevmaster.com\/fi\/wp-json\/wp\/v2\/product\/29621","targetHints":{"allow":["GET"]}}],"collection":[{"href":"https:\/\/nordicmart.andreevmaster.com\/fi\/wp-json\/wp\/v2\/product"}],"about":[{"href":"https:\/\/nordicmart.andreevmaster.com\/fi\/wp-json\/wp\/v2\/types\/product"}],"replies":[{"embeddable":true,"href":"https:\/\/nordicmart.andreevmaster.com\/fi\/wp-json\/wp\/v2\/comments?post=29621"}],"wp:featuredmedia":[{"embeddable":true,"href":"https:\/\/nordicmart.andreevmaster.com\/fi\/wp-json\/wp\/v2\/media\/39052"}],"wp:attachment":[{"href":"https:\/\/nordicmart.andreevmaster.com\/fi\/wp-json\/wp\/v2\/media?parent=29621"}],"wp:term":[{"taxonomy":"product_brand","embeddable":true,"href":"https:\/\/nordicmart.andreevmaster.com\/fi\/wp-json\/wp\/v2\/product_brand?post=29621"},{"taxonomy":"product_cat","embeddable":true,"href":"https:\/\/nordicmart.andreevmaster.com\/fi\/wp-json\/wp\/v2\/product_cat?post=29621"},{"taxonomy":"product_tag","embeddable":true,"href":"https:\/\/nordicmart.andreevmaster.com\/fi\/wp-json\/wp\/v2\/product_tag?post=29621"}],"curies":[{"name":"wp","href":"https:\/\/api.w.org\/{rel}","templated":true}]}}