{"id":29620,"date":"2026-02-27T00:07:23","date_gmt":"2026-02-27T00:07:23","guid":{"rendered":"https:\/\/nordicmart.andreevmaster.com\/product\/vasagle-senkki-valaistuksella-ja-latausasemalla-maalaistyyliin\/"},"modified":"2026-02-27T09:31:39","modified_gmt":"2026-02-27T09:31:39","slug":"vasagle-senkki-valaistuksella-ja-latausasemalla-maalaistyyliin","status":"publish","type":"product","link":"https:\/\/nordicmart.andreevmaster.com\/fi\/tuote\/vasagle-senkki-valaistuksella-ja-latausasemalla-maalaistyyliin\/","title":{"rendered":"VASAGLE-senkki valaistuksella ja latausasemalla maalaistyyliin"},"content":{"rendered":"<p>VASAGLE-senkki valaistuksella ja latausasemalla, keitti\u00f6kaappi, s\u00e4ilytyskaappi, ovilla ja laatikoilla, 39,5 x 106,5 x 180,6 cm, s\u00e4\u00e4dett\u00e4v\u00e4t hyllyt, maalaistyyli, vintagevalkoinen BBK391W02<br \/>\nV\u00e4ri: vintagevalkoinen<br \/>\nMateriaali: lastulevy, MDF (keskitihe\u00e4 kuitulevy), akryyli<br \/>\nKoko: 39,5 x 106,5 x 180,6 cm (S x L x K)<br \/>\nPaino: 53 kg<br \/>\nYl\u00e4hyllyn maks. staattinen kantavuus: 9,1 kg<br \/>\nTy\u00f6tason maks. staattinen kantavuus: 52,2 kg<br \/>\nSuurimman laatikon suurin staattinen kantavuus: 6,8 kg<br \/>\nPienemm\u00e4n laatikon suurin staattinen kantavuus: 4,5 kg<br \/>\nAlemman kaapin suuremman hyllyn suurin staattinen kantavuus: 31,8 kg<br \/>\nAlemman kaapin pienemm\u00e4n hyllyn suurin staattinen kantavuus: 35,9 kg<\/p>\n","protected":false},"excerpt":{"rendered":"<p>VASAGLE-senkki valaistuksella ja latausasemalla, keitti\u00f6kaappi, s\u00e4ilytyskaappi, ovilla ja laatikoilla, 39,5 x 106,5 x 180,6 cm, s\u00e4\u00e4dett\u00e4v\u00e4t hyllyt, maalaistyyli, vintagevalkoinen BBK391W02<\/p>\n","protected":false},"featured_media":0,"comment_status":"open","ping_status":"closed","template":"","meta":[],"product_brand":[],"product_cat":[32],"product_tag":[],"class_list":{"0":"post-29620","1":"product","2":"type-product","3":"status-publish","5":"product_cat-uncategorized-fi","7":"first","8":"instock","9":"shipping-taxable","10":"purchasable","11":"product-type-simple"},"_links":{"self":[{"href":"https:\/\/nordicmart.andreevmaster.com\/fi\/wp-json\/wp\/v2\/product\/29620","targetHints":{"allow":["GET"]}}],"collection":[{"href":"https:\/\/nordicmart.andreevmaster.com\/fi\/wp-json\/wp\/v2\/product"}],"about":[{"href":"https:\/\/nordicmart.andreevmaster.com\/fi\/wp-json\/wp\/v2\/types\/product"}],"replies":[{"embeddable":true,"href":"https:\/\/nordicmart.andreevmaster.com\/fi\/wp-json\/wp\/v2\/comments?post=29620"}],"wp:attachment":[{"href":"https:\/\/nordicmart.andreevmaster.com\/fi\/wp-json\/wp\/v2\/media?parent=29620"}],"wp:term":[{"taxonomy":"product_brand","embeddable":true,"href":"https:\/\/nordicmart.andreevmaster.com\/fi\/wp-json\/wp\/v2\/product_brand?post=29620"},{"taxonomy":"product_cat","embeddable":true,"href":"https:\/\/nordicmart.andreevmaster.com\/fi\/wp-json\/wp\/v2\/product_cat?post=29620"},{"taxonomy":"product_tag","embeddable":true,"href":"https:\/\/nordicmart.andreevmaster.com\/fi\/wp-json\/wp\/v2\/product_tag?post=29620"}],"curies":[{"name":"wp","href":"https:\/\/api.w.org\/{rel}","templated":true}]}}