{"id":29619,"date":"2026-02-27T00:07:23","date_gmt":"2026-02-27T00:07:23","guid":{"rendered":"https:\/\/nordicmart.andreevmaster.com\/product\/vasagle-keittionkaappi-laatikoilla-40-x-140-x-80-cm\/"},"modified":"2026-02-27T09:31:39","modified_gmt":"2026-02-27T09:31:39","slug":"vasagle-keittionkaappi-laatikoilla-40-x-140-x-80-cm","status":"publish","type":"product","link":"https:\/\/nordicmart.andreevmaster.com\/fi\/tuote\/vasagle-keittionkaappi-laatikoilla-40-x-140-x-80-cm\/","title":{"rendered":"VASAGLE keitti\u00f6nkaappi laatikoilla 40 x 140 x 80 cm"},"content":{"rendered":"<p>VASAGLE keitti\u00f6nkaappi, lipasto laatikoilla, s\u00e4ilytyskaappi ovilla, s\u00e4\u00e4dett\u00e4v\u00e4 hylly, maalaistyyli, olohuoneeseen, keitti\u00f6\u00f6n, ruokailuhuoneeseen, vintagevalkoinen-hunajaruskea BBK341W01<br \/>\n&#8211; V\u00e4ri: vintagevalkoinen-hunajaruskea<br \/>\n&#8211; Materiaali: lastulevy, MDF (keskitihe\u00e4 kuitulevy), ter\u00e4s<br \/>\n&#8211; Koko: 40 x 140 x 80 cm (S x L x K)<br \/>\n&#8211; Paino: 38,3 kg<br \/>\n&#8211; Kannen maksimaalinen staattinen kantavuus: 120 kg<br \/>\n&#8211; Jokaisen hyllyn maks. staattinen kantavuus: 30 kg<\/p>\n","protected":false},"excerpt":{"rendered":"<p>VASAGLE keitti\u00f6nkaappi, lipasto laatikoilla, s\u00e4ilytyskaappi ovilla, s\u00e4\u00e4dett\u00e4v\u00e4 hylly, maalaistyyli, olohuoneeseen, keitti\u00f6\u00f6n, ruokailuhuoneeseen, vintagevalkoinen-hunajaruskea BBK341W01<\/p>\n","protected":false},"featured_media":0,"comment_status":"open","ping_status":"closed","template":"","meta":[],"product_brand":[],"product_cat":[32],"product_tag":[],"class_list":{"0":"post-29619","1":"product","2":"type-product","3":"status-publish","5":"product_cat-uncategorized-fi","7":"first","8":"instock","9":"shipping-taxable","10":"purchasable","11":"product-type-simple"},"_links":{"self":[{"href":"https:\/\/nordicmart.andreevmaster.com\/fi\/wp-json\/wp\/v2\/product\/29619","targetHints":{"allow":["GET"]}}],"collection":[{"href":"https:\/\/nordicmart.andreevmaster.com\/fi\/wp-json\/wp\/v2\/product"}],"about":[{"href":"https:\/\/nordicmart.andreevmaster.com\/fi\/wp-json\/wp\/v2\/types\/product"}],"replies":[{"embeddable":true,"href":"https:\/\/nordicmart.andreevmaster.com\/fi\/wp-json\/wp\/v2\/comments?post=29619"}],"wp:attachment":[{"href":"https:\/\/nordicmart.andreevmaster.com\/fi\/wp-json\/wp\/v2\/media?parent=29619"}],"wp:term":[{"taxonomy":"product_brand","embeddable":true,"href":"https:\/\/nordicmart.andreevmaster.com\/fi\/wp-json\/wp\/v2\/product_brand?post=29619"},{"taxonomy":"product_cat","embeddable":true,"href":"https:\/\/nordicmart.andreevmaster.com\/fi\/wp-json\/wp\/v2\/product_cat?post=29619"},{"taxonomy":"product_tag","embeddable":true,"href":"https:\/\/nordicmart.andreevmaster.com\/fi\/wp-json\/wp\/v2\/product_tag?post=29619"}],"curies":[{"name":"wp","href":"https:\/\/api.w.org\/{rel}","templated":true}]}}