{"id":29617,"date":"2026-02-27T00:07:23","date_gmt":"2026-02-27T00:07:23","guid":{"rendered":"https:\/\/nordicmart.andreevmaster.com\/product\/songmics-home-senkki-valaistuksella-ja-tyokaluttomalla-tekniikalla\/"},"modified":"2026-02-27T09:31:39","modified_gmt":"2026-02-27T09:31:39","slug":"songmics-home-senkki-valaistuksella-ja-tyokaluttomalla-tekniikalla","status":"publish","type":"product","link":"https:\/\/nordicmart.andreevmaster.com\/fi\/tuote\/songmics-home-senkki-valaistuksella-ja-tyokaluttomalla-tekniikalla\/","title":{"rendered":"SONGMICS HOME -senkki valaistuksella ja ty\u00f6kaluttomalla tekniikalla"},"content":{"rendered":"<p>SONGMICS HOME Eritt\u00e4in nopea ty\u00f6kaluton asennus, valaistu senkki, s\u00e4ilytyskaappi, TV-kaappi, lasihylly, ty\u00f6kaluton tekniikka, luonnollinen p\u00e4hkin\u00e4puun v\u00e4ri, eebenpuun musta BBK372B01<br \/>\nV\u00e4ri: luonnollinen p\u00e4hkin\u00e4puun v\u00e4ri-eebenpuun musta<br \/>\nMateriaali: lastulevy, MDF (keskitihe\u00e4 kuitulevy), lasi<br \/>\nKoko: 39 x 100 x 71 cm (S x L x K)<br \/>\nPaino: 26,8 kg<br \/>\nKansi levyn maks. staattinen kantavuus: 54,4 kg<br \/>\nLasihyllyn maks. staattinen kantavuus: 9,1 kg<br \/>\nKeskimm\u00e4isten hyllyjen maks. staattinen kantavuus kaapin ovien takana: 18,1 kg<\/p>\n","protected":false},"excerpt":{"rendered":"<p>SONGMICS HOME Eritt\u00e4in nopea ty\u00f6kaluton asennus, valaistu senkki, s\u00e4ilytyskaappi, TV-kaappi, lasihylly, ty\u00f6kaluton tekniikka, luonnollinen p\u00e4hkin\u00e4puun v\u00e4ri, eebenpuun musta BBK372B01<\/p>\n","protected":false},"featured_media":39050,"comment_status":"open","ping_status":"closed","template":"","meta":[],"product_brand":[],"product_cat":[32],"product_tag":[],"class_list":{"0":"post-29617","1":"product","2":"type-product","3":"status-publish","4":"has-post-thumbnail","6":"product_cat-uncategorized-fi","8":"first","9":"instock","10":"shipping-taxable","11":"purchasable","12":"product-type-simple"},"_links":{"self":[{"href":"https:\/\/nordicmart.andreevmaster.com\/fi\/wp-json\/wp\/v2\/product\/29617","targetHints":{"allow":["GET"]}}],"collection":[{"href":"https:\/\/nordicmart.andreevmaster.com\/fi\/wp-json\/wp\/v2\/product"}],"about":[{"href":"https:\/\/nordicmart.andreevmaster.com\/fi\/wp-json\/wp\/v2\/types\/product"}],"replies":[{"embeddable":true,"href":"https:\/\/nordicmart.andreevmaster.com\/fi\/wp-json\/wp\/v2\/comments?post=29617"}],"wp:featuredmedia":[{"embeddable":true,"href":"https:\/\/nordicmart.andreevmaster.com\/fi\/wp-json\/wp\/v2\/media\/39050"}],"wp:attachment":[{"href":"https:\/\/nordicmart.andreevmaster.com\/fi\/wp-json\/wp\/v2\/media?parent=29617"}],"wp:term":[{"taxonomy":"product_brand","embeddable":true,"href":"https:\/\/nordicmart.andreevmaster.com\/fi\/wp-json\/wp\/v2\/product_brand?post=29617"},{"taxonomy":"product_cat","embeddable":true,"href":"https:\/\/nordicmart.andreevmaster.com\/fi\/wp-json\/wp\/v2\/product_cat?post=29617"},{"taxonomy":"product_tag","embeddable":true,"href":"https:\/\/nordicmart.andreevmaster.com\/fi\/wp-json\/wp\/v2\/product_tag?post=29617"}],"curies":[{"name":"wp","href":"https:\/\/api.w.org\/{rel}","templated":true}]}}