{"id":29615,"date":"2026-02-27T00:07:22","date_gmt":"2026-02-27T00:07:22","guid":{"rendered":"https:\/\/nordicmart.andreevmaster.com\/product\/vasagle-keittionkaappi-viinitelineella-vintagevalkoinen-hunajaruskea\/"},"modified":"2026-02-27T09:31:39","modified_gmt":"2026-02-27T09:31:39","slug":"vasagle-keittionkaappi-viinitelineella-vintagevalkoinen-hunajaruskea","status":"publish","type":"product","link":"https:\/\/nordicmart.andreevmaster.com\/fi\/tuote\/vasagle-keittionkaappi-viinitelineella-vintagevalkoinen-hunajaruskea\/","title":{"rendered":"VASAGLE keitti\u00f6nkaappi viinitelineell\u00e4, vintagevalkoinen-hunajaruskea"},"content":{"rendered":"<p>VASAGLE keitti\u00f6nkaappi irrotettavalla viinitelineell\u00e4, senkki laatikoilla ja ovilla, s\u00e4\u00e4dett\u00e4v\u00e4t hyllyt, maalaistyyli, olohuoneeseen, keitti\u00f6\u00f6n, ruokailuhuoneeseen, vintagevalkoinen-hunajaruskea BBK371W02<br \/>\nV\u00e4ri: vintagevalkoinen-hunajaruskea<br \/>\nMateriaali: MDF (keskitihe\u00e4 kuitulevy), puulastulevy<br \/>\nKoko: 40 x 114,5 x 80 cm (S x L x K)<br \/>\nPaino: 42,3 kg<br \/>\nYl\u00e4levyn maks. staattinen kantavuus: 90,7 kg<br \/>\nEnimm\u00e4iskantavuus per laatikko: 4,5 kg<br \/>\nS\u00e4\u00e4dett\u00e4v\u00e4n hyllyn maks. staattinen kantavuus: 13,6 kg<\/p>\n","protected":false},"excerpt":{"rendered":"<p>VASAGLE keitti\u00f6nkaappi irrotettavalla viinitelineell\u00e4, senkki laatikoilla ja ovilla, s\u00e4\u00e4dett\u00e4v\u00e4t hyllyt, maalaistyyli, olohuoneeseen, keitti\u00f6\u00f6n, ruokailuhuoneeseen, vintagevalkoinen-hunajaruskea BBK371W02<\/p>\n","protected":false},"featured_media":39049,"comment_status":"open","ping_status":"closed","template":"","meta":[],"product_brand":[],"product_cat":[32],"product_tag":[],"class_list":{"0":"post-29615","1":"product","2":"type-product","3":"status-publish","4":"has-post-thumbnail","6":"product_cat-uncategorized-fi","8":"first","9":"instock","10":"shipping-taxable","11":"purchasable","12":"product-type-simple"},"_links":{"self":[{"href":"https:\/\/nordicmart.andreevmaster.com\/fi\/wp-json\/wp\/v2\/product\/29615","targetHints":{"allow":["GET"]}}],"collection":[{"href":"https:\/\/nordicmart.andreevmaster.com\/fi\/wp-json\/wp\/v2\/product"}],"about":[{"href":"https:\/\/nordicmart.andreevmaster.com\/fi\/wp-json\/wp\/v2\/types\/product"}],"replies":[{"embeddable":true,"href":"https:\/\/nordicmart.andreevmaster.com\/fi\/wp-json\/wp\/v2\/comments?post=29615"}],"wp:featuredmedia":[{"embeddable":true,"href":"https:\/\/nordicmart.andreevmaster.com\/fi\/wp-json\/wp\/v2\/media\/39049"}],"wp:attachment":[{"href":"https:\/\/nordicmart.andreevmaster.com\/fi\/wp-json\/wp\/v2\/media?parent=29615"}],"wp:term":[{"taxonomy":"product_brand","embeddable":true,"href":"https:\/\/nordicmart.andreevmaster.com\/fi\/wp-json\/wp\/v2\/product_brand?post=29615"},{"taxonomy":"product_cat","embeddable":true,"href":"https:\/\/nordicmart.andreevmaster.com\/fi\/wp-json\/wp\/v2\/product_cat?post=29615"},{"taxonomy":"product_tag","embeddable":true,"href":"https:\/\/nordicmart.andreevmaster.com\/fi\/wp-json\/wp\/v2\/product_tag?post=29615"}],"curies":[{"name":"wp","href":"https:\/\/api.w.org\/{rel}","templated":true}]}}