{"id":29614,"date":"2026-02-27T00:07:22","date_gmt":"2026-02-27T00:07:22","guid":{"rendered":"https:\/\/nordicmart.andreevmaster.com\/product\/vasagle-korkea-maalaistyyliin-sopiva-keittiokaappi-liukuovilla-ja-hyllyilla\/"},"modified":"2026-02-27T09:31:39","modified_gmt":"2026-02-27T09:31:39","slug":"vasagle-korkea-maalaistyyliin-sopiva-keittiokaappi-liukuovilla-ja-hyllyilla","status":"publish","type":"product","link":"https:\/\/nordicmart.andreevmaster.com\/fi\/tuote\/vasagle-korkea-maalaistyyliin-sopiva-keittiokaappi-liukuovilla-ja-hyllyilla\/","title":{"rendered":"VASAGLE Korkea maalaistyyliin sopiva keitti\u00f6kaappi liukuovilla ja hyllyill\u00e4"},"content":{"rendered":"<p>VASAGLE keitti\u00f6nkaappi, 178,6 cm korkea monik\u00e4ytt\u00f6inen kaappi, maalaistyyli, liukuovet, laatikko, hylly ja s\u00e4\u00e4dett\u00e4v\u00e4t hyllylevyt, keitti\u00f6\u00f6n ja ruokailuhuoneeseen, vintagevalkoinen BBK364W02<br \/>\nV\u00e4ri: vintagevalkoinen<br \/>\nMateriaali: MDF (keskitihe\u00e4 kuitulevy), lastulevy<br \/>\nKoko: 40 x 80 x 178,6 cm (S x L x K)<br \/>\nPaino: 50,6 kg<br \/>\nMaks. staattinen kokonaiskuormitus: 225 kg<br \/>\nSis\u00e4kaappien jokaisen s\u00e4\u00e4dett\u00e4v\u00e4n hyllyn maks. staattinen kantavuus: 22,7 kg<br \/>\nUlosvedett\u00e4v\u00e4n hyllylokeron maks. staattinen kantavuus: 22,7 kg<br \/>\nOvien osastojen maks. staattinen kantavuus: 5 kg<br \/>\nLaatikkon enimm\u00e4iskantavuus: 13,6 kg<\/p>\n","protected":false},"excerpt":{"rendered":"<p>VASAGLE keitti\u00f6nkaappi, 178,6 cm korkea monik\u00e4ytt\u00f6inen kaappi, maalaistyyli, liukuovet, laatikko, hylly ja s\u00e4\u00e4dett\u00e4v\u00e4t hyllylevyt, keitti\u00f6\u00f6n ja ruokailuhuoneeseen, vintagevalkoinen BBK364W02<\/p>\n","protected":false},"featured_media":39048,"comment_status":"open","ping_status":"closed","template":"","meta":[],"product_brand":[],"product_cat":[32],"product_tag":[],"class_list":{"0":"post-29614","1":"product","2":"type-product","3":"status-publish","4":"has-post-thumbnail","6":"product_cat-uncategorized-fi","8":"first","9":"instock","10":"shipping-taxable","11":"purchasable","12":"product-type-simple"},"_links":{"self":[{"href":"https:\/\/nordicmart.andreevmaster.com\/fi\/wp-json\/wp\/v2\/product\/29614","targetHints":{"allow":["GET"]}}],"collection":[{"href":"https:\/\/nordicmart.andreevmaster.com\/fi\/wp-json\/wp\/v2\/product"}],"about":[{"href":"https:\/\/nordicmart.andreevmaster.com\/fi\/wp-json\/wp\/v2\/types\/product"}],"replies":[{"embeddable":true,"href":"https:\/\/nordicmart.andreevmaster.com\/fi\/wp-json\/wp\/v2\/comments?post=29614"}],"wp:featuredmedia":[{"embeddable":true,"href":"https:\/\/nordicmart.andreevmaster.com\/fi\/wp-json\/wp\/v2\/media\/39048"}],"wp:attachment":[{"href":"https:\/\/nordicmart.andreevmaster.com\/fi\/wp-json\/wp\/v2\/media?parent=29614"}],"wp:term":[{"taxonomy":"product_brand","embeddable":true,"href":"https:\/\/nordicmart.andreevmaster.com\/fi\/wp-json\/wp\/v2\/product_brand?post=29614"},{"taxonomy":"product_cat","embeddable":true,"href":"https:\/\/nordicmart.andreevmaster.com\/fi\/wp-json\/wp\/v2\/product_cat?post=29614"},{"taxonomy":"product_tag","embeddable":true,"href":"https:\/\/nordicmart.andreevmaster.com\/fi\/wp-json\/wp\/v2\/product_tag?post=29614"}],"curies":[{"name":"wp","href":"https:\/\/api.w.org\/{rel}","templated":true}]}}