{"id":29613,"date":"2026-02-27T00:07:22","date_gmt":"2026-02-27T00:07:22","guid":{"rendered":"https:\/\/nordicmart.andreevmaster.com\/product\/vasagle-vintage-senkki-valkoinen-valaistu\/"},"modified":"2026-02-27T09:31:39","modified_gmt":"2026-02-27T09:31:39","slug":"vasagle-vintage-senkki-valkoinen-valaistu","status":"publish","type":"product","link":"https:\/\/nordicmart.andreevmaster.com\/fi\/tuote\/vasagle-vintage-senkki-valkoinen-valaistu\/","title":{"rendered":"VASAGLE Vintage-senkki, valkoinen, valaistu"},"content":{"rendered":"<p>VASAGLE valaistu sivup\u00f6yt\u00e4, s\u00e4ilytyskaappi, ovet ja laatikot, keitti\u00f6kaappi, kahvibaari, s\u00e4\u00e4dett\u00e4v\u00e4 hylly, maalaistyyli, pilvinen valkoinen BBK363W21<br \/>\nV\u00e4ri: Vintagevalkoinen<br \/>\nKoko: 39,7 x 80,4 x 180,3 cm (S x L x K)<br \/>\nPaino: 42,5 kg<\/p>\n","protected":false},"excerpt":{"rendered":"<p>VASAGLE valaistu sivup\u00f6yt\u00e4, s\u00e4ilytyskaappi, ovet ja laatikot, keitti\u00f6kaappi, kahvibaari, s\u00e4\u00e4dett\u00e4v\u00e4 hylly, maalaistyyli, pilvinen valkoinen BBK363W21<\/p>\n","protected":false},"featured_media":0,"comment_status":"open","ping_status":"closed","template":"","meta":[],"product_brand":[],"product_cat":[32],"product_tag":[],"class_list":{"0":"post-29613","1":"product","2":"type-product","3":"status-publish","5":"product_cat-uncategorized-fi","7":"first","8":"instock","9":"shipping-taxable","10":"purchasable","11":"product-type-simple"},"_links":{"self":[{"href":"https:\/\/nordicmart.andreevmaster.com\/fi\/wp-json\/wp\/v2\/product\/29613","targetHints":{"allow":["GET"]}}],"collection":[{"href":"https:\/\/nordicmart.andreevmaster.com\/fi\/wp-json\/wp\/v2\/product"}],"about":[{"href":"https:\/\/nordicmart.andreevmaster.com\/fi\/wp-json\/wp\/v2\/types\/product"}],"replies":[{"embeddable":true,"href":"https:\/\/nordicmart.andreevmaster.com\/fi\/wp-json\/wp\/v2\/comments?post=29613"}],"wp:attachment":[{"href":"https:\/\/nordicmart.andreevmaster.com\/fi\/wp-json\/wp\/v2\/media?parent=29613"}],"wp:term":[{"taxonomy":"product_brand","embeddable":true,"href":"https:\/\/nordicmart.andreevmaster.com\/fi\/wp-json\/wp\/v2\/product_brand?post=29613"},{"taxonomy":"product_cat","embeddable":true,"href":"https:\/\/nordicmart.andreevmaster.com\/fi\/wp-json\/wp\/v2\/product_cat?post=29613"},{"taxonomy":"product_tag","embeddable":true,"href":"https:\/\/nordicmart.andreevmaster.com\/fi\/wp-json\/wp\/v2\/product_tag?post=29613"}],"curies":[{"name":"wp","href":"https:\/\/api.w.org\/{rel}","templated":true}]}}