{"id":29612,"date":"2026-02-27T00:07:22","date_gmt":"2026-02-27T00:07:22","guid":{"rendered":"https:\/\/nordicmart.andreevmaster.com\/product\/vasagle-valaistu-sivupoyta-pilvinen-valkoinen\/"},"modified":"2026-02-27T09:31:38","modified_gmt":"2026-02-27T09:31:38","slug":"vasagle-valaistu-sivupoyta-pilvinen-valkoinen","status":"publish","type":"product","link":"https:\/\/nordicmart.andreevmaster.com\/fi\/tuote\/vasagle-valaistu-sivupoyta-pilvinen-valkoinen\/","title":{"rendered":"VASAGLE valaistu sivup\u00f6yt\u00e4 pilvinen valkoinen"},"content":{"rendered":"<p>VASAGLE valaistu sivup\u00f6yt\u00e4, s\u00e4ilytyskaappi, ovet ja laatikot, keitti\u00f6kaappi, kahvibaari, s\u00e4\u00e4dett\u00e4v\u00e4 hylly, maalaistyyli, pilvinen valkoinen BBK363W21<br \/>\nV\u00e4ri: pilvinen valkoinen<br \/>\nKoko: 39,7 x 80,4 x 180,3 cm (S x L x K)<br \/>\nPaino: 42,5 kg<\/p>\n","protected":false},"excerpt":{"rendered":"<p>VASAGLE valaistu sivup\u00f6yt\u00e4, s\u00e4ilytyskaappi, ovet ja laatikot, keitti\u00f6kaappi, kahvibaari, s\u00e4\u00e4dett\u00e4v\u00e4 hylly, maalaistyyli, pilvinen valkoinen BBK363W21<\/p>\n","protected":false},"featured_media":39047,"comment_status":"open","ping_status":"closed","template":"","meta":[],"product_brand":[],"product_cat":[32],"product_tag":[],"class_list":{"0":"post-29612","1":"product","2":"type-product","3":"status-publish","4":"has-post-thumbnail","6":"product_cat-uncategorized-fi","8":"first","9":"instock","10":"shipping-taxable","11":"purchasable","12":"product-type-simple"},"_links":{"self":[{"href":"https:\/\/nordicmart.andreevmaster.com\/fi\/wp-json\/wp\/v2\/product\/29612","targetHints":{"allow":["GET"]}}],"collection":[{"href":"https:\/\/nordicmart.andreevmaster.com\/fi\/wp-json\/wp\/v2\/product"}],"about":[{"href":"https:\/\/nordicmart.andreevmaster.com\/fi\/wp-json\/wp\/v2\/types\/product"}],"replies":[{"embeddable":true,"href":"https:\/\/nordicmart.andreevmaster.com\/fi\/wp-json\/wp\/v2\/comments?post=29612"}],"wp:featuredmedia":[{"embeddable":true,"href":"https:\/\/nordicmart.andreevmaster.com\/fi\/wp-json\/wp\/v2\/media\/39047"}],"wp:attachment":[{"href":"https:\/\/nordicmart.andreevmaster.com\/fi\/wp-json\/wp\/v2\/media?parent=29612"}],"wp:term":[{"taxonomy":"product_brand","embeddable":true,"href":"https:\/\/nordicmart.andreevmaster.com\/fi\/wp-json\/wp\/v2\/product_brand?post=29612"},{"taxonomy":"product_cat","embeddable":true,"href":"https:\/\/nordicmart.andreevmaster.com\/fi\/wp-json\/wp\/v2\/product_cat?post=29612"},{"taxonomy":"product_tag","embeddable":true,"href":"https:\/\/nordicmart.andreevmaster.com\/fi\/wp-json\/wp\/v2\/product_tag?post=29612"}],"curies":[{"name":"wp","href":"https:\/\/api.w.org\/{rel}","templated":true}]}}