{"id":29610,"date":"2026-02-27T00:07:21","date_gmt":"2026-02-27T00:07:21","guid":{"rendered":"https:\/\/nordicmart.andreevmaster.com\/product\/vasagle-senkki-jossa-on-saadettava-hylly-ja-uurretut-ovet\/"},"modified":"2026-02-27T09:31:38","modified_gmt":"2026-02-27T09:31:38","slug":"vasagle-senkki-jossa-on-saadettava-hylly-ja-uurretut-ovet","status":"publish","type":"product","link":"https:\/\/nordicmart.andreevmaster.com\/fi\/tuote\/vasagle-senkki-jossa-on-saadettava-hylly-ja-uurretut-ovet\/","title":{"rendered":"VASAGLE-senkki, jossa on s\u00e4\u00e4dett\u00e4v\u00e4 hylly ja uurretut ovet"},"content":{"rendered":"<p>VASAGLE MAXE -kokoelma \u2013 senkki, keitti\u00f6nkaappi, s\u00e4ilytyskaappi s\u00e4\u00e4dett\u00e4v\u00e4ll\u00e4 hyllyll\u00e4, uurretut ovet, siirtym\u00e4tyyli, keitti\u00f6, ruokasali, tammibeige BBK344Y01<br \/>\nV\u00e4ri: tammibeige<br \/>\nMateriaali: lastulevy, MDF (keskitihe\u00e4 kuitulevy)<br \/>\nKoko: 40 x 76 x 80 cm (S x L x K)<br \/>\nPaino: 24 kg<br \/>\nMaks. staattinen kokonaiskuormitus: 180 kg<br \/>\nKattopaneelin maks. staattinen kantavuus: 70 kg<br \/>\nHyllyn maks. staattinen kantavuus: 55 kg<\/p>\n","protected":false},"excerpt":{"rendered":"<p>VASAGLE MAXE -kokoelma \u2013 senkki, keitti\u00f6nkaappi, s\u00e4ilytyskaappi s\u00e4\u00e4dett\u00e4v\u00e4ll\u00e4 hyllyll\u00e4, uurretut ovet, siirtym\u00e4tyyli, keitti\u00f6, ruokasali, tammibeige BBK344Y01<\/p>\n","protected":false},"featured_media":39046,"comment_status":"open","ping_status":"closed","template":"","meta":[],"product_brand":[],"product_cat":[32],"product_tag":[],"class_list":{"0":"post-29610","1":"product","2":"type-product","3":"status-publish","4":"has-post-thumbnail","6":"product_cat-uncategorized-fi","8":"first","9":"instock","10":"shipping-taxable","11":"purchasable","12":"product-type-simple"},"_links":{"self":[{"href":"https:\/\/nordicmart.andreevmaster.com\/fi\/wp-json\/wp\/v2\/product\/29610","targetHints":{"allow":["GET"]}}],"collection":[{"href":"https:\/\/nordicmart.andreevmaster.com\/fi\/wp-json\/wp\/v2\/product"}],"about":[{"href":"https:\/\/nordicmart.andreevmaster.com\/fi\/wp-json\/wp\/v2\/types\/product"}],"replies":[{"embeddable":true,"href":"https:\/\/nordicmart.andreevmaster.com\/fi\/wp-json\/wp\/v2\/comments?post=29610"}],"wp:featuredmedia":[{"embeddable":true,"href":"https:\/\/nordicmart.andreevmaster.com\/fi\/wp-json\/wp\/v2\/media\/39046"}],"wp:attachment":[{"href":"https:\/\/nordicmart.andreevmaster.com\/fi\/wp-json\/wp\/v2\/media?parent=29610"}],"wp:term":[{"taxonomy":"product_brand","embeddable":true,"href":"https:\/\/nordicmart.andreevmaster.com\/fi\/wp-json\/wp\/v2\/product_brand?post=29610"},{"taxonomy":"product_cat","embeddable":true,"href":"https:\/\/nordicmart.andreevmaster.com\/fi\/wp-json\/wp\/v2\/product_cat?post=29610"},{"taxonomy":"product_tag","embeddable":true,"href":"https:\/\/nordicmart.andreevmaster.com\/fi\/wp-json\/wp\/v2\/product_tag?post=29610"}],"curies":[{"name":"wp","href":"https:\/\/api.w.org\/{rel}","templated":true}]}}