{"id":29609,"date":"2026-02-27T00:07:21","date_gmt":"2026-02-27T00:07:21","guid":{"rendered":"https:\/\/nordicmart.andreevmaster.com\/product\/songmics-bohoven-kokoelma-rottinkityylinen-ovellinen-senkki-tammibeige\/"},"modified":"2026-02-27T09:31:38","modified_gmt":"2026-02-27T09:31:38","slug":"songmics-bohoven-kokoelma-rottinkityylinen-ovellinen-senkki-tammibeige","status":"publish","type":"product","link":"https:\/\/nordicmart.andreevmaster.com\/fi\/tuote\/songmics-bohoven-kokoelma-rottinkityylinen-ovellinen-senkki-tammibeige\/","title":{"rendered":"SONGMICS BOHOVEN -kokoelma Rottinkityylinen ovellinen senkki, tammibeige"},"content":{"rendered":"<p>SONGMICS HOME BOHOVEN -kokoelma \u2013 sivup\u00f6yt\u00e4, keitti\u00f6nkaappi rottinkityylisill\u00e4 ovilla, s\u00e4ilytyskaappi laatikoilla, s\u00e4\u00e4dett\u00e4v\u00e4 hylly, boho-tyyli, ruokasaliin, tammibeige<br \/>\nV\u00e4ri: tammibeige<br \/>\nMateriaali: massiivipuujalat, MDF (keskitihe\u00e4 kuitulevy), puulastulevy, PVC-muovi (polyvinyylikloridi)<br \/>\nKoko: 40 x 70 x 90 cm (S x L x K)<br \/>\nPaino: 23,8 kg<br \/>\nKannen maks. staattinen kantavuus: 54,4 kg<br \/>\nJokaisen laatikon maks. staattinen kantavuus: 10 kg<br \/>\nS\u00e4\u00e4dett\u00e4v\u00e4n hyllyn maks. staattinen kantavuus: 31,8 kg<\/p>\n","protected":false},"excerpt":{"rendered":"<p>SONGMICS HOME BOHOVEN -kokoelma \u2013 sivup\u00f6yt\u00e4, keitti\u00f6nkaappi rottinkityylisill\u00e4 ovilla, s\u00e4ilytyskaappi laatikoilla, s\u00e4\u00e4dett\u00e4v\u00e4 hylly, boho-tyyli, ruokasaliin, tammibeige<\/p>\n","protected":false},"featured_media":39045,"comment_status":"open","ping_status":"closed","template":"","meta":[],"product_brand":[],"product_cat":[32],"product_tag":[],"class_list":{"0":"post-29609","1":"product","2":"type-product","3":"status-publish","4":"has-post-thumbnail","6":"product_cat-uncategorized-fi","8":"first","9":"instock","10":"shipping-taxable","11":"purchasable","12":"product-type-simple"},"_links":{"self":[{"href":"https:\/\/nordicmart.andreevmaster.com\/fi\/wp-json\/wp\/v2\/product\/29609","targetHints":{"allow":["GET"]}}],"collection":[{"href":"https:\/\/nordicmart.andreevmaster.com\/fi\/wp-json\/wp\/v2\/product"}],"about":[{"href":"https:\/\/nordicmart.andreevmaster.com\/fi\/wp-json\/wp\/v2\/types\/product"}],"replies":[{"embeddable":true,"href":"https:\/\/nordicmart.andreevmaster.com\/fi\/wp-json\/wp\/v2\/comments?post=29609"}],"wp:featuredmedia":[{"embeddable":true,"href":"https:\/\/nordicmart.andreevmaster.com\/fi\/wp-json\/wp\/v2\/media\/39045"}],"wp:attachment":[{"href":"https:\/\/nordicmart.andreevmaster.com\/fi\/wp-json\/wp\/v2\/media?parent=29609"}],"wp:term":[{"taxonomy":"product_brand","embeddable":true,"href":"https:\/\/nordicmart.andreevmaster.com\/fi\/wp-json\/wp\/v2\/product_brand?post=29609"},{"taxonomy":"product_cat","embeddable":true,"href":"https:\/\/nordicmart.andreevmaster.com\/fi\/wp-json\/wp\/v2\/product_cat?post=29609"},{"taxonomy":"product_tag","embeddable":true,"href":"https:\/\/nordicmart.andreevmaster.com\/fi\/wp-json\/wp\/v2\/product_tag?post=29609"}],"curies":[{"name":"wp","href":"https:\/\/api.w.org\/{rel}","templated":true}]}}