{"id":29608,"date":"2026-02-27T00:07:21","date_gmt":"2026-02-27T00:07:21","guid":{"rendered":"https:\/\/nordicmart.andreevmaster.com\/product\/vasagle-keittionkaappi-laatikoilla-ja-ovilla-pilvinen-valkoinen-ja-hunajainen-ruskea\/"},"modified":"2026-02-27T09:31:38","modified_gmt":"2026-02-27T09:31:38","slug":"vasagle-keittionkaappi-laatikoilla-ja-ovilla-pilvinen-valkoinen-ja-hunajainen-ruskea","status":"publish","type":"product","link":"https:\/\/nordicmart.andreevmaster.com\/fi\/tuote\/vasagle-keittionkaappi-laatikoilla-ja-ovilla-pilvinen-valkoinen-ja-hunajainen-ruskea\/","title":{"rendered":"VASAGLE keitti\u00f6nkaappi laatikoilla ja ovilla, pilvinen valkoinen ja hunajainen ruskea"},"content":{"rendered":"<p>VASAGLE keitti\u00f6nkaappi, lipasto laatikoilla, s\u00e4ilytyskaappi ovilla, s\u00e4\u00e4dett\u00e4v\u00e4 hylly, maalaistyyli, olohuoneeseen, keitti\u00f6\u00f6n, ruokailuhuoneeseen, vintagevalkoinen-hunajaruskea BBK341W01<br \/>\nV\u00e4ri: pilvinen valkoinen-hunajainen ruskea<br \/>\nMateriaali: MDF (keskitihe\u00e4 kuitulevy), lastulevy, ter\u00e4s<br \/>\nKoko: 40 x 80 x 80 cm (S x L x K)<br \/>\nPaino: 25,7 kg<br \/>\nYl\u00e4levyn maks. staattinen kantavuus: 75 kg<br \/>\nLaatikkon enimm\u00e4iskantavuus: 9,1 kg<br \/>\nS\u00e4\u00e4dett\u00e4v\u00e4n hyllyn maks. staattinen kantavuus: 22,7 kg<\/p>\n","protected":false},"excerpt":{"rendered":"<p>VASAGLE keitti\u00f6nkaappi, lipasto laatikoilla, s\u00e4ilytyskaappi ovilla, s\u00e4\u00e4dett\u00e4v\u00e4 hylly, maalaistyyli, olohuoneeseen, keitti\u00f6\u00f6n, ruokailuhuoneeseen, vintagevalkoinen-hunajaruskea BBK341W01<\/p>\n","protected":false},"featured_media":0,"comment_status":"open","ping_status":"closed","template":"","meta":[],"product_brand":[],"product_cat":[32],"product_tag":[],"class_list":{"0":"post-29608","1":"product","2":"type-product","3":"status-publish","5":"product_cat-uncategorized-fi","7":"first","8":"instock","9":"shipping-taxable","10":"purchasable","11":"product-type-simple"},"_links":{"self":[{"href":"https:\/\/nordicmart.andreevmaster.com\/fi\/wp-json\/wp\/v2\/product\/29608","targetHints":{"allow":["GET"]}}],"collection":[{"href":"https:\/\/nordicmart.andreevmaster.com\/fi\/wp-json\/wp\/v2\/product"}],"about":[{"href":"https:\/\/nordicmart.andreevmaster.com\/fi\/wp-json\/wp\/v2\/types\/product"}],"replies":[{"embeddable":true,"href":"https:\/\/nordicmart.andreevmaster.com\/fi\/wp-json\/wp\/v2\/comments?post=29608"}],"wp:attachment":[{"href":"https:\/\/nordicmart.andreevmaster.com\/fi\/wp-json\/wp\/v2\/media?parent=29608"}],"wp:term":[{"taxonomy":"product_brand","embeddable":true,"href":"https:\/\/nordicmart.andreevmaster.com\/fi\/wp-json\/wp\/v2\/product_brand?post=29608"},{"taxonomy":"product_cat","embeddable":true,"href":"https:\/\/nordicmart.andreevmaster.com\/fi\/wp-json\/wp\/v2\/product_cat?post=29608"},{"taxonomy":"product_tag","embeddable":true,"href":"https:\/\/nordicmart.andreevmaster.com\/fi\/wp-json\/wp\/v2\/product_tag?post=29608"}],"curies":[{"name":"wp","href":"https:\/\/api.w.org\/{rel}","templated":true}]}}