{"id":29606,"date":"2026-02-27T00:07:20","date_gmt":"2026-02-27T00:07:20","guid":{"rendered":"https:\/\/nordicmart.andreevmaster.com\/product\/vasagle-kapea-kylpyhuoneen-kaappi-ovella-ja-hyllylla-pieneen-kylpyhuoneeseen\/"},"modified":"2026-02-27T09:31:38","modified_gmt":"2026-02-27T09:31:38","slug":"vasagle-kapea-kylpyhuoneen-kaappi-ovella-ja-hyllylla-pieneen-kylpyhuoneeseen","status":"publish","type":"product","link":"https:\/\/nordicmart.andreevmaster.com\/fi\/tuote\/vasagle-kapea-kylpyhuoneen-kaappi-ovella-ja-hyllylla-pieneen-kylpyhuoneeseen\/","title":{"rendered":"VASAGLE Kapea kylpyhuoneen kaappi ovella ja hyllyll\u00e4 pieneen kylpyhuoneeseen"},"content":{"rendered":"<p>VASAGLE Pieni kylpyhuoneen kaappi, kapea kylpyhuoneen kaappi, seisova, ovella ja hyllyll\u00e4, pieni kaappi wc-paperille, wc-kaappi, s\u00e4\u00e4dett\u00e4v\u00e4t hyllyt, 20 x 18 x 80 cm, hunajanruskea, BBK310K01<br \/>\nV\u00e4ri: hunajanruskea<br \/>\nMateriaali: MDF (keskitihe\u00e4 kuitulevy)<br \/>\nKoko: 20 x 18 x 80 cm (S x L x K)<br \/>\nPaino: 5 kg<br \/>\nJokaisen s\u00e4\u00e4dett\u00e4v\u00e4n hyllyn maks. staattinen kantavuus: 5 kg<\/p>\n","protected":false},"excerpt":{"rendered":"<p>VASAGLE Pieni kylpyhuoneen kaappi, kapea kylpyhuoneen kaappi, seisova, ovella ja hyllyll\u00e4, pieni kaappi wc-paperille, wc-kaappi, s\u00e4\u00e4dett\u00e4v\u00e4t hyllyt, 20 x 18 x 80 cm, hunajanruskea, BBK310K01<\/p>\n","protected":false},"featured_media":39043,"comment_status":"open","ping_status":"closed","template":"","meta":[],"product_brand":[],"product_cat":[32],"product_tag":[],"class_list":{"0":"post-29606","1":"product","2":"type-product","3":"status-publish","4":"has-post-thumbnail","6":"product_cat-uncategorized-fi","8":"first","9":"instock","10":"shipping-taxable","11":"purchasable","12":"product-type-simple"},"_links":{"self":[{"href":"https:\/\/nordicmart.andreevmaster.com\/fi\/wp-json\/wp\/v2\/product\/29606","targetHints":{"allow":["GET"]}}],"collection":[{"href":"https:\/\/nordicmart.andreevmaster.com\/fi\/wp-json\/wp\/v2\/product"}],"about":[{"href":"https:\/\/nordicmart.andreevmaster.com\/fi\/wp-json\/wp\/v2\/types\/product"}],"replies":[{"embeddable":true,"href":"https:\/\/nordicmart.andreevmaster.com\/fi\/wp-json\/wp\/v2\/comments?post=29606"}],"wp:featuredmedia":[{"embeddable":true,"href":"https:\/\/nordicmart.andreevmaster.com\/fi\/wp-json\/wp\/v2\/media\/39043"}],"wp:attachment":[{"href":"https:\/\/nordicmart.andreevmaster.com\/fi\/wp-json\/wp\/v2\/media?parent=29606"}],"wp:term":[{"taxonomy":"product_brand","embeddable":true,"href":"https:\/\/nordicmart.andreevmaster.com\/fi\/wp-json\/wp\/v2\/product_brand?post=29606"},{"taxonomy":"product_cat","embeddable":true,"href":"https:\/\/nordicmart.andreevmaster.com\/fi\/wp-json\/wp\/v2\/product_cat?post=29606"},{"taxonomy":"product_tag","embeddable":true,"href":"https:\/\/nordicmart.andreevmaster.com\/fi\/wp-json\/wp\/v2\/product_tag?post=29606"}],"curies":[{"name":"wp","href":"https:\/\/api.w.org\/{rel}","templated":true}]}}