{"id":29605,"date":"2026-02-27T00:07:20","date_gmt":"2026-02-27T00:07:20","guid":{"rendered":"https:\/\/nordicmart.andreevmaster.com\/product\/vasagle-sailytyskaappi-ovilla-ja-saadettavalla-hyllylla-pilvinen-valkoinen\/"},"modified":"2026-02-27T09:31:37","modified_gmt":"2026-02-27T09:31:37","slug":"vasagle-sailytyskaappi-ovilla-ja-saadettavalla-hyllylla-pilvinen-valkoinen","status":"publish","type":"product","link":"https:\/\/nordicmart.andreevmaster.com\/fi\/tuote\/vasagle-sailytyskaappi-ovilla-ja-saadettavalla-hyllylla-pilvinen-valkoinen\/","title":{"rendered":"VASAGLE s\u00e4ilytyskaappi ovilla ja s\u00e4\u00e4dett\u00e4v\u00e4ll\u00e4 hyllyll\u00e4, pilvinen valkoinen"},"content":{"rendered":"<p>VASAGLE senkki, s\u00e4ilytyskaappi, 40 x 103,5 x 85 cm, keitti\u00f6kaappi ovilla, korkeuss\u00e4\u00e4dett\u00e4v\u00e4t hyllyt, 3 laatikkoa, avoin lokero, moderni, olohuoneeseen tai keitti\u00f6\u00f6n<br \/>\nV\u00e4ri: pilvinen valkoinen<br \/>\nMateriaali: lastulevy, MDF (keskitihe\u00e4 kuitulevy)<br \/>\nKoko: 40 x 103,3 x 74,5 cm (S x L x K)<br \/>\nPaino: 33 kg<br \/>\nMaks. staattinen kokonaiskuormitus: 90 kg<\/p>\n","protected":false},"excerpt":{"rendered":"<p>VASAGLE senkki, s\u00e4ilytyskaappi, 40 x 103,5 x 85 cm, keitti\u00f6kaappi ovilla, korkeuss\u00e4\u00e4dett\u00e4v\u00e4t hyllyt, 3 laatikkoa, avoin lokero, moderni, olohuoneeseen tai keitti\u00f6\u00f6n<\/p>\n","protected":false},"featured_media":0,"comment_status":"open","ping_status":"closed","template":"","meta":[],"product_brand":[],"product_cat":[32],"product_tag":[],"class_list":{"0":"post-29605","1":"product","2":"type-product","3":"status-publish","5":"product_cat-uncategorized-fi","7":"first","8":"instock","9":"shipping-taxable","10":"purchasable","11":"product-type-simple"},"_links":{"self":[{"href":"https:\/\/nordicmart.andreevmaster.com\/fi\/wp-json\/wp\/v2\/product\/29605","targetHints":{"allow":["GET"]}}],"collection":[{"href":"https:\/\/nordicmart.andreevmaster.com\/fi\/wp-json\/wp\/v2\/product"}],"about":[{"href":"https:\/\/nordicmart.andreevmaster.com\/fi\/wp-json\/wp\/v2\/types\/product"}],"replies":[{"embeddable":true,"href":"https:\/\/nordicmart.andreevmaster.com\/fi\/wp-json\/wp\/v2\/comments?post=29605"}],"wp:attachment":[{"href":"https:\/\/nordicmart.andreevmaster.com\/fi\/wp-json\/wp\/v2\/media?parent=29605"}],"wp:term":[{"taxonomy":"product_brand","embeddable":true,"href":"https:\/\/nordicmart.andreevmaster.com\/fi\/wp-json\/wp\/v2\/product_brand?post=29605"},{"taxonomy":"product_cat","embeddable":true,"href":"https:\/\/nordicmart.andreevmaster.com\/fi\/wp-json\/wp\/v2\/product_cat?post=29605"},{"taxonomy":"product_tag","embeddable":true,"href":"https:\/\/nordicmart.andreevmaster.com\/fi\/wp-json\/wp\/v2\/product_tag?post=29605"}],"curies":[{"name":"wp","href":"https:\/\/api.w.org\/{rel}","templated":true}]}}