{"id":29603,"date":"2026-02-27T00:07:20","date_gmt":"2026-02-27T00:07:20","guid":{"rendered":"https:\/\/nordicmart.andreevmaster.com\/product\/vasagle-sailytyskaappi-ovilla-ja-laatikoilla-moderni\/"},"modified":"2026-02-27T09:31:37","modified_gmt":"2026-02-27T09:31:37","slug":"vasagle-sailytyskaappi-ovilla-ja-laatikoilla-moderni","status":"publish","type":"product","link":"https:\/\/nordicmart.andreevmaster.com\/fi\/tuote\/vasagle-sailytyskaappi-ovilla-ja-laatikoilla-moderni\/","title":{"rendered":"VASAGLE S\u00e4ilytyskaappi ovilla ja laatikoilla, moderni"},"content":{"rendered":"<p>VASAGLE senkki, s\u00e4ilytyskaappi, 40 x 103,5 x 85 cm, keitti\u00f6kaappi ovilla, korkeuss\u00e4\u00e4dett\u00e4v\u00e4t hyllyt, 3 laatikkoa, avoin lokero, moderni, olohuoneeseen tai keitti\u00f6\u00f6n<\/p>\n","protected":false},"excerpt":{"rendered":"<p>VASAGLE senkki, s\u00e4ilytyskaappi, 40 x 103,5 x 85 cm, keitti\u00f6kaappi ovilla, korkeuss\u00e4\u00e4dett\u00e4v\u00e4t hyllyt, 3 laatikkoa, avoin lokero, moderni, olohuoneeseen tai keitti\u00f6\u00f6n<\/p>\n","protected":false},"featured_media":39041,"comment_status":"open","ping_status":"closed","template":"","meta":[],"product_brand":[],"product_cat":[32],"product_tag":[],"class_list":{"0":"post-29603","1":"product","2":"type-product","3":"status-publish","4":"has-post-thumbnail","6":"product_cat-uncategorized-fi","8":"first","9":"instock","10":"shipping-taxable","11":"purchasable","12":"product-type-simple"},"_links":{"self":[{"href":"https:\/\/nordicmart.andreevmaster.com\/fi\/wp-json\/wp\/v2\/product\/29603","targetHints":{"allow":["GET"]}}],"collection":[{"href":"https:\/\/nordicmart.andreevmaster.com\/fi\/wp-json\/wp\/v2\/product"}],"about":[{"href":"https:\/\/nordicmart.andreevmaster.com\/fi\/wp-json\/wp\/v2\/types\/product"}],"replies":[{"embeddable":true,"href":"https:\/\/nordicmart.andreevmaster.com\/fi\/wp-json\/wp\/v2\/comments?post=29603"}],"wp:featuredmedia":[{"embeddable":true,"href":"https:\/\/nordicmart.andreevmaster.com\/fi\/wp-json\/wp\/v2\/media\/39041"}],"wp:attachment":[{"href":"https:\/\/nordicmart.andreevmaster.com\/fi\/wp-json\/wp\/v2\/media?parent=29603"}],"wp:term":[{"taxonomy":"product_brand","embeddable":true,"href":"https:\/\/nordicmart.andreevmaster.com\/fi\/wp-json\/wp\/v2\/product_brand?post=29603"},{"taxonomy":"product_cat","embeddable":true,"href":"https:\/\/nordicmart.andreevmaster.com\/fi\/wp-json\/wp\/v2\/product_cat?post=29603"},{"taxonomy":"product_tag","embeddable":true,"href":"https:\/\/nordicmart.andreevmaster.com\/fi\/wp-json\/wp\/v2\/product_tag?post=29603"}],"curies":[{"name":"wp","href":"https:\/\/api.w.org\/{rel}","templated":true}]}}