{"id":29599,"date":"2026-02-27T00:07:19","date_gmt":"2026-02-27T00:07:19","guid":{"rendered":"https:\/\/nordicmart.andreevmaster.com\/product\/vasagle-sailytyskaappi-saadettavilla-hyllyilla-40-x-80-x-90-cm\/"},"modified":"2026-02-27T09:31:37","modified_gmt":"2026-02-27T09:31:37","slug":"vasagle-sailytyskaappi-saadettavilla-hyllyilla-40-x-80-x-90-cm","status":"publish","type":"product","link":"https:\/\/nordicmart.andreevmaster.com\/fi\/tuote\/vasagle-sailytyskaappi-saadettavilla-hyllyilla-40-x-80-x-90-cm\/","title":{"rendered":"VASAGLE s\u00e4ilytyskaappi s\u00e4\u00e4dett\u00e4vill\u00e4 hyllyill\u00e4 40 x 80 x 90 cm"},"content":{"rendered":"<p>VASAGLE-senkki, s\u00e4ilytyskaappi, boho, rottinkihuonekalu, s\u00e4\u00e4dett\u00e4v\u00e4t hyllyk\u00f6t, 40 x 80 x 90 cm, eteiseen, olohuoneeseen, ruokailuhuoneeseen, puunv\u00e4rinen BBK241T57<br \/>\nV\u00e4ri: Puunv\u00e4rinen<br \/>\nTuotteen mitat: 80 x 40 x 90 cm; 25 kg<br \/>\nSuurin kantavuus: 136 kg<br \/>\nTuotteen paino: 25 kg<\/p>\n","protected":false},"excerpt":{"rendered":"<p>VASAGLE-senkki, s\u00e4ilytyskaappi, boho, rottinkihuonekalu, s\u00e4\u00e4dett\u00e4v\u00e4t hyllyk\u00f6t, 40 x 80 x 90 cm, eteiseen, olohuoneeseen, ruokailuhuoneeseen, puunv\u00e4rinen BBK241T57<\/p>\n","protected":false},"featured_media":39037,"comment_status":"open","ping_status":"closed","template":"","meta":[],"product_brand":[],"product_cat":[32],"product_tag":[],"class_list":{"0":"post-29599","1":"product","2":"type-product","3":"status-publish","4":"has-post-thumbnail","6":"product_cat-uncategorized-fi","8":"first","9":"instock","10":"shipping-taxable","11":"purchasable","12":"product-type-simple"},"_links":{"self":[{"href":"https:\/\/nordicmart.andreevmaster.com\/fi\/wp-json\/wp\/v2\/product\/29599","targetHints":{"allow":["GET"]}}],"collection":[{"href":"https:\/\/nordicmart.andreevmaster.com\/fi\/wp-json\/wp\/v2\/product"}],"about":[{"href":"https:\/\/nordicmart.andreevmaster.com\/fi\/wp-json\/wp\/v2\/types\/product"}],"replies":[{"embeddable":true,"href":"https:\/\/nordicmart.andreevmaster.com\/fi\/wp-json\/wp\/v2\/comments?post=29599"}],"wp:featuredmedia":[{"embeddable":true,"href":"https:\/\/nordicmart.andreevmaster.com\/fi\/wp-json\/wp\/v2\/media\/39037"}],"wp:attachment":[{"href":"https:\/\/nordicmart.andreevmaster.com\/fi\/wp-json\/wp\/v2\/media?parent=29599"}],"wp:term":[{"taxonomy":"product_brand","embeddable":true,"href":"https:\/\/nordicmart.andreevmaster.com\/fi\/wp-json\/wp\/v2\/product_brand?post=29599"},{"taxonomy":"product_cat","embeddable":true,"href":"https:\/\/nordicmart.andreevmaster.com\/fi\/wp-json\/wp\/v2\/product_cat?post=29599"},{"taxonomy":"product_tag","embeddable":true,"href":"https:\/\/nordicmart.andreevmaster.com\/fi\/wp-json\/wp\/v2\/product_tag?post=29599"}],"curies":[{"name":"wp","href":"https:\/\/api.w.org\/{rel}","templated":true}]}}