{"id":29597,"date":"2026-02-27T00:07:19","date_gmt":"2026-02-27T00:07:19","guid":{"rendered":"https:\/\/nordicmart.andreevmaster.com\/product\/vasagle-peilikaappi-korkeussaadettavilla-hyllytasoilla\/"},"modified":"2026-02-27T09:31:36","modified_gmt":"2026-02-27T09:31:36","slug":"vasagle-peilikaappi-korkeussaadettavilla-hyllytasoilla","status":"publish","type":"product","link":"https:\/\/nordicmart.andreevmaster.com\/fi\/tuote\/vasagle-peilikaappi-korkeussaadettavilla-hyllytasoilla\/","title":{"rendered":"VASAGLE peilikaappi korkeuss\u00e4\u00e4dett\u00e4vill\u00e4 hyllytasoilla"},"content":{"rendered":"<p>VASAGLE:n suunnittelijat ovat luoneet tyylikk\u00e4it\u00e4 kylpyhuonekalusteita, joiden avulla voit tuoda kylpyhuoneeseesi raikkaan ja rauhallisen ilmeen. Unohda kaikki huolet, lataa akkusi ja aloita tai p\u00e4\u00e4t\u00e4 p\u00e4iv\u00e4si positiivisella mielell\u00e4. Laadukkaat materiaalit T\u00e4m\u00e4n kylpyhuonekaapin avulla voit paitsi tuoda esiin eleganssia ja tyyli\u00e4. Huonekalu on my\u00f6s kest\u00e4v\u00e4, sill\u00e4 sen runko on valmistettu valkoisista, melamiinipinnoitetuista lastulevyist\u00e4. Kaapin ovi on valmistettu PVC-pinnoitetusta MDF-levyst\u00e4, mik\u00e4 antaa kylpyhuonekalusteelle vaikuttavan kiillon. Karkaistusta lasista valmistetussa peiliss\u00e4 voit lis\u00e4ksi ihailla kauneuttasi. Yksityiskohtiin asti Peilikaapin sis\u00e4ll\u00e4 olevat kaksi hyllytasoa ovat korkeuss\u00e4\u00e4dett\u00e4v\u00e4t, joten voit s\u00e4ilytt\u00e4\u00e4 siin\u00e4 erikokoisia hygieniatuotteita. Pehme\u00e4sti sulkeutuvat saranat est\u00e4v\u00e4t kaapin ovien paiskautumisen kiinni. Moderni kylpyhuone ansaitsee t\u00e4m\u00e4n kylpyhuonekaapin! Tutustu my\u00f6s muihin VASAGLE-kylpyhuonekalusteisiin, jotta voit luoda yhten\u00e4isen tyylin kylpyhuoneeseesi. Tuotetiedot: &#8211; V\u00e4ri: kiilt\u00e4v\u00e4 valkoinen (ovi), mattavalkoinen (runko) &#8211; Materiaali: melamiinipinnoitettu lastulevy, PVC-pinnoitettu MDF, karkaistu peililasi &#8211; Koko: 54 x 15 x 55 cm (P x L x K) &#8211; Paino: 10,3 kg &#8211; Maks. kantavuus: 15 kgToimitus sis\u00e4lt\u00e4\u00e4: &#8211; 1 x peilikaappi &#8211; 1 x s\u00e4ilytysastia tarvikkeille &#8211; 1 x ohjeet (DE, EN, FR, ES, IT)VASAGLE-ohjeet: &#8211; \u00c4l\u00e4 altista tuotetta suoralle auringonvalolle. &#8211; Tuote ei saa joutua kosketuksiin suurten vesim\u00e4\u00e4rien kanssa. &#8211; Kiinnit\u00e4 tuote tukevaan sein\u00e4\u00e4n. &#8211; Poista asennuksen j\u00e4lkeen suojakalvo tuotteen etupuolelta.<\/p>\n","protected":false},"excerpt":{"rendered":"<p>VASAGLE Peilikaappi kylpyhuoneeseen, sein\u00e4kaappi, kylpyhuonekaappi korkeuss\u00e4\u00e4dett\u00e4vill\u00e4 hyllytasoilla, pehme\u00e4sti sulkeutuvat saranat, kylpyhuone, 54 x 15 x 55 cm, valkoinen BBK21WT<\/p>\n","protected":false},"featured_media":39035,"comment_status":"open","ping_status":"closed","template":"","meta":[],"product_brand":[],"product_cat":[32],"product_tag":[],"class_list":{"0":"post-29597","1":"product","2":"type-product","3":"status-publish","4":"has-post-thumbnail","6":"product_cat-uncategorized-fi","8":"first","9":"instock","10":"shipping-taxable","11":"purchasable","12":"product-type-simple"},"_links":{"self":[{"href":"https:\/\/nordicmart.andreevmaster.com\/fi\/wp-json\/wp\/v2\/product\/29597","targetHints":{"allow":["GET"]}}],"collection":[{"href":"https:\/\/nordicmart.andreevmaster.com\/fi\/wp-json\/wp\/v2\/product"}],"about":[{"href":"https:\/\/nordicmart.andreevmaster.com\/fi\/wp-json\/wp\/v2\/types\/product"}],"replies":[{"embeddable":true,"href":"https:\/\/nordicmart.andreevmaster.com\/fi\/wp-json\/wp\/v2\/comments?post=29597"}],"wp:featuredmedia":[{"embeddable":true,"href":"https:\/\/nordicmart.andreevmaster.com\/fi\/wp-json\/wp\/v2\/media\/39035"}],"wp:attachment":[{"href":"https:\/\/nordicmart.andreevmaster.com\/fi\/wp-json\/wp\/v2\/media?parent=29597"}],"wp:term":[{"taxonomy":"product_brand","embeddable":true,"href":"https:\/\/nordicmart.andreevmaster.com\/fi\/wp-json\/wp\/v2\/product_brand?post=29597"},{"taxonomy":"product_cat","embeddable":true,"href":"https:\/\/nordicmart.andreevmaster.com\/fi\/wp-json\/wp\/v2\/product_cat?post=29597"},{"taxonomy":"product_tag","embeddable":true,"href":"https:\/\/nordicmart.andreevmaster.com\/fi\/wp-json\/wp\/v2\/product_tag?post=29597"}],"curies":[{"name":"wp","href":"https:\/\/api.w.org\/{rel}","templated":true}]}}