{"id":29596,"date":"2026-02-27T00:07:19","date_gmt":"2026-02-27T00:07:19","guid":{"rendered":"https:\/\/nordicmart.andreevmaster.com\/product\/vasagle-kylpyhuoneen-kaappi-jossa-on-avoin-lokero-tilaa-saastava\/"},"modified":"2026-02-27T09:31:36","modified_gmt":"2026-02-27T09:31:36","slug":"vasagle-kylpyhuoneen-kaappi-jossa-on-avoin-lokero-tilaa-saastava","status":"publish","type":"product","link":"https:\/\/nordicmart.andreevmaster.com\/fi\/tuote\/vasagle-kylpyhuoneen-kaappi-jossa-on-avoin-lokero-tilaa-saastava\/","title":{"rendered":"VASAGLE kylpyhuoneen kaappi, jossa on avoin lokero, tilaa s\u00e4\u00e4st\u00e4v\u00e4"},"content":{"rendered":"<p>VASAGLE kylpyhuonekaappi, kylpyhuonekaappi, korkea kaappi, avoin hylly, lasiovi, kapea, kylpyhuonekalusteet, kylpyhuonekalusteet jaloilla, korkeuss\u00e4\u00e4dett\u00e4v\u00e4t hyllyt, tilaa s\u00e4\u00e4st\u00e4v\u00e4, valkoinen puukuviolla BBK163T44<br \/>\nV\u00e4ri: pilvinen valkoinen<br \/>\nMateriaali: lastulevy, lasi<br \/>\nKoko: 30 x 40 x 165 cm (S x L x K)<br \/>\nPaino: 23,2 kg<br \/>\nLaatikon maks. staattinen kantavuus: 4,5 kg<br \/>\nHyllytasojen maks. staattinen kantavuus: 9 kg<\/p>\n","protected":false},"excerpt":{"rendered":"<p>VASAGLE kylpyhuonekaappi, kylpyhuonekaappi, korkea kaappi, avoin hylly, lasiovi, kapea, kylpyhuonekalusteet, kylpyhuonekalusteet jaloilla, korkeuss\u00e4\u00e4dett\u00e4v\u00e4t hyllyt, tilaa s\u00e4\u00e4st\u00e4v\u00e4, valkoinen puukuviolla BBK163T44<\/p>\n","protected":false},"featured_media":0,"comment_status":"open","ping_status":"closed","template":"","meta":[],"product_brand":[],"product_cat":[32],"product_tag":[],"class_list":{"0":"post-29596","1":"product","2":"type-product","3":"status-publish","5":"product_cat-uncategorized-fi","7":"first","8":"instock","9":"shipping-taxable","10":"purchasable","11":"product-type-simple"},"_links":{"self":[{"href":"https:\/\/nordicmart.andreevmaster.com\/fi\/wp-json\/wp\/v2\/product\/29596","targetHints":{"allow":["GET"]}}],"collection":[{"href":"https:\/\/nordicmart.andreevmaster.com\/fi\/wp-json\/wp\/v2\/product"}],"about":[{"href":"https:\/\/nordicmart.andreevmaster.com\/fi\/wp-json\/wp\/v2\/types\/product"}],"replies":[{"embeddable":true,"href":"https:\/\/nordicmart.andreevmaster.com\/fi\/wp-json\/wp\/v2\/comments?post=29596"}],"wp:attachment":[{"href":"https:\/\/nordicmart.andreevmaster.com\/fi\/wp-json\/wp\/v2\/media?parent=29596"}],"wp:term":[{"taxonomy":"product_brand","embeddable":true,"href":"https:\/\/nordicmart.andreevmaster.com\/fi\/wp-json\/wp\/v2\/product_brand?post=29596"},{"taxonomy":"product_cat","embeddable":true,"href":"https:\/\/nordicmart.andreevmaster.com\/fi\/wp-json\/wp\/v2\/product_cat?post=29596"},{"taxonomy":"product_tag","embeddable":true,"href":"https:\/\/nordicmart.andreevmaster.com\/fi\/wp-json\/wp\/v2\/product_tag?post=29596"}],"curies":[{"name":"wp","href":"https:\/\/api.w.org\/{rel}","templated":true}]}}