{"id":29594,"date":"2026-02-27T00:07:18","date_gmt":"2026-02-27T00:07:18","guid":{"rendered":"https:\/\/nordicmart.andreevmaster.com\/product\/vasagle-kirjahylly-ovilla\/"},"modified":"2026-02-27T09:31:36","modified_gmt":"2026-02-27T09:31:36","slug":"vasagle-kirjahylly-ovilla","status":"publish","type":"product","link":"https:\/\/nordicmart.andreevmaster.com\/fi\/tuote\/vasagle-kirjahylly-ovilla\/","title":{"rendered":"VASAGLE Kirjahylly ovilla"},"content":{"rendered":"<p>Tuotetiedot: &#8211; V\u00e4ri: vintage-ruskea &#8211; Materiaali: lastulevy &#8211; Koko: 60 x 30 x 125 cm (P x L x K) &#8211; Paino: 22,4 kg &#8211; Maks. staattinen kantavuus hyllytasoa kohti: 18 kg  Toimitus sis\u00e4lt\u00e4\u00e4: &#8211; 1 x kirjahylly &#8211; 1 x lis\u00e4varustepaketti &#8211; 2 x kaatumissuoja &#8211; 1 x ohjeet  VASAGLE Huomautukset: &#8211; Turvallisuussyist\u00e4 lapset eiv\u00e4t saa kiivet\u00e4 tuotteelle tai leikki\u00e4 sill\u00e4. &#8211; Kiinnit\u00e4 t\u00e4m\u00e4 tuote sein\u00e4\u00e4n mukana toimitetulla kaatumissuojalla.<\/p>\n","protected":false},"excerpt":{"rendered":"<p>VASAGLE senkki, keitti\u00f6kaappi, kirjahylly lamelliovella, 2 avointa lokeroa, korkeuss\u00e4\u00e4dett\u00e4v\u00e4 hylly, 60 x 30 x 125 cm, vintage-ruskea BBK161T01<\/p>\n","protected":false},"featured_media":39033,"comment_status":"open","ping_status":"closed","template":"","meta":[],"product_brand":[],"product_cat":[32],"product_tag":[],"class_list":{"0":"post-29594","1":"product","2":"type-product","3":"status-publish","4":"has-post-thumbnail","6":"product_cat-uncategorized-fi","8":"first","9":"instock","10":"shipping-taxable","11":"purchasable","12":"product-type-simple"},"_links":{"self":[{"href":"https:\/\/nordicmart.andreevmaster.com\/fi\/wp-json\/wp\/v2\/product\/29594","targetHints":{"allow":["GET"]}}],"collection":[{"href":"https:\/\/nordicmart.andreevmaster.com\/fi\/wp-json\/wp\/v2\/product"}],"about":[{"href":"https:\/\/nordicmart.andreevmaster.com\/fi\/wp-json\/wp\/v2\/types\/product"}],"replies":[{"embeddable":true,"href":"https:\/\/nordicmart.andreevmaster.com\/fi\/wp-json\/wp\/v2\/comments?post=29594"}],"wp:featuredmedia":[{"embeddable":true,"href":"https:\/\/nordicmart.andreevmaster.com\/fi\/wp-json\/wp\/v2\/media\/39033"}],"wp:attachment":[{"href":"https:\/\/nordicmart.andreevmaster.com\/fi\/wp-json\/wp\/v2\/media?parent=29594"}],"wp:term":[{"taxonomy":"product_brand","embeddable":true,"href":"https:\/\/nordicmart.andreevmaster.com\/fi\/wp-json\/wp\/v2\/product_brand?post=29594"},{"taxonomy":"product_cat","embeddable":true,"href":"https:\/\/nordicmart.andreevmaster.com\/fi\/wp-json\/wp\/v2\/product_cat?post=29594"},{"taxonomy":"product_tag","embeddable":true,"href":"https:\/\/nordicmart.andreevmaster.com\/fi\/wp-json\/wp\/v2\/product_tag?post=29594"}],"curies":[{"name":"wp","href":"https:\/\/api.w.org\/{rel}","templated":true}]}}