{"id":29592,"date":"2026-02-27T00:07:18","date_gmt":"2026-02-27T00:07:18","guid":{"rendered":"https:\/\/nordicmart.andreevmaster.com\/product\/vasagle-korkea-kaappi-jossa-3-avointa-lokeroa\/"},"modified":"2026-02-27T09:31:36","modified_gmt":"2026-02-27T09:31:36","slug":"vasagle-korkea-kaappi-jossa-3-avointa-lokeroa","status":"publish","type":"product","link":"https:\/\/nordicmart.andreevmaster.com\/fi\/tuote\/vasagle-korkea-kaappi-jossa-3-avointa-lokeroa\/","title":{"rendered":"VASAGLE korkea kaappi, jossa 3 avointa lokeroa"},"content":{"rendered":"<p>VASAGLE kylpyhuonekaappi, korkea kaappi, kylpyhuonekaappi, 3 avointa lokeroa, 2 s\u00e4\u00e4dett\u00e4v\u00e4\u00e4 hylly\u00e4 oven takana, s\u00e4ilytyskaappi, kylpyhuoneeseen, eteiseen, keitti\u00f6\u00f6n, olohuoneeseen, vintage-ruskea BBK160X01<br \/>\nTuotemerkki\uff1aVASAGLE<br \/>\nV\u00e4ri: pilvinen valkoinen<br \/>\nTuotteen mitat: 30 x 40 x 167 cm; 20 kg<br \/>\nTuotteen paino: 20 kg<\/p>\n","protected":false},"excerpt":{"rendered":"<p>VASAGLE kylpyhuonekaappi, korkea kaappi, kylpyhuonekaappi, 3 avointa lokeroa, 2 s\u00e4\u00e4dett\u00e4v\u00e4\u00e4 hylly\u00e4 oven takana, s\u00e4ilytyskaappi, kylpyhuoneeseen, eteiseen, keitti\u00f6\u00f6n, olohuoneeseen, vintage-ruskea BBK160X01<\/p>\n","protected":false},"featured_media":0,"comment_status":"open","ping_status":"closed","template":"","meta":[],"product_brand":[],"product_cat":[32],"product_tag":[],"class_list":{"0":"post-29592","1":"product","2":"type-product","3":"status-publish","5":"product_cat-uncategorized-fi","7":"first","8":"instock","9":"shipping-taxable","10":"purchasable","11":"product-type-simple"},"_links":{"self":[{"href":"https:\/\/nordicmart.andreevmaster.com\/fi\/wp-json\/wp\/v2\/product\/29592","targetHints":{"allow":["GET"]}}],"collection":[{"href":"https:\/\/nordicmart.andreevmaster.com\/fi\/wp-json\/wp\/v2\/product"}],"about":[{"href":"https:\/\/nordicmart.andreevmaster.com\/fi\/wp-json\/wp\/v2\/types\/product"}],"replies":[{"embeddable":true,"href":"https:\/\/nordicmart.andreevmaster.com\/fi\/wp-json\/wp\/v2\/comments?post=29592"}],"wp:attachment":[{"href":"https:\/\/nordicmart.andreevmaster.com\/fi\/wp-json\/wp\/v2\/media?parent=29592"}],"wp:term":[{"taxonomy":"product_brand","embeddable":true,"href":"https:\/\/nordicmart.andreevmaster.com\/fi\/wp-json\/wp\/v2\/product_brand?post=29592"},{"taxonomy":"product_cat","embeddable":true,"href":"https:\/\/nordicmart.andreevmaster.com\/fi\/wp-json\/wp\/v2\/product_cat?post=29592"},{"taxonomy":"product_tag","embeddable":true,"href":"https:\/\/nordicmart.andreevmaster.com\/fi\/wp-json\/wp\/v2\/product_tag?post=29592"}],"curies":[{"name":"wp","href":"https:\/\/api.w.org\/{rel}","templated":true}]}}