{"id":29589,"date":"2026-02-27T00:07:17","date_gmt":"2026-02-27T00:07:17","guid":{"rendered":"https:\/\/nordicmart.andreevmaster.com\/product\/vasagle-kylpyhuoneen-kaappi-saadettavilla-hyllytasoilla\/"},"modified":"2026-02-27T09:31:35","modified_gmt":"2026-02-27T09:31:35","slug":"vasagle-kylpyhuoneen-kaappi-saadettavilla-hyllytasoilla","status":"publish","type":"product","link":"https:\/\/nordicmart.andreevmaster.com\/fi\/tuote\/vasagle-kylpyhuoneen-kaappi-saadettavilla-hyllytasoilla\/","title":{"rendered":"VASAGLE kylpyhuoneen kaappi s\u00e4\u00e4dett\u00e4vill\u00e4 hyllytasoilla"},"content":{"rendered":"<p>VASAGLE kylpyhuoneen kaappi, senkki, kylpyhuoneen kaappi, sivukaappi s\u00e4\u00e4dett\u00e4vill\u00e4 hyllytasoilla, eteisen kaappi, ovi ja yl\u00e4levy kiilt\u00e4v\u00e4ll\u00e4 pinnalla, 60 x 30 x 82 cm<br \/>\nV\u00e4ri: valkoinen<br \/>\nMateriaali: MDF (keskitihe\u00e4 kuitulevy), puuhakelevy<br \/>\nKoko: 60 x 30 x 82 cm (P x L x K)<br \/>\nPaino: 18 kg<br \/>\nMaks. staattinen kantavuus: 60 kg<\/p>\n","protected":false},"excerpt":{"rendered":"<p>VASAGLE kylpyhuoneen kaappi, senkki, kylpyhuoneen kaappi, sivukaappi s\u00e4\u00e4dett\u00e4vill\u00e4 hyllytasoilla, eteisen kaappi, ovi ja yl\u00e4levy kiilt\u00e4v\u00e4ll\u00e4 pinnalla, 60 x 30 x 82 cm<\/p>\n","protected":false},"featured_media":39029,"comment_status":"open","ping_status":"closed","template":"","meta":[],"product_brand":[],"product_cat":[32],"product_tag":[],"class_list":{"0":"post-29589","1":"product","2":"type-product","3":"status-publish","4":"has-post-thumbnail","6":"product_cat-uncategorized-fi","8":"first","9":"instock","10":"shipping-taxable","11":"purchasable","12":"product-type-simple"},"_links":{"self":[{"href":"https:\/\/nordicmart.andreevmaster.com\/fi\/wp-json\/wp\/v2\/product\/29589","targetHints":{"allow":["GET"]}}],"collection":[{"href":"https:\/\/nordicmart.andreevmaster.com\/fi\/wp-json\/wp\/v2\/product"}],"about":[{"href":"https:\/\/nordicmart.andreevmaster.com\/fi\/wp-json\/wp\/v2\/types\/product"}],"replies":[{"embeddable":true,"href":"https:\/\/nordicmart.andreevmaster.com\/fi\/wp-json\/wp\/v2\/comments?post=29589"}],"wp:featuredmedia":[{"embeddable":true,"href":"https:\/\/nordicmart.andreevmaster.com\/fi\/wp-json\/wp\/v2\/media\/39029"}],"wp:attachment":[{"href":"https:\/\/nordicmart.andreevmaster.com\/fi\/wp-json\/wp\/v2\/media?parent=29589"}],"wp:term":[{"taxonomy":"product_brand","embeddable":true,"href":"https:\/\/nordicmart.andreevmaster.com\/fi\/wp-json\/wp\/v2\/product_brand?post=29589"},{"taxonomy":"product_cat","embeddable":true,"href":"https:\/\/nordicmart.andreevmaster.com\/fi\/wp-json\/wp\/v2\/product_cat?post=29589"},{"taxonomy":"product_tag","embeddable":true,"href":"https:\/\/nordicmart.andreevmaster.com\/fi\/wp-json\/wp\/v2\/product_tag?post=29589"}],"curies":[{"name":"wp","href":"https:\/\/api.w.org\/{rel}","templated":true}]}}