{"id":29579,"date":"2026-02-27T00:07:16","date_gmt":"2026-02-27T00:07:16","guid":{"rendered":"https:\/\/nordicmart.andreevmaster.com\/product\/vasagle-3-ovinen-kylpyhuonekaappi-165-x-70-x-75-cm\/"},"modified":"2026-02-27T09:31:34","modified_gmt":"2026-02-27T09:31:34","slug":"vasagle-3-ovinen-kylpyhuonekaappi-165-x-70-x-75-cm","status":"publish","type":"product","link":"https:\/\/nordicmart.andreevmaster.com\/fi\/tuote\/vasagle-3-ovinen-kylpyhuonekaappi-165-x-70-x-75-cm\/","title":{"rendered":"VASAGLE 3-ovinen kylpyhuonekaappi 16,5 x 70 x 75 cm"},"content":{"rendered":"<p>VASAGLE 3-ovinen kylpyhuonekaappi, peilikaappi, kylpyhuonekaappi, avoin hylly, s\u00e4\u00e4dett\u00e4v\u00e4t hyllyt, 16,5 x 70 x 75 cm, pilvinen valkoinen BBK129W01<br \/>\nV\u00e4ri: kyyhkynharmaa<br \/>\nMateriaali: lastulevy, lasi<br \/>\nKoko: 16,5 x 70 x 75 cm (S x L x K)<br \/>\nPaino: 15,6 kg<br \/>\nMaks. staattinen kantavuus: 15 kg<\/p>\n","protected":false},"excerpt":{"rendered":"<p>VASAGLE 3-ovinen kylpyhuonekaappi, peilikaappi, kylpyhuonekaappi, avoin hylly, s\u00e4\u00e4dett\u00e4v\u00e4t hyllyt, 16,5 x 70 x 75 cm, pilvinen valkoinen BBK129W01<\/p>\n","protected":false},"featured_media":0,"comment_status":"open","ping_status":"closed","template":"","meta":[],"product_brand":[],"product_cat":[32],"product_tag":[],"class_list":{"0":"post-29579","1":"product","2":"type-product","3":"status-publish","5":"product_cat-uncategorized-fi","7":"first","8":"instock","9":"shipping-taxable","10":"purchasable","11":"product-type-simple"},"_links":{"self":[{"href":"https:\/\/nordicmart.andreevmaster.com\/fi\/wp-json\/wp\/v2\/product\/29579","targetHints":{"allow":["GET"]}}],"collection":[{"href":"https:\/\/nordicmart.andreevmaster.com\/fi\/wp-json\/wp\/v2\/product"}],"about":[{"href":"https:\/\/nordicmart.andreevmaster.com\/fi\/wp-json\/wp\/v2\/types\/product"}],"replies":[{"embeddable":true,"href":"https:\/\/nordicmart.andreevmaster.com\/fi\/wp-json\/wp\/v2\/comments?post=29579"}],"wp:attachment":[{"href":"https:\/\/nordicmart.andreevmaster.com\/fi\/wp-json\/wp\/v2\/media?parent=29579"}],"wp:term":[{"taxonomy":"product_brand","embeddable":true,"href":"https:\/\/nordicmart.andreevmaster.com\/fi\/wp-json\/wp\/v2\/product_brand?post=29579"},{"taxonomy":"product_cat","embeddable":true,"href":"https:\/\/nordicmart.andreevmaster.com\/fi\/wp-json\/wp\/v2\/product_cat?post=29579"},{"taxonomy":"product_tag","embeddable":true,"href":"https:\/\/nordicmart.andreevmaster.com\/fi\/wp-json\/wp\/v2\/product_tag?post=29579"}],"curies":[{"name":"wp","href":"https:\/\/api.w.org\/{rel}","templated":true}]}}