{"id":29578,"date":"2026-02-27T00:07:15","date_gmt":"2026-02-27T00:07:15","guid":{"rendered":"https:\/\/nordicmart.andreevmaster.com\/product\/vasagle-peilikaappi-valaistuksella-musta\/"},"modified":"2026-02-27T09:31:34","modified_gmt":"2026-02-27T09:31:34","slug":"vasagle-peilikaappi-valaistuksella-musta","status":"publish","type":"product","link":"https:\/\/nordicmart.andreevmaster.com\/fi\/tuote\/vasagle-peilikaappi-valaistuksella-musta\/","title":{"rendered":"VASAGLE peilikaappi valaistuksella, musta"},"content":{"rendered":"<p>VASAGLE peilikaappi valaistuksella, kylpyhuonekaappi, sein\u00e4kaappi, kylpyhuonekaappi, jossa 2 AC-pistorasiaa ja 2 USB-liit\u00e4nt\u00e4\u00e4, 2 s\u00e4\u00e4dett\u00e4v\u00e4\u00e4 hylly\u00e4, py\u00f6ristetyt kulmat, musta BBK128B01<br \/>\nV\u00e4ri: musta<br \/>\nMateriaali: metalli, lasi, akryyli<br \/>\nKoko: 13,5 x 80 x 59,6 cm (S x L x K)<br \/>\nPaino: 14 kg<br \/>\nMaks. staattinen kokonaiskuormitus: 17 kg<\/p>\n","protected":false},"excerpt":{"rendered":"<p>VASAGLE peilikaappi valaistuksella, kylpyhuonekaappi, sein\u00e4kaappi, kylpyhuonekaappi, jossa 2 AC-pistorasiaa ja 2 USB-liit\u00e4nt\u00e4\u00e4, 2 s\u00e4\u00e4dett\u00e4v\u00e4\u00e4 hylly\u00e4, py\u00f6ristetyt kulmat, musta BBK128B01<\/p>\n","protected":false},"featured_media":39020,"comment_status":"open","ping_status":"closed","template":"","meta":[],"product_brand":[],"product_cat":[32],"product_tag":[],"class_list":{"0":"post-29578","1":"product","2":"type-product","3":"status-publish","4":"has-post-thumbnail","6":"product_cat-uncategorized-fi","8":"first","9":"instock","10":"shipping-taxable","11":"purchasable","12":"product-type-simple"},"_links":{"self":[{"href":"https:\/\/nordicmart.andreevmaster.com\/fi\/wp-json\/wp\/v2\/product\/29578","targetHints":{"allow":["GET"]}}],"collection":[{"href":"https:\/\/nordicmart.andreevmaster.com\/fi\/wp-json\/wp\/v2\/product"}],"about":[{"href":"https:\/\/nordicmart.andreevmaster.com\/fi\/wp-json\/wp\/v2\/types\/product"}],"replies":[{"embeddable":true,"href":"https:\/\/nordicmart.andreevmaster.com\/fi\/wp-json\/wp\/v2\/comments?post=29578"}],"wp:featuredmedia":[{"embeddable":true,"href":"https:\/\/nordicmart.andreevmaster.com\/fi\/wp-json\/wp\/v2\/media\/39020"}],"wp:attachment":[{"href":"https:\/\/nordicmart.andreevmaster.com\/fi\/wp-json\/wp\/v2\/media?parent=29578"}],"wp:term":[{"taxonomy":"product_brand","embeddable":true,"href":"https:\/\/nordicmart.andreevmaster.com\/fi\/wp-json\/wp\/v2\/product_brand?post=29578"},{"taxonomy":"product_cat","embeddable":true,"href":"https:\/\/nordicmart.andreevmaster.com\/fi\/wp-json\/wp\/v2\/product_cat?post=29578"},{"taxonomy":"product_tag","embeddable":true,"href":"https:\/\/nordicmart.andreevmaster.com\/fi\/wp-json\/wp\/v2\/product_tag?post=29578"}],"curies":[{"name":"wp","href":"https:\/\/api.w.org\/{rel}","templated":true}]}}