{"id":29574,"date":"2026-02-27T00:07:15","date_gmt":"2026-02-27T00:07:15","guid":{"rendered":"https:\/\/nordicmart.andreevmaster.com\/product\/vasagle-3-ovinen-peilikaappi-kylpyhuoneeseen-valaistus-ja-korkeussaadettava-hylly\/"},"modified":"2026-02-27T09:31:33","modified_gmt":"2026-02-27T09:31:33","slug":"vasagle-3-ovinen-peilikaappi-kylpyhuoneeseen-valaistus-ja-korkeussaadettava-hylly","status":"publish","type":"product","link":"https:\/\/nordicmart.andreevmaster.com\/fi\/tuote\/vasagle-3-ovinen-peilikaappi-kylpyhuoneeseen-valaistus-ja-korkeussaadettava-hylly\/","title":{"rendered":"VASAGLE 3-ovinen peilikaappi kylpyhuoneeseen, valaistus ja korkeuss\u00e4\u00e4dett\u00e4v\u00e4 hylly"},"content":{"rendered":"<p>VASAGLE peilikaappi kylpyhuoneeseen valaistuksella, kylpyhuonekaappi, peilikaappi, kylpyhuonekaappi, sein\u00e4kaappi kylpyhuoneeseen, korkeuss\u00e4\u00e4dett\u00e4v\u00e4 hyllytaso, kaksoisovi, moderni, valkoinen-kultainen BBK124A10<br \/>\nV\u00e4ri: valkoinen<br \/>\nMateriaali: lastulevy, ter\u00e4s, lasi<br \/>\nKoko: 14,5 x 70 x 70 cm (S x L x K)<br \/>\nValaisimen korkeus: 5 cm<br \/>\nPaino: 14,8 kg<br \/>\nYl\u00e4hyllyn maks. staattinen kantavuus: 20 kg<br \/>\nS\u00e4\u00e4dett\u00e4v\u00e4n hyllytason maks. staattinen kantavuus: 5 kg<br \/>\nAvoimen lokeron maks. staattinen kantavuus: 5 kg<\/p>\n","protected":false},"excerpt":{"rendered":"<p>VASAGLE peilikaappi kylpyhuoneeseen valaistuksella, kylpyhuonekaappi, peilikaappi, kylpyhuonekaappi, sein\u00e4kaappi kylpyhuoneeseen, korkeuss\u00e4\u00e4dett\u00e4v\u00e4 hyllytaso, kaksoisovi, moderni, valkoinen-kultainen BBK124A10<\/p>\n","protected":false},"featured_media":39016,"comment_status":"open","ping_status":"closed","template":"","meta":[],"product_brand":[],"product_cat":[32],"product_tag":[],"class_list":{"0":"post-29574","1":"product","2":"type-product","3":"status-publish","4":"has-post-thumbnail","6":"product_cat-uncategorized-fi","8":"first","9":"instock","10":"shipping-taxable","11":"purchasable","12":"product-type-simple"},"_links":{"self":[{"href":"https:\/\/nordicmart.andreevmaster.com\/fi\/wp-json\/wp\/v2\/product\/29574","targetHints":{"allow":["GET"]}}],"collection":[{"href":"https:\/\/nordicmart.andreevmaster.com\/fi\/wp-json\/wp\/v2\/product"}],"about":[{"href":"https:\/\/nordicmart.andreevmaster.com\/fi\/wp-json\/wp\/v2\/types\/product"}],"replies":[{"embeddable":true,"href":"https:\/\/nordicmart.andreevmaster.com\/fi\/wp-json\/wp\/v2\/comments?post=29574"}],"wp:featuredmedia":[{"embeddable":true,"href":"https:\/\/nordicmart.andreevmaster.com\/fi\/wp-json\/wp\/v2\/media\/39016"}],"wp:attachment":[{"href":"https:\/\/nordicmart.andreevmaster.com\/fi\/wp-json\/wp\/v2\/media?parent=29574"}],"wp:term":[{"taxonomy":"product_brand","embeddable":true,"href":"https:\/\/nordicmart.andreevmaster.com\/fi\/wp-json\/wp\/v2\/product_brand?post=29574"},{"taxonomy":"product_cat","embeddable":true,"href":"https:\/\/nordicmart.andreevmaster.com\/fi\/wp-json\/wp\/v2\/product_cat?post=29574"},{"taxonomy":"product_tag","embeddable":true,"href":"https:\/\/nordicmart.andreevmaster.com\/fi\/wp-json\/wp\/v2\/product_tag?post=29574"}],"curies":[{"name":"wp","href":"https:\/\/api.w.org\/{rel}","templated":true}]}}