{"id":29573,"date":"2026-02-27T00:07:15","date_gmt":"2026-02-27T00:07:15","guid":{"rendered":"https:\/\/nordicmart.andreevmaster.com\/product\/vasagle-peilikaappi-valaistuksella\/"},"modified":"2026-02-27T09:31:33","modified_gmt":"2026-02-27T09:31:33","slug":"vasagle-peilikaappi-valaistuksella","status":"publish","type":"product","link":"https:\/\/nordicmart.andreevmaster.com\/fi\/tuote\/vasagle-peilikaappi-valaistuksella\/","title":{"rendered":"VASAGLE peilikaappi valaistuksella"},"content":{"rendered":"<p>Tuotetiedot: &#8211; V\u00e4ri: valkoinen-kulta &#8211; Materiaali: lastulevy, ter\u00e4s, lasi &#8211; Koko: 70 x 14,5 x 70 cm (P x L x K) &#8211; Lampun korkeus: 5 cm &#8211; Paino: 14,8 kg &#8211; Yl\u00e4hyllyn maks. staattinen kantavuus: 20 kg &#8211; S\u00e4\u00e4dett\u00e4v\u00e4n hyllytason maks. staattinen kantavuus: 5 kg &#8211; Avoimen lokeron maks. staattinen kantavuus: 5 kgToimitus sis\u00e4lt\u00e4\u00e4:- 1 x kylpyhuonekaappi- 1 x s\u00e4ilytyskori- 1 x hiustenkuivaajan pidike- 1 x lis\u00e4varustepaketti- 1 x ohjeet<\/p>\n","protected":false},"excerpt":{"rendered":"<p>VASAGLE peilikaappi kylpyhuoneeseen valaistuksella, kylpyhuonekaappi, peilikaappi, kylpyhuonekaappi, sein\u00e4kaappi kylpyhuoneeseen, korkeuss\u00e4\u00e4dett\u00e4v\u00e4 hyllytaso, kaksoisovi, moderni, valkoinen-kultainen BBK124A10<\/p>\n","protected":false},"featured_media":46558,"comment_status":"open","ping_status":"closed","template":"","meta":[],"product_brand":[],"product_cat":[32],"product_tag":[],"class_list":{"0":"post-29573","1":"product","2":"type-product","3":"status-publish","4":"has-post-thumbnail","6":"product_cat-uncategorized-fi","8":"first","9":"instock","10":"shipping-taxable","11":"purchasable","12":"product-type-simple"},"_links":{"self":[{"href":"https:\/\/nordicmart.andreevmaster.com\/fi\/wp-json\/wp\/v2\/product\/29573","targetHints":{"allow":["GET"]}}],"collection":[{"href":"https:\/\/nordicmart.andreevmaster.com\/fi\/wp-json\/wp\/v2\/product"}],"about":[{"href":"https:\/\/nordicmart.andreevmaster.com\/fi\/wp-json\/wp\/v2\/types\/product"}],"replies":[{"embeddable":true,"href":"https:\/\/nordicmart.andreevmaster.com\/fi\/wp-json\/wp\/v2\/comments?post=29573"}],"wp:featuredmedia":[{"embeddable":true,"href":"https:\/\/nordicmart.andreevmaster.com\/fi\/wp-json\/wp\/v2\/media\/46558"}],"wp:attachment":[{"href":"https:\/\/nordicmart.andreevmaster.com\/fi\/wp-json\/wp\/v2\/media?parent=29573"}],"wp:term":[{"taxonomy":"product_brand","embeddable":true,"href":"https:\/\/nordicmart.andreevmaster.com\/fi\/wp-json\/wp\/v2\/product_brand?post=29573"},{"taxonomy":"product_cat","embeddable":true,"href":"https:\/\/nordicmart.andreevmaster.com\/fi\/wp-json\/wp\/v2\/product_cat?post=29573"},{"taxonomy":"product_tag","embeddable":true,"href":"https:\/\/nordicmart.andreevmaster.com\/fi\/wp-json\/wp\/v2\/product_tag?post=29573"}],"curies":[{"name":"wp","href":"https:\/\/api.w.org\/{rel}","templated":true}]}}