{"id":29571,"date":"2026-02-27T00:07:14","date_gmt":"2026-02-27T00:07:14","guid":{"rendered":"https:\/\/nordicmart.andreevmaster.com\/product\/vasagle-peilikaappi-54-x-15-x-55-cm-valkoinen\/"},"modified":"2026-02-27T09:31:33","modified_gmt":"2026-02-27T09:31:33","slug":"vasagle-peilikaappi-54-x-15-x-55-cm-valkoinen","status":"publish","type":"product","link":"https:\/\/nordicmart.andreevmaster.com\/fi\/tuote\/vasagle-peilikaappi-54-x-15-x-55-cm-valkoinen\/","title":{"rendered":"VASAGLE peilikaappi 54 x 15 x 55 cm valkoinen"},"content":{"rendered":"<p>T\u00e4ss\u00e4 peilikaapissa on kiilt\u00e4v\u00e4 valkoinen pinta ja valkoinen ovi, joten voit antaa kylpyhuoneellesi raikkaan ja rauhallisen ilmeen. Unohda kaikki huolet, lataa akut ja aloita tai p\u00e4\u00e4t\u00e4 p\u00e4iv\u00e4si positiivisella mielell\u00e4. Laadukkaat materiaalit: T\u00e4m\u00e4n kylpyhuonekaapin avulla voit paitsi tuoda esiin eleganssia ja tyyli\u00e4. Huonekalu on my\u00f6s kest\u00e4v\u00e4, koska se on valmistettu MDF:st\u00e4, puuhakkeesta ja lasista. Yksityiskohdat: Peilikaapin sis\u00e4ll\u00e4 olevat kaksi hyllytasoa ovat korkeuss\u00e4\u00e4dett\u00e4v\u00e4t, joten voit s\u00e4ilytt\u00e4\u00e4 siin\u00e4 erikokoisia hygieniatuotteita. Pehme\u00e4sti sulkeutuvat saranat est\u00e4v\u00e4t kaapin ovien paiskautumisen kiinni.Tuotetiedot: V\u00e4ri: valkoinen Materiaali: MDF (keskitihe\u00e4 kuitulevy), puuhakekuvio, karkaistu peililasi Koko: 54 x 15 x 55 cm (P x L x K) Paino: 9 kg Maks. staattinen kantavuus: 15 kg Toimitus sis\u00e4lt\u00e4\u00e4: 1 x peilikaappi 1 x lis\u00e4varustepaketti 1 x ohjeet VASAGLE Huomautukset:\u00c4l\u00e4 altista tuotetta suoralle auringonvalolle. Tuote ei saa joutua kosketuksiin suurten vesim\u00e4\u00e4rien kanssa. Kiinnit\u00e4 tuote tukevaan sein\u00e4\u00e4n.<\/p>\n","protected":false},"excerpt":{"rendered":"<p>VASAGLE peilikaappi, sein\u00e4kaappi, kylpyhuonekaappi korkeuss\u00e4\u00e4dett\u00e4vill\u00e4 hyllytasoilla, ovi ja yl\u00e4levy kiilt\u00e4v\u00e4ll\u00e4 pinnalla, kylpyhuone, 54 x 15 x 55 cm, valkoinen BBK122W01<\/p>\n","protected":false},"featured_media":39014,"comment_status":"open","ping_status":"closed","template":"","meta":[],"product_brand":[],"product_cat":[32],"product_tag":[],"class_list":{"0":"post-29571","1":"product","2":"type-product","3":"status-publish","4":"has-post-thumbnail","6":"product_cat-uncategorized-fi","8":"first","9":"instock","10":"shipping-taxable","11":"purchasable","12":"product-type-simple"},"_links":{"self":[{"href":"https:\/\/nordicmart.andreevmaster.com\/fi\/wp-json\/wp\/v2\/product\/29571","targetHints":{"allow":["GET"]}}],"collection":[{"href":"https:\/\/nordicmart.andreevmaster.com\/fi\/wp-json\/wp\/v2\/product"}],"about":[{"href":"https:\/\/nordicmart.andreevmaster.com\/fi\/wp-json\/wp\/v2\/types\/product"}],"replies":[{"embeddable":true,"href":"https:\/\/nordicmart.andreevmaster.com\/fi\/wp-json\/wp\/v2\/comments?post=29571"}],"wp:featuredmedia":[{"embeddable":true,"href":"https:\/\/nordicmart.andreevmaster.com\/fi\/wp-json\/wp\/v2\/media\/39014"}],"wp:attachment":[{"href":"https:\/\/nordicmart.andreevmaster.com\/fi\/wp-json\/wp\/v2\/media?parent=29571"}],"wp:term":[{"taxonomy":"product_brand","embeddable":true,"href":"https:\/\/nordicmart.andreevmaster.com\/fi\/wp-json\/wp\/v2\/product_brand?post=29571"},{"taxonomy":"product_cat","embeddable":true,"href":"https:\/\/nordicmart.andreevmaster.com\/fi\/wp-json\/wp\/v2\/product_cat?post=29571"},{"taxonomy":"product_tag","embeddable":true,"href":"https:\/\/nordicmart.andreevmaster.com\/fi\/wp-json\/wp\/v2\/product_tag?post=29571"}],"curies":[{"name":"wp","href":"https:\/\/api.w.org\/{rel}","templated":true}]}}