{"id":29569,"date":"2026-02-27T00:07:14","date_gmt":"2026-02-27T00:07:14","guid":{"rendered":"https:\/\/nordicmart.andreevmaster.com\/product\/vasagle-peilikaappi-valkoinen\/"},"modified":"2026-02-27T09:31:33","modified_gmt":"2026-02-27T09:31:33","slug":"vasagle-peilikaappi-valkoinen","status":"publish","type":"product","link":"https:\/\/nordicmart.andreevmaster.com\/fi\/tuote\/vasagle-peilikaappi-valkoinen\/","title":{"rendered":"VASAGLE peilikaappi, valkoinen"},"content":{"rendered":"<p>Onko huoneesi hyvin pieni? \u00c4l\u00e4 huoli. Ripusta t\u00e4m\u00e4 kaappi sein\u00e4lle ja luo lis\u00e4\u00e4 s\u00e4ilytystilaa kotiisi. Sinun ei siis tarvitse muuttaa isompaan asuntoon! T\u00e4m\u00e4 peilikaappi tuo my\u00f6s koristeellisen lis\u00e4n seinillesi. Vain kylpyhuoneeseesi? Ei v\u00e4ltt\u00e4m\u00e4tt\u00e4! On totta, ett\u00e4 t\u00e4m\u00e4 huonekalu sopii t\u00e4ydellisesti kylpyhuoneen pesualtaan yl\u00e4puolelle. Voit kuitenkin ripustaa sen my\u00f6s wc:n yl\u00e4puolelle wc-paperin s\u00e4ilytt\u00e4mist\u00e4 varten. Tai k\u00e4yt\u00e4 t\u00e4t\u00e4 kaappia eteisess\u00e4 avainten ja lompakoiden s\u00e4ilytt\u00e4miseen k\u00e4den ulottuvilla. Tuotetiedot: &#8211; V\u00e4ri: Valkoinen &#8211; Materiaali: lastulevy, lasi &#8211; Koko: 54 x 15 x 55 cm (P x L x K) &#8211; Paino: 10,1 kg &#8211; Maks. staattinen kokonaiskuormitus: 20 kg Toimitus sis\u00e4lt\u00e4\u00e4: &#8211; 1 x kylpyhuonekaappi &#8211; 1 x lis\u00e4varustepaketti &#8211; 1 x ohjeet (DE, EN, FR, ES, IT) VASAGLE Huomautukset:- Poista suojakalvo peilin pinnalta ennen k\u00e4ytt\u00f6\u00e4. &#8211; Turvallisuussyist\u00e4 lapset eiv\u00e4t saa kiivet\u00e4 tuotteen p\u00e4\u00e4lle tai leikki\u00e4 sill\u00e4. &#8211; Tuotteen suurin staattinen kantavuus on 20 kg. \u00c4l\u00e4 ylit\u00e4 t\u00e4t\u00e4 enimm\u00e4ispainoa. &#8211; Pyyhi nesteet pinnalta v\u00e4litt\u00f6m\u00e4sti kuivalla liinalla.<\/p>\n","protected":false},"excerpt":{"rendered":"<p>VASAGLE peilikaappi, kylpyhuonekaappi, kylpyhuonekaappi, sein\u00e4kaappi kylpyhuoneeseen, korkeuss\u00e4\u00e4dett\u00e4v\u00e4t hyllytasot, kaksipuoliset ovet, moderni, valkoinen BBK120W01<\/p>\n","protected":false},"featured_media":39012,"comment_status":"open","ping_status":"closed","template":"","meta":[],"product_brand":[],"product_cat":[32],"product_tag":[],"class_list":{"0":"post-29569","1":"product","2":"type-product","3":"status-publish","4":"has-post-thumbnail","6":"product_cat-uncategorized-fi","8":"first","9":"instock","10":"shipping-taxable","11":"purchasable","12":"product-type-simple"},"_links":{"self":[{"href":"https:\/\/nordicmart.andreevmaster.com\/fi\/wp-json\/wp\/v2\/product\/29569","targetHints":{"allow":["GET"]}}],"collection":[{"href":"https:\/\/nordicmart.andreevmaster.com\/fi\/wp-json\/wp\/v2\/product"}],"about":[{"href":"https:\/\/nordicmart.andreevmaster.com\/fi\/wp-json\/wp\/v2\/types\/product"}],"replies":[{"embeddable":true,"href":"https:\/\/nordicmart.andreevmaster.com\/fi\/wp-json\/wp\/v2\/comments?post=29569"}],"wp:featuredmedia":[{"embeddable":true,"href":"https:\/\/nordicmart.andreevmaster.com\/fi\/wp-json\/wp\/v2\/media\/39012"}],"wp:attachment":[{"href":"https:\/\/nordicmart.andreevmaster.com\/fi\/wp-json\/wp\/v2\/media?parent=29569"}],"wp:term":[{"taxonomy":"product_brand","embeddable":true,"href":"https:\/\/nordicmart.andreevmaster.com\/fi\/wp-json\/wp\/v2\/product_brand?post=29569"},{"taxonomy":"product_cat","embeddable":true,"href":"https:\/\/nordicmart.andreevmaster.com\/fi\/wp-json\/wp\/v2\/product_cat?post=29569"},{"taxonomy":"product_tag","embeddable":true,"href":"https:\/\/nordicmart.andreevmaster.com\/fi\/wp-json\/wp\/v2\/product_tag?post=29569"}],"curies":[{"name":"wp","href":"https:\/\/api.w.org\/{rel}","templated":true}]}}