{"id":29568,"date":"2026-02-27T00:07:14","date_gmt":"2026-02-27T00:07:14","guid":{"rendered":"https:\/\/nordicmart.andreevmaster.com\/product\/vasagle-pesuallaskaappi-jaloilla\/"},"modified":"2026-02-27T09:31:33","modified_gmt":"2026-02-27T09:31:33","slug":"vasagle-pesuallaskaappi-jaloilla","status":"publish","type":"product","link":"https:\/\/nordicmart.andreevmaster.com\/fi\/tuote\/vasagle-pesuallaskaappi-jaloilla\/","title":{"rendered":"VASAGLE pesuallaskaappi jaloilla"},"content":{"rendered":"<p>Tuotetiedot: &#8211; V\u00e4ri: valkoinen &#8211; Materiaali: MDF (keskitihe\u00e4 kuitulevy), puuhakekuitulevy &#8211; Koko: 60 x 30 x 63 cm (P x L x K) &#8211; Pesualtaan aukon mitat: 20 x 15 cm (P x L) &#8211; Paino: 13,5 kg &#8211; Maks. staattinen kantavuus: 60 kg  Toimitus sis\u00e4lt\u00e4\u00e4: &#8211; 1 x pesuallaskaappi &#8211; 2 x kaatumissuoja &#8211; 1 x lis\u00e4varustepaketti &#8211; 1 x ohjeet VASAGLE Huomautukset: &#8211; Turvallisuussyist\u00e4 lapset eiv\u00e4t saa kiivet\u00e4 tuotteen p\u00e4\u00e4lle tai leikki\u00e4 sill\u00e4.- Tuotteen suurin staattinen kantavuus on 60 kg. \u00c4l\u00e4 ylit\u00e4 t\u00e4t\u00e4 enimm\u00e4ispainoa. &#8211; Kiinnit\u00e4 t\u00e4m\u00e4 tuote sein\u00e4\u00e4n mukana toimitetulla kaatumissuojalla turvallisen k\u00e4yt\u00f6n varmistamiseksi. &#8211; Pyyhi nesteet pinnalta v\u00e4litt\u00f6m\u00e4sti kuivalla liinalla.<\/p>\n","protected":false},"excerpt":{"rendered":"<p>VASAGLE pesuallaskaappi, kylpyhuonekaappi kiilt\u00e4v\u00e4ll\u00e4 pinnalla, kaksioinen kylpyhuonekaappi, s\u00e4\u00e4dett\u00e4v\u00e4 hylly, pehme\u00e4sti sulkeutuvat saranat, kylpyhuoneeseen, 60 x 30 x 63 cm, valkoinen BBK112W01<\/p>\n","protected":false},"featured_media":39011,"comment_status":"open","ping_status":"closed","template":"","meta":[],"product_brand":[],"product_cat":[32],"product_tag":[],"class_list":{"0":"post-29568","1":"product","2":"type-product","3":"status-publish","4":"has-post-thumbnail","6":"product_cat-uncategorized-fi","8":"first","9":"instock","10":"shipping-taxable","11":"purchasable","12":"product-type-simple"},"_links":{"self":[{"href":"https:\/\/nordicmart.andreevmaster.com\/fi\/wp-json\/wp\/v2\/product\/29568","targetHints":{"allow":["GET"]}}],"collection":[{"href":"https:\/\/nordicmart.andreevmaster.com\/fi\/wp-json\/wp\/v2\/product"}],"about":[{"href":"https:\/\/nordicmart.andreevmaster.com\/fi\/wp-json\/wp\/v2\/types\/product"}],"replies":[{"embeddable":true,"href":"https:\/\/nordicmart.andreevmaster.com\/fi\/wp-json\/wp\/v2\/comments?post=29568"}],"wp:featuredmedia":[{"embeddable":true,"href":"https:\/\/nordicmart.andreevmaster.com\/fi\/wp-json\/wp\/v2\/media\/39011"}],"wp:attachment":[{"href":"https:\/\/nordicmart.andreevmaster.com\/fi\/wp-json\/wp\/v2\/media?parent=29568"}],"wp:term":[{"taxonomy":"product_brand","embeddable":true,"href":"https:\/\/nordicmart.andreevmaster.com\/fi\/wp-json\/wp\/v2\/product_brand?post=29568"},{"taxonomy":"product_cat","embeddable":true,"href":"https:\/\/nordicmart.andreevmaster.com\/fi\/wp-json\/wp\/v2\/product_cat?post=29568"},{"taxonomy":"product_tag","embeddable":true,"href":"https:\/\/nordicmart.andreevmaster.com\/fi\/wp-json\/wp\/v2\/product_tag?post=29568"}],"curies":[{"name":"wp","href":"https:\/\/api.w.org\/{rel}","templated":true}]}}