{"id":29566,"date":"2026-02-27T00:07:14","date_gmt":"2026-02-27T00:07:14","guid":{"rendered":"https:\/\/nordicmart.andreevmaster.com\/product\/vasagle-pesuallaskaappi-valkoinen\/"},"modified":"2026-02-27T09:31:32","modified_gmt":"2026-02-27T09:31:32","slug":"vasagle-pesuallaskaappi-valkoinen","status":"publish","type":"product","link":"https:\/\/nordicmart.andreevmaster.com\/fi\/tuote\/vasagle-pesuallaskaappi-valkoinen\/","title":{"rendered":"VASAGLE pesuallaskaappi, valkoinen"},"content":{"rendered":"<p>VASAGLE-suunnittelijoiden rakkaudella yksityiskohtiin suunniteltu pesuallaskaappi luo valoisan, raikkaan ja korkealaatuisen kylpyhuoneen, jossa voit tuntea olosi t\u00e4ysin mukavaksi. T\u00e4yt\u00e4 tarpeesi Onko kylpyammeen pullo liian korkea? Onko wc-paperipakkaus liian leve\u00e4? Nyt sinun ei en\u00e4\u00e4 tarvitse sijoittaa n\u00e4it\u00e4 esineit\u00e4 kylpyhuoneesi nurkkaan, sill\u00e4 t\u00e4ss\u00e4 monipuolisessa alakaapissa on korkeuss\u00e4\u00e4dett\u00e4v\u00e4 hylly. Aivan kuten haluat Kuuma vesi virtaa kylpyammeeseen, sin\u00e4 rentoudut ja ajatuksesi rauhoittuvat. Mutta kun nouset ammeesta ja haluat ottaa pyyhkeen kaapista, se heiluu voimakkaasti ja rentoutunut mieliala katoaa. Vankkojen jalkojen ja kaatumisenestokiskojen ansiosta t\u00e4m\u00e4 kylpyhuonekaappi s\u00e4ilytt\u00e4\u00e4 sis\u00e4isen rauhasi. Anna kylpyhuoneellesi sen ansaitsema merkitys VASAGLE-kylpyhuonekalusteilla! Tuotetiedot: &#8211; V\u00e4ri: valkoinen &#8211; Materiaali: MDF (ovet), lastulevy (runko), metallikahvat &#8211; Kokonaismitat: 60 x 30 x 63 cm (P x L x K) &#8211; Siphonin aukon koko: 20 x 15 cm (P x L) &#8211; Paino: 13,9 kg &#8211; Maks. staattinen kokonaiskuormitus: 10 kgToimitus sis\u00e4lt\u00e4\u00e4:- 1 x kaksioinen pesuallaskaappi- 1 x lis\u00e4varustepaketti- 1 x kaatumissuoja- 1 x ohjeet (DE, EN, FR, ES, IT)VASAGLE-huomautukset:- Huomaa, ett\u00e4 U-putken aukon koko on 20 x 15 cm (P x L). Mittaa pesuallas huolellisesti ennen t\u00e4m\u00e4n tuotteen ostamista. &#8211; \u00c4l\u00e4 altista tuotetta suurelle m\u00e4\u00e4r\u00e4lle vett\u00e4. &#8211; Kiinnit\u00e4 t\u00e4m\u00e4 tuote sein\u00e4\u00e4n mukana toimitetulla kaatumissuojalla turvallisen k\u00e4yt\u00f6n varmistamiseksi.<\/p>\n","protected":false},"excerpt":{"rendered":"<p>VASAGLE pesuallaskaappi, kylpyhuonekaappi kaksoisovilla, kylpyhuonekaappi s\u00e4\u00e4dett\u00e4v\u00e4ll\u00e4 hyllyll\u00e4, alakaappi jaloilla, kylpyhuoneeseen, 60 x 30 x 63 cm, valkoinen BBK110W01<\/p>\n","protected":false},"featured_media":39009,"comment_status":"open","ping_status":"closed","template":"","meta":[],"product_brand":[],"product_cat":[32],"product_tag":[],"class_list":{"0":"post-29566","1":"product","2":"type-product","3":"status-publish","4":"has-post-thumbnail","6":"product_cat-uncategorized-fi","8":"first","9":"instock","10":"shipping-taxable","11":"purchasable","12":"product-type-simple"},"_links":{"self":[{"href":"https:\/\/nordicmart.andreevmaster.com\/fi\/wp-json\/wp\/v2\/product\/29566","targetHints":{"allow":["GET"]}}],"collection":[{"href":"https:\/\/nordicmart.andreevmaster.com\/fi\/wp-json\/wp\/v2\/product"}],"about":[{"href":"https:\/\/nordicmart.andreevmaster.com\/fi\/wp-json\/wp\/v2\/types\/product"}],"replies":[{"embeddable":true,"href":"https:\/\/nordicmart.andreevmaster.com\/fi\/wp-json\/wp\/v2\/comments?post=29566"}],"wp:featuredmedia":[{"embeddable":true,"href":"https:\/\/nordicmart.andreevmaster.com\/fi\/wp-json\/wp\/v2\/media\/39009"}],"wp:attachment":[{"href":"https:\/\/nordicmart.andreevmaster.com\/fi\/wp-json\/wp\/v2\/media?parent=29566"}],"wp:term":[{"taxonomy":"product_brand","embeddable":true,"href":"https:\/\/nordicmart.andreevmaster.com\/fi\/wp-json\/wp\/v2\/product_brand?post=29566"},{"taxonomy":"product_cat","embeddable":true,"href":"https:\/\/nordicmart.andreevmaster.com\/fi\/wp-json\/wp\/v2\/product_cat?post=29566"},{"taxonomy":"product_tag","embeddable":true,"href":"https:\/\/nordicmart.andreevmaster.com\/fi\/wp-json\/wp\/v2\/product_tag?post=29566"}],"curies":[{"name":"wp","href":"https:\/\/api.w.org\/{rel}","templated":true}]}}