{"id":29565,"date":"2026-02-27T00:07:13","date_gmt":"2026-02-27T00:07:13","guid":{"rendered":"https:\/\/nordicmart.andreevmaster.com\/product\/vasagle-pesuallaskaappi-vintage-ruskea\/"},"modified":"2026-02-27T09:31:32","modified_gmt":"2026-02-27T09:31:32","slug":"vasagle-pesuallaskaappi-vintage-ruskea","status":"publish","type":"product","link":"https:\/\/nordicmart.andreevmaster.com\/fi\/tuote\/vasagle-pesuallaskaappi-vintage-ruskea\/","title":{"rendered":"VASAGLE pesuallaskaappi vintage-ruskea"},"content":{"rendered":"<p>SOS-kylpyhuonekalusteet Ovatko pyyhkeet hajallaan kylpyhuoneessa? Kompastutko jatkuvasti lattialle pudonneisiin suihkugeelipulloihin? Oletko kyll\u00e4stynyt etsim\u00e4\u00e4n hiustenkuivaajaasi? S\u00e4ilyt\u00e4 kaikki tarvikkeet siististi t\u00e4ss\u00e4 kylpyhuonekaapissa. VASAGLE helpottaa el\u00e4m\u00e4\u00e4si huomattavasti! Erinomainen laatu T\u00e4ss\u00e4 pesuallaskaapissa on 2 kaapinovea, jotka sulkeutuvat tiiviisti huolellisen valmistuksen ansiosta. Vieraat saattavat jopa kysy\u00e4, mist\u00e4 olet ostanut t\u00e4m\u00e4n kaapin, koska heill\u00e4 ei ole vastaavaa!Toimitus sis\u00e4lt\u00e4\u00e4:- 1 x pesuallaskaappi- 1 x kaatumissuoja- 1 x lis\u00e4varustepaketti- 1 x ohjeet (DE, EN, FR, ES, IT)Tuotetiedot:- V\u00e4ri: vintage-ruskea &#8211; Materiaali: lastulevy &#8211; Koko: 60 x 30 x 63 cm (P x L x K) &#8211; Siphonin aukon koko: 20 x 15 cm &#8211; Paino: 13 kg &#8211; Maks. staattinen kokonaiskuormitus: 20 kg VASAGLE-ohjeet: &#8211; Turvallisuussyist\u00e4 lapset eiv\u00e4t saa kiivet\u00e4 tuotteen p\u00e4\u00e4lle tai leikki\u00e4 sill\u00e4.- Tuotteen suurin staattinen kantavuus on 20 kg. \u00c4l\u00e4 ylit\u00e4 t\u00e4t\u00e4 enimm\u00e4ispainoa. &#8211; Kiinnit\u00e4 t\u00e4m\u00e4 tuote sein\u00e4\u00e4n mukana toimitetulla kaatumissuojalla turvallisen k\u00e4yt\u00f6n varmistamiseksi. &#8211; Pyyhi nesteet pinnalta v\u00e4litt\u00f6m\u00e4sti kuivalla liinalla.<\/p>\n","protected":false},"excerpt":{"rendered":"<p>VASAGLE pesuallaskaappi, kylpyhuonekaappi, 60 x 30 x 63 cm, kylpyhuonekaappi, s\u00e4ilytyskaappi, alakaappi 2 lamelliovella, s\u00e4\u00e4dett\u00e4v\u00e4ll\u00e4 hyllytasolla, vintage-ruskea BBK04BX<\/p>\n","protected":false},"featured_media":39008,"comment_status":"open","ping_status":"closed","template":"","meta":[],"product_brand":[],"product_cat":[32],"product_tag":[],"class_list":{"0":"post-29565","1":"product","2":"type-product","3":"status-publish","4":"has-post-thumbnail","6":"product_cat-uncategorized-fi","8":"first","9":"instock","10":"shipping-taxable","11":"purchasable","12":"product-type-simple"},"_links":{"self":[{"href":"https:\/\/nordicmart.andreevmaster.com\/fi\/wp-json\/wp\/v2\/product\/29565","targetHints":{"allow":["GET"]}}],"collection":[{"href":"https:\/\/nordicmart.andreevmaster.com\/fi\/wp-json\/wp\/v2\/product"}],"about":[{"href":"https:\/\/nordicmart.andreevmaster.com\/fi\/wp-json\/wp\/v2\/types\/product"}],"replies":[{"embeddable":true,"href":"https:\/\/nordicmart.andreevmaster.com\/fi\/wp-json\/wp\/v2\/comments?post=29565"}],"wp:featuredmedia":[{"embeddable":true,"href":"https:\/\/nordicmart.andreevmaster.com\/fi\/wp-json\/wp\/v2\/media\/39008"}],"wp:attachment":[{"href":"https:\/\/nordicmart.andreevmaster.com\/fi\/wp-json\/wp\/v2\/media?parent=29565"}],"wp:term":[{"taxonomy":"product_brand","embeddable":true,"href":"https:\/\/nordicmart.andreevmaster.com\/fi\/wp-json\/wp\/v2\/product_brand?post=29565"},{"taxonomy":"product_cat","embeddable":true,"href":"https:\/\/nordicmart.andreevmaster.com\/fi\/wp-json\/wp\/v2\/product_cat?post=29565"},{"taxonomy":"product_tag","embeddable":true,"href":"https:\/\/nordicmart.andreevmaster.com\/fi\/wp-json\/wp\/v2\/product_tag?post=29565"}],"curies":[{"name":"wp","href":"https:\/\/api.w.org\/{rel}","templated":true}]}}