{"id":29564,"date":"2026-02-27T00:07:13","date_gmt":"2026-02-27T00:07:13","guid":{"rendered":"https:\/\/nordicmart.andreevmaster.com\/product\/vasagle-senkki-lasilevylla-ja-liukuovella\/"},"modified":"2026-02-27T09:31:32","modified_gmt":"2026-02-27T09:31:32","slug":"vasagle-senkki-lasilevylla-ja-liukuovella","status":"publish","type":"product","link":"https:\/\/nordicmart.andreevmaster.com\/fi\/tuote\/vasagle-senkki-lasilevylla-ja-liukuovella\/","title":{"rendered":"VASAGLE-senkki lasilevyll\u00e4 ja liukuovella"},"content":{"rendered":"<p>T\u00e4m\u00e4n sivup\u00f6yd\u00e4n kohokohdat yhdell\u00e4 silm\u00e4yksell\u00e4: &#8211; Rustikaalinen kaapin pinta: hienostunut n\u00e4ytt\u00e4m\u00f6, jolla voit esitt\u00e4\u00e4 valokuvia, koriste-esineit\u00e4, matkamuistoja ja monia muita sinulle t\u00e4rkeit\u00e4 esineit\u00e4. &#8211; K\u00e4tev\u00e4t avoimet hyllyt: aseta kaikki tarvikkeet, jotka haluat pit\u00e4\u00e4 k\u00e4den ulottuvilla, avoimille hyllyille, jotta ne ovat helposti saatavilla. &#8211; Tyylik\u00e4s lamelliluukku: kaapin luukun takana on 2 s\u00e4\u00e4dett\u00e4v\u00e4\u00e4 hyllytasoa, joille voit sijoittaa pieni\u00e4 ja suuria esineit\u00e4. &#8211; Sopii jokaiseen huoneeseen: olohuone, makuuhuone, eteinen, ruokailuhuone, keitti\u00f6 \u2013 miss\u00e4 tahansa, t\u00e4m\u00e4 vintage-tyylinen kaappi hurmaa eleganssillaan ja tyylill\u00e4\u00e4n.  Tuotetiedot: &#8211; V\u00e4ri: vintage-ruskea &#8211; Materiaali: lastulevy &#8211; Koko: 60 x 30 x 82,5 cm (P x L x K) &#8211; Paino: 14,5 kg &#8211; Maks. staattinen kantavuus: 20 kg Toimitus sis\u00e4lt\u00e4\u00e4: &#8211; 1 x kylpyhuonekaappi &#8211; 1 x lis\u00e4varustepaketti &#8211; 1 x kaatumissuoja &#8211; 1 x ohjeet VASAGLE Huomautukset:- Turvallisuussyist\u00e4 lapset eiv\u00e4t saa kiivet\u00e4 tuotteelle tai leikki\u00e4 sill\u00e4. &#8211; Tuotteen suurin staattinen kantavuus on 20 kg. \u00c4l\u00e4 ylit\u00e4 t\u00e4t\u00e4 enimm\u00e4ispainoa. &#8211; Kiinnit\u00e4 t\u00e4m\u00e4 tuote sein\u00e4\u00e4n mukana toimitetulla kaatumissuojalla turvallisen k\u00e4yt\u00f6n varmistamiseksi. &#8211; Pyyhi nesteet pinnalta v\u00e4litt\u00f6m\u00e4sti kuivalla liinalla.<\/p>\n","protected":false},"excerpt":{"rendered":"<p>VASAGLE kylpyhuonekaappi, kylpyhuonekaappi, senkki, keitti\u00f6kaappi, 3 avointa lokeroa, 2 s\u00e4\u00e4dett\u00e4v\u00e4\u00e4 hylly\u00e4 oven takana, eteiseen, olohuoneeseen, kylpyhuoneeseen, keitti\u00f6\u00f6n, vintage-ruskea BBK046X01<\/p>\n","protected":false},"featured_media":39007,"comment_status":"open","ping_status":"closed","template":"","meta":[],"product_brand":[],"product_cat":[32],"product_tag":[],"class_list":{"0":"post-29564","1":"product","2":"type-product","3":"status-publish","4":"has-post-thumbnail","6":"product_cat-uncategorized-fi","8":"first","9":"instock","10":"shipping-taxable","11":"purchasable","12":"product-type-simple"},"_links":{"self":[{"href":"https:\/\/nordicmart.andreevmaster.com\/fi\/wp-json\/wp\/v2\/product\/29564","targetHints":{"allow":["GET"]}}],"collection":[{"href":"https:\/\/nordicmart.andreevmaster.com\/fi\/wp-json\/wp\/v2\/product"}],"about":[{"href":"https:\/\/nordicmart.andreevmaster.com\/fi\/wp-json\/wp\/v2\/types\/product"}],"replies":[{"embeddable":true,"href":"https:\/\/nordicmart.andreevmaster.com\/fi\/wp-json\/wp\/v2\/comments?post=29564"}],"wp:featuredmedia":[{"embeddable":true,"href":"https:\/\/nordicmart.andreevmaster.com\/fi\/wp-json\/wp\/v2\/media\/39007"}],"wp:attachment":[{"href":"https:\/\/nordicmart.andreevmaster.com\/fi\/wp-json\/wp\/v2\/media?parent=29564"}],"wp:term":[{"taxonomy":"product_brand","embeddable":true,"href":"https:\/\/nordicmart.andreevmaster.com\/fi\/wp-json\/wp\/v2\/product_brand?post=29564"},{"taxonomy":"product_cat","embeddable":true,"href":"https:\/\/nordicmart.andreevmaster.com\/fi\/wp-json\/wp\/v2\/product_cat?post=29564"},{"taxonomy":"product_tag","embeddable":true,"href":"https:\/\/nordicmart.andreevmaster.com\/fi\/wp-json\/wp\/v2\/product_tag?post=29564"}],"curies":[{"name":"wp","href":"https:\/\/api.w.org\/{rel}","templated":true}]}}